{"id":9235,"date":"2024-09-08T09:46:02","date_gmt":"2024-09-08T06:46:02","guid":{"rendered":"https:\/\/selesta.com.tr\/?post_type=product&#038;p=9235"},"modified":"2025-01-06T14:55:55","modified_gmt":"2025-01-06T11:55:55","slug":"curl-defining-shampoo","status":"publish","type":"product","link":"https:\/\/www.selesta.com.tr\/en\/product\/curl-defining-shampoo\/","title":{"rendered":"Curl Defining Shampoo"},"content":{"rendered":"<p><span data-sheets-root=\"1\">Our curl defining shampoo, enriched with Shea Butter, Tiare Flower, Aloe Vera, Sage, Pro Vitamin B5, and a complex of vitamins and herbal extracts, provides intense moisture to enhance the definition of your curls. It deeply nourishes your hair and helps protect it from external factors, giving your hair a healthy appearance and shine.<\/span><\/p>\n","protected":false},"excerpt":{"rendered":"<p><span data-sheets-root=\"1\">Our curl defining shampoo, enriched with Shea Butter, Tiare Flower, Aloe Vera, Sage, Pro Vitamin B5, and a complex of vitamins and herbal extracts, provides intense moisture to enhance the definition of your curls. It deeply nourishes your hair and helps protect it from external factors, giving your hair a healthy appearance and shine.<\/span><\/p>\n","protected":false},"featured_media":12488,"comment_status":"open","ping_status":"closed","template":"","meta":[],"product_cat":[276,274,296,278],"product_tag":[],"class_list":{"0":"post-9235","1":"product","2":"type-product","3":"status-publish","4":"has-post-thumbnail","6":"product_cat-by-product","7":"product_cat-hair-care","8":"product_cat-shampoos","9":"product_cat-wavy-and-curly-hair","10":"pa_hair-type-wavy-and-curly-hair-en","11":"pa_product-type-shampoos-en","12":"pa_requirement-curl-definer-en","14":"first","15":"instock","16":"featured","17":"shipping-taxable","18":"purchasable","19":"product-type-simple"},"yoast_head":"<!-- This site is optimized with the Yoast SEO plugin v27.2 - https:\/\/yoast.com\/product\/yoast-seo-wordpress\/ -->\n<title>Curl Defining Shampoo | Selesta<\/title>\n<meta name=\"description\" content=\"Enhance your curls with a specially formulated shampoo for defined, soft, and manageable waves.\" \/>\n<meta name=\"robots\" content=\"index, follow, max-snippet:-1, max-image-preview:large, max-video-preview:-1\" \/>\n<link rel=\"canonical\" href=\"https:\/\/www.selesta.com.tr\/en\/product\/curl-defining-shampoo\" \/>\n<meta property=\"og:locale\" content=\"en_US\" \/>\n<meta property=\"og:type\" content=\"article\" \/>\n<meta property=\"og:title\" content=\"Curl Defining Shampoo | Selesta\" \/>\n<meta property=\"og:description\" content=\"Enhance your curls with a specially formulated shampoo for defined, soft, and manageable waves.\" \/>\n<meta property=\"og:url\" content=\"https:\/\/www.selesta.com.tr\/en\/product\/curl-defining-shampoo\" \/>\n<meta property=\"og:site_name\" content=\"Selesta: G\u00fczelli\u011fin Do\u011fal Yolculu\u011fu\" \/>\n<meta property=\"article:modified_time\" content=\"2025-01-06T11:55:55+00:00\" \/>\n<meta property=\"og:image\" content=\"https:\/\/www.selesta.com.tr\/wp-content\/uploads\/2024\/09\/Bukle_Belirginlestirici_Sampuan.webp\" \/>\n\t<meta property=\"og:image:width\" content=\"1600\" \/>\n\t<meta property=\"og:image:height\" content=\"1600\" \/>\n\t<meta property=\"og:image:type\" content=\"image\/webp\" \/>\n<meta name=\"twitter:card\" content=\"summary_large_image\" \/>\n<meta name=\"twitter:label1\" content=\"Est. reading time\" \/>\n\t<meta name=\"twitter:data1\" content=\"1 minute\" \/>\n<script type=\"application\/ld+json\" class=\"yoast-schema-graph\">{\"@context\":\"https:\/\/schema.org\",\"@graph\":[{\"@type\":[\"WebPage\",\"ItemPage\"],\"@id\":\"https:\/\/www.selesta.com.tr\/en\/product\/curl-defining-shampoo\/\",\"url\":\"https:\/\/www.selesta.com.tr\/en\/product\/curl-defining-shampoo\/\",\"name\":\"Curl Defining Shampoo | Selesta\",\"isPartOf\":{\"@id\":\"https:\/\/www.selesta.com.tr\/en\/#website\"},\"primaryImageOfPage\":{\"@id\":\"https:\/\/www.selesta.com.tr\/en\/product\/curl-defining-shampoo\/#primaryimage\"},\"image\":{\"@id\":\"https:\/\/www.selesta.com.tr\/en\/product\/curl-defining-shampoo\/#primaryimage\"},\"thumbnailUrl\":\"https:\/\/www.selesta.com.tr\/wp-content\/uploads\/2024\/09\/Bukle_Belirginlestirici_Sampuan.webp\",\"datePublished\":\"2024-09-08T06:46:02+00:00\",\"dateModified\":\"2025-01-06T11:55:55+00:00\",\"description\":\"Enhance your curls with a specially formulated shampoo for defined, soft, and manageable waves.\",\"breadcrumb\":{\"@id\":\"https:\/\/www.selesta.com.tr\/en\/product\/curl-defining-shampoo\/#breadcrumb\"},\"inLanguage\":\"en-US\",\"potentialAction\":[{\"@type\":\"ReadAction\",\"target\":[\"https:\/\/www.selesta.com.tr\/en\/product\/curl-defining-shampoo\/\"]}]},{\"@type\":\"ImageObject\",\"inLanguage\":\"en-US\",\"@id\":\"https:\/\/www.selesta.com.tr\/en\/product\/curl-defining-shampoo\/#primaryimage\",\"url\":\"https:\/\/www.selesta.com.tr\/wp-content\/uploads\/2024\/09\/Bukle_Belirginlestirici_Sampuan.webp\",\"contentUrl\":\"https:\/\/www.selesta.com.tr\/wp-content\/uploads\/2024\/09\/Bukle_Belirginlestirici_Sampuan.webp\",\"width\":1600,\"height\":1600},{\"@type\":\"BreadcrumbList\",\"@id\":\"https:\/\/www.selesta.com.tr\/en\/product\/curl-defining-shampoo\/#breadcrumb\",\"itemListElement\":[{\"@type\":\"ListItem\",\"position\":1,\"name\":\"Anasayfa\",\"item\":\"https:\/\/www.selesta.com.tr\/en\/\"},{\"@type\":\"ListItem\",\"position\":2,\"name\":\"All Products\",\"item\":\"https:\/\/www.selesta.com.tr\/en\/all-products\/\"},{\"@type\":\"ListItem\",\"position\":3,\"name\":\"Curl Defining Shampoo\"}]},{\"@type\":\"WebSite\",\"@id\":\"https:\/\/www.selesta.com.tr\/en\/#website\",\"url\":\"https:\/\/www.selesta.com.tr\/en\/\",\"name\":\"Selesta: G\u00fczelli\u011fin Do\u011fal Yolculu\u011fu\",\"description\":\"\",\"publisher\":{\"@id\":\"https:\/\/www.selesta.com.tr\/en\/#organization\"},\"potentialAction\":[{\"@type\":\"SearchAction\",\"target\":{\"@type\":\"EntryPoint\",\"urlTemplate\":\"https:\/\/www.selesta.com.tr\/en\/?s={search_term_string}\"},\"query-input\":{\"@type\":\"PropertyValueSpecification\",\"valueRequired\":true,\"valueName\":\"search_term_string\"}}],\"inLanguage\":\"en-US\"},{\"@type\":\"Organization\",\"@id\":\"https:\/\/www.selesta.com.tr\/en\/#organization\",\"name\":\"Selesta: G\u00fczelli\u011fin Do\u011fal Yolculu\u011fu\",\"url\":\"https:\/\/www.selesta.com.tr\/en\/\",\"logo\":{\"@type\":\"ImageObject\",\"inLanguage\":\"en-US\",\"@id\":\"https:\/\/www.selesta.com.tr\/en\/#\/schema\/logo\/image\/\",\"url\":\"https:\/\/www.selesta.com.tr\/wp-content\/uploads\/2024\/09\/Adsiz-tasarim-29.png\",\"contentUrl\":\"https:\/\/www.selesta.com.tr\/wp-content\/uploads\/2024\/09\/Adsiz-tasarim-29.png\",\"width\":300,\"height\":200,\"caption\":\"Selesta: G\u00fczelli\u011fin Do\u011fal Yolculu\u011fu\"},\"image\":{\"@id\":\"https:\/\/www.selesta.com.tr\/en\/#\/schema\/logo\/image\/\"}}]}<\/script>\n<!-- \/ Yoast SEO plugin. -->","yoast_head_json":{"title":"Curl Defining Shampoo | Selesta","description":"Enhance your curls with a specially formulated shampoo for defined, soft, and manageable waves.","robots":{"index":"index","follow":"follow","max-snippet":"max-snippet:-1","max-image-preview":"max-image-preview:large","max-video-preview":"max-video-preview:-1"},"canonical":"https:\/\/www.selesta.com.tr\/en\/product\/curl-defining-shampoo","og_locale":"en_US","og_type":"article","og_title":"Curl Defining Shampoo | Selesta","og_description":"Enhance your curls with a specially formulated shampoo for defined, soft, and manageable waves.","og_url":"https:\/\/www.selesta.com.tr\/en\/product\/curl-defining-shampoo","og_site_name":"Selesta: G\u00fczelli\u011fin Do\u011fal Yolculu\u011fu","article_modified_time":"2025-01-06T11:55:55+00:00","og_image":[{"width":1600,"height":1600,"url":"https:\/\/www.selesta.com.tr\/wp-content\/uploads\/2024\/09\/Bukle_Belirginlestirici_Sampuan.webp","type":"image\/webp"}],"twitter_card":"summary_large_image","twitter_misc":{"Est. reading time":"1 minute"},"schema":{"@context":"https:\/\/schema.org","@graph":[{"@type":["WebPage","ItemPage"],"@id":"https:\/\/www.selesta.com.tr\/en\/product\/curl-defining-shampoo\/","url":"https:\/\/www.selesta.com.tr\/en\/product\/curl-defining-shampoo\/","name":"Curl Defining Shampoo | Selesta","isPartOf":{"@id":"https:\/\/www.selesta.com.tr\/en\/#website"},"primaryImageOfPage":{"@id":"https:\/\/www.selesta.com.tr\/en\/product\/curl-defining-shampoo\/#primaryimage"},"image":{"@id":"https:\/\/www.selesta.com.tr\/en\/product\/curl-defining-shampoo\/#primaryimage"},"thumbnailUrl":"https:\/\/www.selesta.com.tr\/wp-content\/uploads\/2024\/09\/Bukle_Belirginlestirici_Sampuan.webp","datePublished":"2024-09-08T06:46:02+00:00","dateModified":"2025-01-06T11:55:55+00:00","description":"Enhance your curls with a specially formulated shampoo for defined, soft, and manageable waves.","breadcrumb":{"@id":"https:\/\/www.selesta.com.tr\/en\/product\/curl-defining-shampoo\/#breadcrumb"},"inLanguage":"en-US","potentialAction":[{"@type":"ReadAction","target":["https:\/\/www.selesta.com.tr\/en\/product\/curl-defining-shampoo\/"]}]},{"@type":"ImageObject","inLanguage":"en-US","@id":"https:\/\/www.selesta.com.tr\/en\/product\/curl-defining-shampoo\/#primaryimage","url":"https:\/\/www.selesta.com.tr\/wp-content\/uploads\/2024\/09\/Bukle_Belirginlestirici_Sampuan.webp","contentUrl":"https:\/\/www.selesta.com.tr\/wp-content\/uploads\/2024\/09\/Bukle_Belirginlestirici_Sampuan.webp","width":1600,"height":1600},{"@type":"BreadcrumbList","@id":"https:\/\/www.selesta.com.tr\/en\/product\/curl-defining-shampoo\/#breadcrumb","itemListElement":[{"@type":"ListItem","position":1,"name":"Anasayfa","item":"https:\/\/www.selesta.com.tr\/en\/"},{"@type":"ListItem","position":2,"name":"All Products","item":"https:\/\/www.selesta.com.tr\/en\/all-products\/"},{"@type":"ListItem","position":3,"name":"Curl Defining Shampoo"}]},{"@type":"WebSite","@id":"https:\/\/www.selesta.com.tr\/en\/#website","url":"https:\/\/www.selesta.com.tr\/en\/","name":"Selesta: G\u00fczelli\u011fin Do\u011fal Yolculu\u011fu","description":"","publisher":{"@id":"https:\/\/www.selesta.com.tr\/en\/#organization"},"potentialAction":[{"@type":"SearchAction","target":{"@type":"EntryPoint","urlTemplate":"https:\/\/www.selesta.com.tr\/en\/?s={search_term_string}"},"query-input":{"@type":"PropertyValueSpecification","valueRequired":true,"valueName":"search_term_string"}}],"inLanguage":"en-US"},{"@type":"Organization","@id":"https:\/\/www.selesta.com.tr\/en\/#organization","name":"Selesta: G\u00fczelli\u011fin Do\u011fal Yolculu\u011fu","url":"https:\/\/www.selesta.com.tr\/en\/","logo":{"@type":"ImageObject","inLanguage":"en-US","@id":"https:\/\/www.selesta.com.tr\/en\/#\/schema\/logo\/image\/","url":"https:\/\/www.selesta.com.tr\/wp-content\/uploads\/2024\/09\/Adsiz-tasarim-29.png","contentUrl":"https:\/\/www.selesta.com.tr\/wp-content\/uploads\/2024\/09\/Adsiz-tasarim-29.png","width":300,"height":200,"caption":"Selesta: G\u00fczelli\u011fin Do\u011fal Yolculu\u011fu"},"image":{"@id":"https:\/\/www.selesta.com.tr\/en\/#\/schema\/logo\/image\/"}}]}},"_links":{"self":[{"href":"https:\/\/www.selesta.com.tr\/en\/wp-json\/wp\/v2\/product\/9235","targetHints":{"allow":["GET"]}}],"collection":[{"href":"https:\/\/www.selesta.com.tr\/en\/wp-json\/wp\/v2\/product"}],"about":[{"href":"https:\/\/www.selesta.com.tr\/en\/wp-json\/wp\/v2\/types\/product"}],"replies":[{"embeddable":true,"href":"https:\/\/www.selesta.com.tr\/en\/wp-json\/wp\/v2\/comments?post=9235"}],"wp:featuredmedia":[{"embeddable":true,"href":"https:\/\/www.selesta.com.tr\/en\/wp-json\/wp\/v2\/media\/12488"}],"wp:attachment":[{"href":"https:\/\/www.selesta.com.tr\/en\/wp-json\/wp\/v2\/media?parent=9235"}],"wp:term":[{"taxonomy":"product_cat","embeddable":true,"href":"https:\/\/www.selesta.com.tr\/en\/wp-json\/wp\/v2\/product_cat?post=9235"},{"taxonomy":"product_tag","embeddable":true,"href":"https:\/\/www.selesta.com.tr\/en\/wp-json\/wp\/v2\/product_tag?post=9235"}],"curies":[{"name":"wp","href":"https:\/\/api.w.org\/{rel}","templated":true}]}}