{"id":9200,"date":"2024-09-08T09:46:02","date_gmt":"2024-09-08T06:46:02","guid":{"rendered":"https:\/\/selesta.com.tr\/?post_type=product&#038;p=9200"},"modified":"2025-01-06T14:55:53","modified_gmt":"2025-01-06T11:55:53","slug":"anti-hair-loss-tonic-spray","status":"publish","type":"product","link":"https:\/\/www.selesta.com.tr\/en\/product\/anti-hair-loss-tonic-spray\/","title":{"rendered":"Anti Hair Loss Tonic Spray"},"content":{"rendered":"<p><span data-sheets-root=\"1\">Our anti hair loss tonic spray, enriched with nettle, ginseng, Pro Vitamin B5, vitamins, and a complex of herbal extracts, nourishes the scalp to help reduce hair loss and strengthens hair roots. It revitalizes your hair and gives it a healthy appearance.<\/span><\/p>\n","protected":false},"excerpt":{"rendered":"<p><span data-sheets-root=\"1\">Our anti hair loss tonic spray, enriched with nettle, ginseng, Pro Vitamin B5, vitamins, and a complex of herbal extracts, nourishes the scalp to help reduce hair loss and strengthens hair roots. It revitalizes your hair and gives it a healthy appearance.<\/span><\/p>\n","protected":false},"featured_media":11252,"comment_status":"open","ping_status":"closed","template":"","meta":[],"product_cat":[276,274,292,300],"product_tag":[],"class_list":{"0":"post-9200","1":"product","2":"type-product","3":"status-publish","4":"has-post-thumbnail","6":"product_cat-by-product","7":"product_cat-hair-care","8":"product_cat-hair-tonic-sprays","9":"product_cat-weak-and-falling-hair","10":"pa_hair-type-thin-hair-en","11":"pa_hair-type-weak-and-falling-hair-en","12":"pa_product-type-hair-tonic-sprays-en","13":"pa_requirement-daily-care-en","14":"pa_requirement-hair-loss-en","15":"pa_requirement-nourishing-en","17":"first","18":"instock","19":"featured","20":"shipping-taxable","21":"purchasable","22":"product-type-simple"},"yoast_head":"<!-- This site is optimized with the Yoast SEO plugin v27.2 - https:\/\/yoast.com\/product\/yoast-seo-wordpress\/ -->\n<title>Anti Hair Loss Tonic Spray | Selesta<\/title>\n<meta name=\"description\" content=\"Reduce hair loss and promote scalp health with an effective anti-hair fall tonic.\" \/>\n<meta name=\"robots\" content=\"index, follow, max-snippet:-1, max-image-preview:large, max-video-preview:-1\" \/>\n<link rel=\"canonical\" href=\"https:\/\/www.selesta.com.tr\/en\/product\/anti-hair-loss-tonic-spray\" \/>\n<meta property=\"og:locale\" content=\"en_US\" \/>\n<meta property=\"og:type\" content=\"article\" \/>\n<meta property=\"og:title\" content=\"Anti Hair Loss Tonic Spray | Selesta\" \/>\n<meta property=\"og:description\" content=\"Reduce hair loss and promote scalp health with an effective anti-hair fall tonic.\" \/>\n<meta property=\"og:url\" content=\"https:\/\/www.selesta.com.tr\/en\/product\/anti-hair-loss-tonic-spray\" \/>\n<meta property=\"og:site_name\" content=\"Selesta: G\u00fczelli\u011fin Do\u011fal Yolculu\u011fu\" \/>\n<meta property=\"article:modified_time\" content=\"2025-01-06T11:55:53+00:00\" \/>\n<meta property=\"og:image\" content=\"https:\/\/www.selesta.com.tr\/wp-content\/uploads\/2024\/09\/dokulme-karsiti-sac-tonigi-2.webp\" \/>\n\t<meta property=\"og:image:width\" content=\"800\" \/>\n\t<meta property=\"og:image:height\" content=\"800\" \/>\n\t<meta property=\"og:image:type\" content=\"image\/webp\" \/>\n<meta name=\"twitter:card\" content=\"summary_large_image\" \/>\n<meta name=\"twitter:label1\" content=\"Est. reading time\" \/>\n\t<meta name=\"twitter:data1\" content=\"1 minute\" \/>\n<script type=\"application\/ld+json\" class=\"yoast-schema-graph\">{\"@context\":\"https:\/\/schema.org\",\"@graph\":[{\"@type\":[\"WebPage\",\"ItemPage\"],\"@id\":\"https:\/\/www.selesta.com.tr\/en\/product\/anti-hair-loss-tonic-spray\/\",\"url\":\"https:\/\/www.selesta.com.tr\/en\/product\/anti-hair-loss-tonic-spray\/\",\"name\":\"Anti Hair Loss Tonic Spray | Selesta\",\"isPartOf\":{\"@id\":\"https:\/\/www.selesta.com.tr\/en\/#website\"},\"primaryImageOfPage\":{\"@id\":\"https:\/\/www.selesta.com.tr\/en\/product\/anti-hair-loss-tonic-spray\/#primaryimage\"},\"image\":{\"@id\":\"https:\/\/www.selesta.com.tr\/en\/product\/anti-hair-loss-tonic-spray\/#primaryimage\"},\"thumbnailUrl\":\"https:\/\/www.selesta.com.tr\/wp-content\/uploads\/2024\/09\/dokulme-karsiti-sac-tonigi-2.webp\",\"datePublished\":\"2024-09-08T06:46:02+00:00\",\"dateModified\":\"2025-01-06T11:55:53+00:00\",\"description\":\"Reduce hair loss and promote scalp health with an effective anti-hair fall tonic.\",\"breadcrumb\":{\"@id\":\"https:\/\/www.selesta.com.tr\/en\/product\/anti-hair-loss-tonic-spray\/#breadcrumb\"},\"inLanguage\":\"en-US\",\"potentialAction\":[{\"@type\":\"ReadAction\",\"target\":[\"https:\/\/www.selesta.com.tr\/en\/product\/anti-hair-loss-tonic-spray\/\"]}]},{\"@type\":\"ImageObject\",\"inLanguage\":\"en-US\",\"@id\":\"https:\/\/www.selesta.com.tr\/en\/product\/anti-hair-loss-tonic-spray\/#primaryimage\",\"url\":\"https:\/\/www.selesta.com.tr\/wp-content\/uploads\/2024\/09\/dokulme-karsiti-sac-tonigi-2.webp\",\"contentUrl\":\"https:\/\/www.selesta.com.tr\/wp-content\/uploads\/2024\/09\/dokulme-karsiti-sac-tonigi-2.webp\",\"width\":800,\"height\":800},{\"@type\":\"BreadcrumbList\",\"@id\":\"https:\/\/www.selesta.com.tr\/en\/product\/anti-hair-loss-tonic-spray\/#breadcrumb\",\"itemListElement\":[{\"@type\":\"ListItem\",\"position\":1,\"name\":\"Anasayfa\",\"item\":\"https:\/\/www.selesta.com.tr\/en\/\"},{\"@type\":\"ListItem\",\"position\":2,\"name\":\"All Products\",\"item\":\"https:\/\/www.selesta.com.tr\/en\/all-products\/\"},{\"@type\":\"ListItem\",\"position\":3,\"name\":\"Anti Hair Loss Tonic Spray\"}]},{\"@type\":\"WebSite\",\"@id\":\"https:\/\/www.selesta.com.tr\/en\/#website\",\"url\":\"https:\/\/www.selesta.com.tr\/en\/\",\"name\":\"Selesta: G\u00fczelli\u011fin Do\u011fal Yolculu\u011fu\",\"description\":\"\",\"publisher\":{\"@id\":\"https:\/\/www.selesta.com.tr\/en\/#organization\"},\"potentialAction\":[{\"@type\":\"SearchAction\",\"target\":{\"@type\":\"EntryPoint\",\"urlTemplate\":\"https:\/\/www.selesta.com.tr\/en\/?s={search_term_string}\"},\"query-input\":{\"@type\":\"PropertyValueSpecification\",\"valueRequired\":true,\"valueName\":\"search_term_string\"}}],\"inLanguage\":\"en-US\"},{\"@type\":\"Organization\",\"@id\":\"https:\/\/www.selesta.com.tr\/en\/#organization\",\"name\":\"Selesta: G\u00fczelli\u011fin Do\u011fal Yolculu\u011fu\",\"url\":\"https:\/\/www.selesta.com.tr\/en\/\",\"logo\":{\"@type\":\"ImageObject\",\"inLanguage\":\"en-US\",\"@id\":\"https:\/\/www.selesta.com.tr\/en\/#\/schema\/logo\/image\/\",\"url\":\"https:\/\/www.selesta.com.tr\/wp-content\/uploads\/2024\/09\/Adsiz-tasarim-29.png\",\"contentUrl\":\"https:\/\/www.selesta.com.tr\/wp-content\/uploads\/2024\/09\/Adsiz-tasarim-29.png\",\"width\":300,\"height\":200,\"caption\":\"Selesta: G\u00fczelli\u011fin Do\u011fal Yolculu\u011fu\"},\"image\":{\"@id\":\"https:\/\/www.selesta.com.tr\/en\/#\/schema\/logo\/image\/\"}}]}<\/script>\n<!-- \/ Yoast SEO plugin. -->","yoast_head_json":{"title":"Anti Hair Loss Tonic Spray | Selesta","description":"Reduce hair loss and promote scalp health with an effective anti-hair fall tonic.","robots":{"index":"index","follow":"follow","max-snippet":"max-snippet:-1","max-image-preview":"max-image-preview:large","max-video-preview":"max-video-preview:-1"},"canonical":"https:\/\/www.selesta.com.tr\/en\/product\/anti-hair-loss-tonic-spray","og_locale":"en_US","og_type":"article","og_title":"Anti Hair Loss Tonic Spray | Selesta","og_description":"Reduce hair loss and promote scalp health with an effective anti-hair fall tonic.","og_url":"https:\/\/www.selesta.com.tr\/en\/product\/anti-hair-loss-tonic-spray","og_site_name":"Selesta: G\u00fczelli\u011fin Do\u011fal Yolculu\u011fu","article_modified_time":"2025-01-06T11:55:53+00:00","og_image":[{"width":800,"height":800,"url":"https:\/\/www.selesta.com.tr\/wp-content\/uploads\/2024\/09\/dokulme-karsiti-sac-tonigi-2.webp","type":"image\/webp"}],"twitter_card":"summary_large_image","twitter_misc":{"Est. reading time":"1 minute"},"schema":{"@context":"https:\/\/schema.org","@graph":[{"@type":["WebPage","ItemPage"],"@id":"https:\/\/www.selesta.com.tr\/en\/product\/anti-hair-loss-tonic-spray\/","url":"https:\/\/www.selesta.com.tr\/en\/product\/anti-hair-loss-tonic-spray\/","name":"Anti Hair Loss Tonic Spray | Selesta","isPartOf":{"@id":"https:\/\/www.selesta.com.tr\/en\/#website"},"primaryImageOfPage":{"@id":"https:\/\/www.selesta.com.tr\/en\/product\/anti-hair-loss-tonic-spray\/#primaryimage"},"image":{"@id":"https:\/\/www.selesta.com.tr\/en\/product\/anti-hair-loss-tonic-spray\/#primaryimage"},"thumbnailUrl":"https:\/\/www.selesta.com.tr\/wp-content\/uploads\/2024\/09\/dokulme-karsiti-sac-tonigi-2.webp","datePublished":"2024-09-08T06:46:02+00:00","dateModified":"2025-01-06T11:55:53+00:00","description":"Reduce hair loss and promote scalp health with an effective anti-hair fall tonic.","breadcrumb":{"@id":"https:\/\/www.selesta.com.tr\/en\/product\/anti-hair-loss-tonic-spray\/#breadcrumb"},"inLanguage":"en-US","potentialAction":[{"@type":"ReadAction","target":["https:\/\/www.selesta.com.tr\/en\/product\/anti-hair-loss-tonic-spray\/"]}]},{"@type":"ImageObject","inLanguage":"en-US","@id":"https:\/\/www.selesta.com.tr\/en\/product\/anti-hair-loss-tonic-spray\/#primaryimage","url":"https:\/\/www.selesta.com.tr\/wp-content\/uploads\/2024\/09\/dokulme-karsiti-sac-tonigi-2.webp","contentUrl":"https:\/\/www.selesta.com.tr\/wp-content\/uploads\/2024\/09\/dokulme-karsiti-sac-tonigi-2.webp","width":800,"height":800},{"@type":"BreadcrumbList","@id":"https:\/\/www.selesta.com.tr\/en\/product\/anti-hair-loss-tonic-spray\/#breadcrumb","itemListElement":[{"@type":"ListItem","position":1,"name":"Anasayfa","item":"https:\/\/www.selesta.com.tr\/en\/"},{"@type":"ListItem","position":2,"name":"All Products","item":"https:\/\/www.selesta.com.tr\/en\/all-products\/"},{"@type":"ListItem","position":3,"name":"Anti Hair Loss Tonic Spray"}]},{"@type":"WebSite","@id":"https:\/\/www.selesta.com.tr\/en\/#website","url":"https:\/\/www.selesta.com.tr\/en\/","name":"Selesta: G\u00fczelli\u011fin Do\u011fal Yolculu\u011fu","description":"","publisher":{"@id":"https:\/\/www.selesta.com.tr\/en\/#organization"},"potentialAction":[{"@type":"SearchAction","target":{"@type":"EntryPoint","urlTemplate":"https:\/\/www.selesta.com.tr\/en\/?s={search_term_string}"},"query-input":{"@type":"PropertyValueSpecification","valueRequired":true,"valueName":"search_term_string"}}],"inLanguage":"en-US"},{"@type":"Organization","@id":"https:\/\/www.selesta.com.tr\/en\/#organization","name":"Selesta: G\u00fczelli\u011fin Do\u011fal Yolculu\u011fu","url":"https:\/\/www.selesta.com.tr\/en\/","logo":{"@type":"ImageObject","inLanguage":"en-US","@id":"https:\/\/www.selesta.com.tr\/en\/#\/schema\/logo\/image\/","url":"https:\/\/www.selesta.com.tr\/wp-content\/uploads\/2024\/09\/Adsiz-tasarim-29.png","contentUrl":"https:\/\/www.selesta.com.tr\/wp-content\/uploads\/2024\/09\/Adsiz-tasarim-29.png","width":300,"height":200,"caption":"Selesta: G\u00fczelli\u011fin Do\u011fal Yolculu\u011fu"},"image":{"@id":"https:\/\/www.selesta.com.tr\/en\/#\/schema\/logo\/image\/"}}]}},"_links":{"self":[{"href":"https:\/\/www.selesta.com.tr\/en\/wp-json\/wp\/v2\/product\/9200","targetHints":{"allow":["GET"]}}],"collection":[{"href":"https:\/\/www.selesta.com.tr\/en\/wp-json\/wp\/v2\/product"}],"about":[{"href":"https:\/\/www.selesta.com.tr\/en\/wp-json\/wp\/v2\/types\/product"}],"replies":[{"embeddable":true,"href":"https:\/\/www.selesta.com.tr\/en\/wp-json\/wp\/v2\/comments?post=9200"}],"wp:featuredmedia":[{"embeddable":true,"href":"https:\/\/www.selesta.com.tr\/en\/wp-json\/wp\/v2\/media\/11252"}],"wp:attachment":[{"href":"https:\/\/www.selesta.com.tr\/en\/wp-json\/wp\/v2\/media?parent=9200"}],"wp:term":[{"taxonomy":"product_cat","embeddable":true,"href":"https:\/\/www.selesta.com.tr\/en\/wp-json\/wp\/v2\/product_cat?post=9200"},{"taxonomy":"product_tag","embeddable":true,"href":"https:\/\/www.selesta.com.tr\/en\/wp-json\/wp\/v2\/product_tag?post=9200"}],"curies":[{"name":"wp","href":"https:\/\/api.w.org\/{rel}","templated":true}]}}