{"id":9193,"date":"2024-09-08T09:46:03","date_gmt":"2024-09-08T06:46:03","guid":{"rendered":"https:\/\/selesta.com.tr\/?post_type=product&#038;p=9193"},"modified":"2025-01-06T14:55:52","modified_gmt":"2025-01-06T11:55:52","slug":"purifying-and-revitalizing-daily-facial-cleansing-gel","status":"publish","type":"product","link":"https:\/\/www.selesta.com.tr\/en\/product\/purifying-and-revitalizing-daily-facial-cleansing-gel\/","title":{"rendered":"Purifying and Revitalizing Daily Facial Cleansing Gel"},"content":{"rendered":"<p><span data-sheets-root=\"1\"> The revitalizing daily face cleansing gel, enriched with tea tree oil, green tea and aloe vera extracts, deeply cleanses and nourishes the skin. Gives your skin a vibrant and radiant appearance. Suitable for daily use.<\/p>\n<p><\/span><\/p>\n","protected":false},"excerpt":{"rendered":"<p><span data-sheets-root=\"1\"> The revitalizing daily face cleansing gel, enriched with tea tree oil, green tea and aloe vera extracts, deeply cleanses and nourishes the skin. Gives your skin a vibrant and radiant appearance. Suitable for daily use.<\/p>\n<p><\/span><\/p>\n","protected":false},"featured_media":11247,"comment_status":"open","ping_status":"closed","template":"","meta":[],"product_cat":[221,233,468],"product_tag":[],"class_list":{"0":"post-9193","1":"product","2":"type-product","3":"status-publish","4":"has-post-thumbnail","6":"product_cat-by-skin-care-product","7":"product_cat-facial-cleansing","8":"product_cat-skin-care","10":"first","11":"instock","12":"featured","13":"shipping-taxable","14":"purchasable","15":"product-type-simple"},"yoast_head":"<!-- This site is optimized with the Yoast SEO plugin v27.2 - https:\/\/yoast.com\/product\/yoast-seo-wordpress\/ -->\n<title>Purifying and Revitalizing Daily Facial Cleansing Gel | Selesta<\/title>\n<meta name=\"description\" content=\"Cleanse and refresh your face with a purifying daily gel for glowing and healthy skin.\" \/>\n<meta name=\"robots\" content=\"index, follow, max-snippet:-1, max-image-preview:large, max-video-preview:-1\" \/>\n<link rel=\"canonical\" href=\"https:\/\/www.selesta.com.tr\/en\/product\/purifying-and-revitalizing-daily-facial-cleansing-gel\" \/>\n<meta property=\"og:locale\" content=\"en_US\" \/>\n<meta property=\"og:type\" content=\"article\" \/>\n<meta property=\"og:title\" content=\"Purifying and Revitalizing Daily Facial Cleansing Gel | Selesta\" \/>\n<meta property=\"og:description\" content=\"Cleanse and refresh your face with a purifying daily gel for glowing and healthy skin.\" \/>\n<meta property=\"og:url\" content=\"https:\/\/www.selesta.com.tr\/en\/product\/purifying-and-revitalizing-daily-facial-cleansing-gel\" \/>\n<meta property=\"og:site_name\" content=\"Selesta: G\u00fczelli\u011fin Do\u011fal Yolculu\u011fu\" \/>\n<meta property=\"article:modified_time\" content=\"2025-01-06T11:55:52+00:00\" \/>\n<meta property=\"og:image\" content=\"https:\/\/www.selesta.com.tr\/wp-content\/uploads\/2024\/09\/yuz-temizleme-jeli-2-1-2.webp\" \/>\n\t<meta property=\"og:image:width\" content=\"800\" \/>\n\t<meta property=\"og:image:height\" content=\"800\" \/>\n\t<meta property=\"og:image:type\" content=\"image\/webp\" \/>\n<meta name=\"twitter:card\" content=\"summary_large_image\" \/>\n<meta name=\"twitter:label1\" content=\"Est. reading time\" \/>\n\t<meta name=\"twitter:data1\" content=\"1 minute\" \/>\n<script type=\"application\/ld+json\" class=\"yoast-schema-graph\">{\"@context\":\"https:\/\/schema.org\",\"@graph\":[{\"@type\":[\"WebPage\",\"ItemPage\"],\"@id\":\"https:\/\/www.selesta.com.tr\/en\/product\/purifying-and-revitalizing-daily-facial-cleansing-gel\/\",\"url\":\"https:\/\/www.selesta.com.tr\/en\/product\/purifying-and-revitalizing-daily-facial-cleansing-gel\/\",\"name\":\"Purifying and Revitalizing Daily Facial Cleansing Gel | Selesta\",\"isPartOf\":{\"@id\":\"https:\/\/www.selesta.com.tr\/en\/#website\"},\"primaryImageOfPage\":{\"@id\":\"https:\/\/www.selesta.com.tr\/en\/product\/purifying-and-revitalizing-daily-facial-cleansing-gel\/#primaryimage\"},\"image\":{\"@id\":\"https:\/\/www.selesta.com.tr\/en\/product\/purifying-and-revitalizing-daily-facial-cleansing-gel\/#primaryimage\"},\"thumbnailUrl\":\"https:\/\/www.selesta.com.tr\/wp-content\/uploads\/2024\/09\/yuz-temizleme-jeli-2-1-2.webp\",\"datePublished\":\"2024-09-08T06:46:03+00:00\",\"dateModified\":\"2025-01-06T11:55:52+00:00\",\"description\":\"Cleanse and refresh your face with a purifying daily gel for glowing and healthy skin.\",\"breadcrumb\":{\"@id\":\"https:\/\/www.selesta.com.tr\/en\/product\/purifying-and-revitalizing-daily-facial-cleansing-gel\/#breadcrumb\"},\"inLanguage\":\"en-US\",\"potentialAction\":[{\"@type\":\"ReadAction\",\"target\":[\"https:\/\/www.selesta.com.tr\/en\/product\/purifying-and-revitalizing-daily-facial-cleansing-gel\/\"]}]},{\"@type\":\"ImageObject\",\"inLanguage\":\"en-US\",\"@id\":\"https:\/\/www.selesta.com.tr\/en\/product\/purifying-and-revitalizing-daily-facial-cleansing-gel\/#primaryimage\",\"url\":\"https:\/\/www.selesta.com.tr\/wp-content\/uploads\/2024\/09\/yuz-temizleme-jeli-2-1-2.webp\",\"contentUrl\":\"https:\/\/www.selesta.com.tr\/wp-content\/uploads\/2024\/09\/yuz-temizleme-jeli-2-1-2.webp\",\"width\":800,\"height\":800},{\"@type\":\"BreadcrumbList\",\"@id\":\"https:\/\/www.selesta.com.tr\/en\/product\/purifying-and-revitalizing-daily-facial-cleansing-gel\/#breadcrumb\",\"itemListElement\":[{\"@type\":\"ListItem\",\"position\":1,\"name\":\"Anasayfa\",\"item\":\"https:\/\/www.selesta.com.tr\/en\/\"},{\"@type\":\"ListItem\",\"position\":2,\"name\":\"All Products\",\"item\":\"https:\/\/www.selesta.com.tr\/en\/all-products\/\"},{\"@type\":\"ListItem\",\"position\":3,\"name\":\"Purifying and Revitalizing Daily Facial Cleansing Gel\"}]},{\"@type\":\"WebSite\",\"@id\":\"https:\/\/www.selesta.com.tr\/en\/#website\",\"url\":\"https:\/\/www.selesta.com.tr\/en\/\",\"name\":\"Selesta: G\u00fczelli\u011fin Do\u011fal Yolculu\u011fu\",\"description\":\"\",\"publisher\":{\"@id\":\"https:\/\/www.selesta.com.tr\/en\/#organization\"},\"potentialAction\":[{\"@type\":\"SearchAction\",\"target\":{\"@type\":\"EntryPoint\",\"urlTemplate\":\"https:\/\/www.selesta.com.tr\/en\/?s={search_term_string}\"},\"query-input\":{\"@type\":\"PropertyValueSpecification\",\"valueRequired\":true,\"valueName\":\"search_term_string\"}}],\"inLanguage\":\"en-US\"},{\"@type\":\"Organization\",\"@id\":\"https:\/\/www.selesta.com.tr\/en\/#organization\",\"name\":\"Selesta: G\u00fczelli\u011fin Do\u011fal Yolculu\u011fu\",\"url\":\"https:\/\/www.selesta.com.tr\/en\/\",\"logo\":{\"@type\":\"ImageObject\",\"inLanguage\":\"en-US\",\"@id\":\"https:\/\/www.selesta.com.tr\/en\/#\/schema\/logo\/image\/\",\"url\":\"https:\/\/www.selesta.com.tr\/wp-content\/uploads\/2024\/09\/Adsiz-tasarim-29.png\",\"contentUrl\":\"https:\/\/www.selesta.com.tr\/wp-content\/uploads\/2024\/09\/Adsiz-tasarim-29.png\",\"width\":300,\"height\":200,\"caption\":\"Selesta: G\u00fczelli\u011fin Do\u011fal Yolculu\u011fu\"},\"image\":{\"@id\":\"https:\/\/www.selesta.com.tr\/en\/#\/schema\/logo\/image\/\"}}]}<\/script>\n<!-- \/ Yoast SEO plugin. -->","yoast_head_json":{"title":"Purifying and Revitalizing Daily Facial Cleansing Gel | Selesta","description":"Cleanse and refresh your face with a purifying daily gel for glowing and healthy skin.","robots":{"index":"index","follow":"follow","max-snippet":"max-snippet:-1","max-image-preview":"max-image-preview:large","max-video-preview":"max-video-preview:-1"},"canonical":"https:\/\/www.selesta.com.tr\/en\/product\/purifying-and-revitalizing-daily-facial-cleansing-gel","og_locale":"en_US","og_type":"article","og_title":"Purifying and Revitalizing Daily Facial Cleansing Gel | Selesta","og_description":"Cleanse and refresh your face with a purifying daily gel for glowing and healthy skin.","og_url":"https:\/\/www.selesta.com.tr\/en\/product\/purifying-and-revitalizing-daily-facial-cleansing-gel","og_site_name":"Selesta: G\u00fczelli\u011fin Do\u011fal Yolculu\u011fu","article_modified_time":"2025-01-06T11:55:52+00:00","og_image":[{"width":800,"height":800,"url":"https:\/\/www.selesta.com.tr\/wp-content\/uploads\/2024\/09\/yuz-temizleme-jeli-2-1-2.webp","type":"image\/webp"}],"twitter_card":"summary_large_image","twitter_misc":{"Est. reading time":"1 minute"},"schema":{"@context":"https:\/\/schema.org","@graph":[{"@type":["WebPage","ItemPage"],"@id":"https:\/\/www.selesta.com.tr\/en\/product\/purifying-and-revitalizing-daily-facial-cleansing-gel\/","url":"https:\/\/www.selesta.com.tr\/en\/product\/purifying-and-revitalizing-daily-facial-cleansing-gel\/","name":"Purifying and Revitalizing Daily Facial Cleansing Gel | Selesta","isPartOf":{"@id":"https:\/\/www.selesta.com.tr\/en\/#website"},"primaryImageOfPage":{"@id":"https:\/\/www.selesta.com.tr\/en\/product\/purifying-and-revitalizing-daily-facial-cleansing-gel\/#primaryimage"},"image":{"@id":"https:\/\/www.selesta.com.tr\/en\/product\/purifying-and-revitalizing-daily-facial-cleansing-gel\/#primaryimage"},"thumbnailUrl":"https:\/\/www.selesta.com.tr\/wp-content\/uploads\/2024\/09\/yuz-temizleme-jeli-2-1-2.webp","datePublished":"2024-09-08T06:46:03+00:00","dateModified":"2025-01-06T11:55:52+00:00","description":"Cleanse and refresh your face with a purifying daily gel for glowing and healthy skin.","breadcrumb":{"@id":"https:\/\/www.selesta.com.tr\/en\/product\/purifying-and-revitalizing-daily-facial-cleansing-gel\/#breadcrumb"},"inLanguage":"en-US","potentialAction":[{"@type":"ReadAction","target":["https:\/\/www.selesta.com.tr\/en\/product\/purifying-and-revitalizing-daily-facial-cleansing-gel\/"]}]},{"@type":"ImageObject","inLanguage":"en-US","@id":"https:\/\/www.selesta.com.tr\/en\/product\/purifying-and-revitalizing-daily-facial-cleansing-gel\/#primaryimage","url":"https:\/\/www.selesta.com.tr\/wp-content\/uploads\/2024\/09\/yuz-temizleme-jeli-2-1-2.webp","contentUrl":"https:\/\/www.selesta.com.tr\/wp-content\/uploads\/2024\/09\/yuz-temizleme-jeli-2-1-2.webp","width":800,"height":800},{"@type":"BreadcrumbList","@id":"https:\/\/www.selesta.com.tr\/en\/product\/purifying-and-revitalizing-daily-facial-cleansing-gel\/#breadcrumb","itemListElement":[{"@type":"ListItem","position":1,"name":"Anasayfa","item":"https:\/\/www.selesta.com.tr\/en\/"},{"@type":"ListItem","position":2,"name":"All Products","item":"https:\/\/www.selesta.com.tr\/en\/all-products\/"},{"@type":"ListItem","position":3,"name":"Purifying and Revitalizing Daily Facial Cleansing Gel"}]},{"@type":"WebSite","@id":"https:\/\/www.selesta.com.tr\/en\/#website","url":"https:\/\/www.selesta.com.tr\/en\/","name":"Selesta: G\u00fczelli\u011fin Do\u011fal Yolculu\u011fu","description":"","publisher":{"@id":"https:\/\/www.selesta.com.tr\/en\/#organization"},"potentialAction":[{"@type":"SearchAction","target":{"@type":"EntryPoint","urlTemplate":"https:\/\/www.selesta.com.tr\/en\/?s={search_term_string}"},"query-input":{"@type":"PropertyValueSpecification","valueRequired":true,"valueName":"search_term_string"}}],"inLanguage":"en-US"},{"@type":"Organization","@id":"https:\/\/www.selesta.com.tr\/en\/#organization","name":"Selesta: G\u00fczelli\u011fin Do\u011fal Yolculu\u011fu","url":"https:\/\/www.selesta.com.tr\/en\/","logo":{"@type":"ImageObject","inLanguage":"en-US","@id":"https:\/\/www.selesta.com.tr\/en\/#\/schema\/logo\/image\/","url":"https:\/\/www.selesta.com.tr\/wp-content\/uploads\/2024\/09\/Adsiz-tasarim-29.png","contentUrl":"https:\/\/www.selesta.com.tr\/wp-content\/uploads\/2024\/09\/Adsiz-tasarim-29.png","width":300,"height":200,"caption":"Selesta: G\u00fczelli\u011fin Do\u011fal Yolculu\u011fu"},"image":{"@id":"https:\/\/www.selesta.com.tr\/en\/#\/schema\/logo\/image\/"}}]}},"_links":{"self":[{"href":"https:\/\/www.selesta.com.tr\/en\/wp-json\/wp\/v2\/product\/9193","targetHints":{"allow":["GET"]}}],"collection":[{"href":"https:\/\/www.selesta.com.tr\/en\/wp-json\/wp\/v2\/product"}],"about":[{"href":"https:\/\/www.selesta.com.tr\/en\/wp-json\/wp\/v2\/types\/product"}],"replies":[{"embeddable":true,"href":"https:\/\/www.selesta.com.tr\/en\/wp-json\/wp\/v2\/comments?post=9193"}],"wp:featuredmedia":[{"embeddable":true,"href":"https:\/\/www.selesta.com.tr\/en\/wp-json\/wp\/v2\/media\/11247"}],"wp:attachment":[{"href":"https:\/\/www.selesta.com.tr\/en\/wp-json\/wp\/v2\/media?parent=9193"}],"wp:term":[{"taxonomy":"product_cat","embeddable":true,"href":"https:\/\/www.selesta.com.tr\/en\/wp-json\/wp\/v2\/product_cat?post=9193"},{"taxonomy":"product_tag","embeddable":true,"href":"https:\/\/www.selesta.com.tr\/en\/wp-json\/wp\/v2\/product_tag?post=9193"}],"curies":[{"name":"wp","href":"https:\/\/api.w.org\/{rel}","templated":true}]}}