{"id":13172,"date":"2026-03-23T23:18:47","date_gmt":"2026-03-23T20:18:47","guid":{"rendered":"https:\/\/www.selesta.com.tr\/urun\/selesta-pharma-st-johns-wort-intensive-care-pomade"},"modified":"2026-03-23T23:18:47","modified_gmt":"2026-03-23T20:18:47","slug":"selesta-pharma-st-johns-wort-intensive-care-pomade","status":"publish","type":"product","link":"https:\/\/www.selesta.com.tr\/en\/product\/selesta-pharma-st-johns-wort-intensive-care-pomade\/","title":{"rendered":"Selesta Pharma St. John\u2019s Wort Intensive Care Pomade"},"content":{"rendered":"<p><span data-sheets-root=\"1\">St. John\u2019s Wort, used in skincare for centuries, is a powerful botanical known especially for its soothing and restorative properties. Holding an important place in traditional herbal care practices, St. John\u2019s Wort helps support skin that has become sensitive, dry, or exposed to external environmental factors. St. John\u2019s Wort Intensive Care Pomade provides targeted care with its richer and more nourishing texture for areas in need of extra attention.<br \/>\nIts St. John\u2019s Wort and Olive Oil-based formula has been specially developed for intense dryness, rough skin areas, and stressed skin. Enriched with Panthenol and Vitamin E, it helps support the skin, reduce moisture loss, and provide a feeling of comfort.<br \/>\n<\/span><\/p>\n","protected":false},"excerpt":{"rendered":"<p>St. John\u2019s Wort, used in skincare for centuries, is a powerful botanical known especially for its soothing and restorative properties. Holding an important place in traditional herbal care practices, St. John\u2019s Wort helps support skin that has become sensitive, dry, or exposed to external environmental factors. St. John\u2019s Wort Intensive Care Pomade provides targeted care [&hellip;]<\/p>\n","protected":false},"featured_media":13094,"comment_status":"open","ping_status":"closed","template":"","meta":[],"product_cat":[468,551],"product_tag":[],"class_list":{"0":"post-13172","1":"product","2":"type-product","3":"status-publish","4":"has-post-thumbnail","6":"product_cat-skin-care","7":"product_cat-skin-care-creams","9":"first","10":"instock","11":"shipping-taxable","12":"purchasable","13":"product-type-simple"},"yoast_head":"<!-- This site is optimized with the Yoast SEO plugin v27.2 - https:\/\/yoast.com\/product\/yoast-seo-wordpress\/ -->\n<title>Selesta Pharma St. John\u2019s Wort Intensive Care Pomade | Selesta<\/title>\n<meta name=\"robots\" content=\"index, follow, max-snippet:-1, max-image-preview:large, max-video-preview:-1\" \/>\n<link rel=\"canonical\" href=\"https:\/\/www.selesta.com.tr\/en\/product\/selesta-pharma-st-johns-wort-intensive-care-pomade\" \/>\n<meta property=\"og:locale\" content=\"en_US\" \/>\n<meta property=\"og:type\" content=\"article\" \/>\n<meta property=\"og:title\" content=\"Selesta Pharma St. John\u2019s Wort Intensive Care Pomade | Selesta\" \/>\n<meta property=\"og:description\" content=\"St. John\u2019s Wort, used in skincare for centuries, is a powerful botanical known especially for its soothing and restorative properties. Holding an important place in traditional herbal care practices, St. John\u2019s Wort helps support skin that has become sensitive, dry, or exposed to external environmental factors. St. John\u2019s Wort Intensive Care Pomade provides targeted care [&hellip;]\" \/>\n<meta property=\"og:url\" content=\"https:\/\/www.selesta.com.tr\/en\/product\/selesta-pharma-st-johns-wort-intensive-care-pomade\" \/>\n<meta property=\"og:site_name\" content=\"Selesta: G\u00fczelli\u011fin Do\u011fal Yolculu\u011fu\" \/>\n<meta property=\"og:image\" content=\"https:\/\/www.selesta.com.tr\/wp-content\/uploads\/2026\/03\/Pharma_Kantaron_Seri-03-1-scaled.webp\" \/>\n\t<meta property=\"og:image:width\" content=\"2560\" \/>\n\t<meta property=\"og:image:height\" content=\"2560\" \/>\n\t<meta property=\"og:image:type\" content=\"image\/webp\" \/>\n<meta name=\"twitter:card\" content=\"summary_large_image\" \/>\n<meta name=\"twitter:label1\" content=\"Est. reading time\" \/>\n\t<meta name=\"twitter:data1\" content=\"1 minute\" \/>\n<script type=\"application\/ld+json\" class=\"yoast-schema-graph\">{\"@context\":\"https:\/\/schema.org\",\"@graph\":[{\"@type\":[\"WebPage\",\"ItemPage\"],\"@id\":\"https:\/\/www.selesta.com.tr\/en\/product\/selesta-pharma-st-johns-wort-intensive-care-pomade\/\",\"url\":\"https:\/\/www.selesta.com.tr\/en\/product\/selesta-pharma-st-johns-wort-intensive-care-pomade\/\",\"name\":\"Selesta Pharma St. John\u2019s Wort Intensive Care Pomade | Selesta\",\"isPartOf\":{\"@id\":\"https:\/\/www.selesta.com.tr\/en\/#website\"},\"primaryImageOfPage\":{\"@id\":\"https:\/\/www.selesta.com.tr\/en\/product\/selesta-pharma-st-johns-wort-intensive-care-pomade\/#primaryimage\"},\"image\":{\"@id\":\"https:\/\/www.selesta.com.tr\/en\/product\/selesta-pharma-st-johns-wort-intensive-care-pomade\/#primaryimage\"},\"thumbnailUrl\":\"https:\/\/www.selesta.com.tr\/wp-content\/uploads\/2026\/03\/Pharma_Kantaron_Seri-03-1-scaled.webp\",\"datePublished\":\"2026-03-23T20:18:47+00:00\",\"breadcrumb\":{\"@id\":\"https:\/\/www.selesta.com.tr\/en\/product\/selesta-pharma-st-johns-wort-intensive-care-pomade\/#breadcrumb\"},\"inLanguage\":\"en-US\",\"potentialAction\":[{\"@type\":\"ReadAction\",\"target\":[\"https:\/\/www.selesta.com.tr\/en\/product\/selesta-pharma-st-johns-wort-intensive-care-pomade\/\"]}]},{\"@type\":\"ImageObject\",\"inLanguage\":\"en-US\",\"@id\":\"https:\/\/www.selesta.com.tr\/en\/product\/selesta-pharma-st-johns-wort-intensive-care-pomade\/#primaryimage\",\"url\":\"https:\/\/www.selesta.com.tr\/wp-content\/uploads\/2026\/03\/Pharma_Kantaron_Seri-03-1-scaled.webp\",\"contentUrl\":\"https:\/\/www.selesta.com.tr\/wp-content\/uploads\/2026\/03\/Pharma_Kantaron_Seri-03-1-scaled.webp\",\"width\":2560,\"height\":2560},{\"@type\":\"BreadcrumbList\",\"@id\":\"https:\/\/www.selesta.com.tr\/en\/product\/selesta-pharma-st-johns-wort-intensive-care-pomade\/#breadcrumb\",\"itemListElement\":[{\"@type\":\"ListItem\",\"position\":1,\"name\":\"Anasayfa\",\"item\":\"https:\/\/www.selesta.com.tr\/en\/\"},{\"@type\":\"ListItem\",\"position\":2,\"name\":\"All Products\",\"item\":\"https:\/\/www.selesta.com.tr\/en\/all-products\/\"},{\"@type\":\"ListItem\",\"position\":3,\"name\":\"Selesta Pharma St. John\u2019s Wort Intensive Care Pomade\"}]},{\"@type\":\"WebSite\",\"@id\":\"https:\/\/www.selesta.com.tr\/en\/#website\",\"url\":\"https:\/\/www.selesta.com.tr\/en\/\",\"name\":\"Selesta: G\u00fczelli\u011fin Do\u011fal Yolculu\u011fu\",\"description\":\"\",\"publisher\":{\"@id\":\"https:\/\/www.selesta.com.tr\/en\/#organization\"},\"potentialAction\":[{\"@type\":\"SearchAction\",\"target\":{\"@type\":\"EntryPoint\",\"urlTemplate\":\"https:\/\/www.selesta.com.tr\/en\/?s={search_term_string}\"},\"query-input\":{\"@type\":\"PropertyValueSpecification\",\"valueRequired\":true,\"valueName\":\"search_term_string\"}}],\"inLanguage\":\"en-US\"},{\"@type\":\"Organization\",\"@id\":\"https:\/\/www.selesta.com.tr\/en\/#organization\",\"name\":\"Selesta: G\u00fczelli\u011fin Do\u011fal Yolculu\u011fu\",\"url\":\"https:\/\/www.selesta.com.tr\/en\/\",\"logo\":{\"@type\":\"ImageObject\",\"inLanguage\":\"en-US\",\"@id\":\"https:\/\/www.selesta.com.tr\/en\/#\/schema\/logo\/image\/\",\"url\":\"https:\/\/www.selesta.com.tr\/wp-content\/uploads\/2024\/09\/Adsiz-tasarim-29.png\",\"contentUrl\":\"https:\/\/www.selesta.com.tr\/wp-content\/uploads\/2024\/09\/Adsiz-tasarim-29.png\",\"width\":300,\"height\":200,\"caption\":\"Selesta: G\u00fczelli\u011fin Do\u011fal Yolculu\u011fu\"},\"image\":{\"@id\":\"https:\/\/www.selesta.com.tr\/en\/#\/schema\/logo\/image\/\"}}]}<\/script>\n<!-- \/ Yoast SEO plugin. -->","yoast_head_json":{"title":"Selesta Pharma St. John\u2019s Wort Intensive Care Pomade | Selesta","robots":{"index":"index","follow":"follow","max-snippet":"max-snippet:-1","max-image-preview":"max-image-preview:large","max-video-preview":"max-video-preview:-1"},"canonical":"https:\/\/www.selesta.com.tr\/en\/product\/selesta-pharma-st-johns-wort-intensive-care-pomade","og_locale":"en_US","og_type":"article","og_title":"Selesta Pharma St. John\u2019s Wort Intensive Care Pomade | Selesta","og_description":"St. John\u2019s Wort, used in skincare for centuries, is a powerful botanical known especially for its soothing and restorative properties. Holding an important place in traditional herbal care practices, St. John\u2019s Wort helps support skin that has become sensitive, dry, or exposed to external environmental factors. St. John\u2019s Wort Intensive Care Pomade provides targeted care [&hellip;]","og_url":"https:\/\/www.selesta.com.tr\/en\/product\/selesta-pharma-st-johns-wort-intensive-care-pomade","og_site_name":"Selesta: G\u00fczelli\u011fin Do\u011fal Yolculu\u011fu","og_image":[{"width":2560,"height":2560,"url":"https:\/\/www.selesta.com.tr\/wp-content\/uploads\/2026\/03\/Pharma_Kantaron_Seri-03-1-scaled.webp","type":"image\/webp"}],"twitter_card":"summary_large_image","twitter_misc":{"Est. reading time":"1 minute"},"schema":{"@context":"https:\/\/schema.org","@graph":[{"@type":["WebPage","ItemPage"],"@id":"https:\/\/www.selesta.com.tr\/en\/product\/selesta-pharma-st-johns-wort-intensive-care-pomade\/","url":"https:\/\/www.selesta.com.tr\/en\/product\/selesta-pharma-st-johns-wort-intensive-care-pomade\/","name":"Selesta Pharma St. John\u2019s Wort Intensive Care Pomade | Selesta","isPartOf":{"@id":"https:\/\/www.selesta.com.tr\/en\/#website"},"primaryImageOfPage":{"@id":"https:\/\/www.selesta.com.tr\/en\/product\/selesta-pharma-st-johns-wort-intensive-care-pomade\/#primaryimage"},"image":{"@id":"https:\/\/www.selesta.com.tr\/en\/product\/selesta-pharma-st-johns-wort-intensive-care-pomade\/#primaryimage"},"thumbnailUrl":"https:\/\/www.selesta.com.tr\/wp-content\/uploads\/2026\/03\/Pharma_Kantaron_Seri-03-1-scaled.webp","datePublished":"2026-03-23T20:18:47+00:00","breadcrumb":{"@id":"https:\/\/www.selesta.com.tr\/en\/product\/selesta-pharma-st-johns-wort-intensive-care-pomade\/#breadcrumb"},"inLanguage":"en-US","potentialAction":[{"@type":"ReadAction","target":["https:\/\/www.selesta.com.tr\/en\/product\/selesta-pharma-st-johns-wort-intensive-care-pomade\/"]}]},{"@type":"ImageObject","inLanguage":"en-US","@id":"https:\/\/www.selesta.com.tr\/en\/product\/selesta-pharma-st-johns-wort-intensive-care-pomade\/#primaryimage","url":"https:\/\/www.selesta.com.tr\/wp-content\/uploads\/2026\/03\/Pharma_Kantaron_Seri-03-1-scaled.webp","contentUrl":"https:\/\/www.selesta.com.tr\/wp-content\/uploads\/2026\/03\/Pharma_Kantaron_Seri-03-1-scaled.webp","width":2560,"height":2560},{"@type":"BreadcrumbList","@id":"https:\/\/www.selesta.com.tr\/en\/product\/selesta-pharma-st-johns-wort-intensive-care-pomade\/#breadcrumb","itemListElement":[{"@type":"ListItem","position":1,"name":"Anasayfa","item":"https:\/\/www.selesta.com.tr\/en\/"},{"@type":"ListItem","position":2,"name":"All Products","item":"https:\/\/www.selesta.com.tr\/en\/all-products\/"},{"@type":"ListItem","position":3,"name":"Selesta Pharma St. John\u2019s Wort Intensive Care Pomade"}]},{"@type":"WebSite","@id":"https:\/\/www.selesta.com.tr\/en\/#website","url":"https:\/\/www.selesta.com.tr\/en\/","name":"Selesta: G\u00fczelli\u011fin Do\u011fal Yolculu\u011fu","description":"","publisher":{"@id":"https:\/\/www.selesta.com.tr\/en\/#organization"},"potentialAction":[{"@type":"SearchAction","target":{"@type":"EntryPoint","urlTemplate":"https:\/\/www.selesta.com.tr\/en\/?s={search_term_string}"},"query-input":{"@type":"PropertyValueSpecification","valueRequired":true,"valueName":"search_term_string"}}],"inLanguage":"en-US"},{"@type":"Organization","@id":"https:\/\/www.selesta.com.tr\/en\/#organization","name":"Selesta: G\u00fczelli\u011fin Do\u011fal Yolculu\u011fu","url":"https:\/\/www.selesta.com.tr\/en\/","logo":{"@type":"ImageObject","inLanguage":"en-US","@id":"https:\/\/www.selesta.com.tr\/en\/#\/schema\/logo\/image\/","url":"https:\/\/www.selesta.com.tr\/wp-content\/uploads\/2024\/09\/Adsiz-tasarim-29.png","contentUrl":"https:\/\/www.selesta.com.tr\/wp-content\/uploads\/2024\/09\/Adsiz-tasarim-29.png","width":300,"height":200,"caption":"Selesta: G\u00fczelli\u011fin Do\u011fal Yolculu\u011fu"},"image":{"@id":"https:\/\/www.selesta.com.tr\/en\/#\/schema\/logo\/image\/"}}]}},"_links":{"self":[{"href":"https:\/\/www.selesta.com.tr\/en\/wp-json\/wp\/v2\/product\/13172","targetHints":{"allow":["GET"]}}],"collection":[{"href":"https:\/\/www.selesta.com.tr\/en\/wp-json\/wp\/v2\/product"}],"about":[{"href":"https:\/\/www.selesta.com.tr\/en\/wp-json\/wp\/v2\/types\/product"}],"replies":[{"embeddable":true,"href":"https:\/\/www.selesta.com.tr\/en\/wp-json\/wp\/v2\/comments?post=13172"}],"wp:featuredmedia":[{"embeddable":true,"href":"https:\/\/www.selesta.com.tr\/en\/wp-json\/wp\/v2\/media\/13094"}],"wp:attachment":[{"href":"https:\/\/www.selesta.com.tr\/en\/wp-json\/wp\/v2\/media?parent=13172"}],"wp:term":[{"taxonomy":"product_cat","embeddable":true,"href":"https:\/\/www.selesta.com.tr\/en\/wp-json\/wp\/v2\/product_cat?post=13172"},{"taxonomy":"product_tag","embeddable":true,"href":"https:\/\/www.selesta.com.tr\/en\/wp-json\/wp\/v2\/product_tag?post=13172"}],"curies":[{"name":"wp","href":"https:\/\/api.w.org\/{rel}","templated":true}]}}