{"id":13168,"date":"2026-03-24T00:09:19","date_gmt":"2026-03-23T21:09:19","guid":{"rendered":"https:\/\/www.selesta.com.tr\/urun\/selesta-pharma-d-panthenol-maxx-yogun-bakim-merhemi"},"modified":"2026-03-24T00:09:19","modified_gmt":"2026-03-23T21:09:19","slug":"selesta-pharma-d-panthenol-maxx-yogun-bakim-merhemi","status":"publish","type":"product","link":"https:\/\/www.selesta.com.tr\/en\/product\/selesta-pharma-d-panthenol-maxx-yogun-bakim-merhemi\/","title":{"rendered":"Selesta Pharma D-Panthenol Maxx Yo\u011fun Bak\u0131m Merhemi"},"content":{"rendered":"<p><span data-sheets-root=\"1\">Selesta Pharma Panthenol Series has been developed to help moisturize, soothe and support the regeneration of the skin. Thanks to its special formulas containing D-Panthenol, it supports the skin\u2019s natural moisture balance and provides deep care for sensitive and irritated skin. Its rich and protective formula provides intensive care for dry, cracked and sensitive skin. Helps strengthen the skin\u2019s moisture barrier and provides effective care especially for irritated and very dry areas.<br \/>\n<\/span><\/p>\n","protected":false},"excerpt":{"rendered":"<p>Selesta Pharma Panthenol Series has been developed to help moisturize, soothe and support the regeneration of the skin. Thanks to its special formulas containing D-Panthenol, it supports the skin\u2019s natural moisture balance and provides deep care for sensitive and irritated skin. Its rich and protective formula provides intensive care for dry, cracked and sensitive skin. [&hellip;]<\/p>\n","protected":false},"featured_media":13119,"comment_status":"open","ping_status":"closed","template":"","meta":[],"product_cat":[468,551],"product_tag":[],"class_list":{"0":"post-13168","1":"product","2":"type-product","3":"status-publish","4":"has-post-thumbnail","6":"product_cat-skin-care","7":"product_cat-skin-care-creams","9":"first","10":"instock","11":"shipping-taxable","12":"purchasable","13":"product-type-simple"},"yoast_head":"<!-- This site is optimized with the Yoast SEO plugin v27.2 - https:\/\/yoast.com\/product\/yoast-seo-wordpress\/ -->\n<title>Selesta Pharma D-Panthenol Maxx Yo\u011fun Bak\u0131m Merhemi | Selesta<\/title>\n<meta name=\"robots\" content=\"index, follow, max-snippet:-1, max-image-preview:large, max-video-preview:-1\" \/>\n<link rel=\"canonical\" href=\"https:\/\/www.selesta.com.tr\/en\/product\/selesta-pharma-d-panthenol-maxx-yogun-bakim-merhemi\" \/>\n<meta property=\"og:locale\" content=\"en_US\" \/>\n<meta property=\"og:type\" content=\"article\" \/>\n<meta property=\"og:title\" content=\"Selesta Pharma D-Panthenol Maxx Yo\u011fun Bak\u0131m Merhemi | Selesta\" \/>\n<meta property=\"og:description\" content=\"Selesta Pharma Panthenol Series has been developed to help moisturize, soothe and support the regeneration of the skin. Thanks to its special formulas containing D-Panthenol, it supports the skin\u2019s natural moisture balance and provides deep care for sensitive and irritated skin. Its rich and protective formula provides intensive care for dry, cracked and sensitive skin. [&hellip;]\" \/>\n<meta property=\"og:url\" content=\"https:\/\/www.selesta.com.tr\/en\/product\/selesta-pharma-d-panthenol-maxx-yogun-bakim-merhemi\" \/>\n<meta property=\"og:site_name\" content=\"Selesta: G\u00fczelli\u011fin Do\u011fal Yolculu\u011fu\" \/>\n<meta property=\"og:image\" content=\"https:\/\/www.selesta.com.tr\/wp-content\/uploads\/2026\/03\/Pharma_D-Panthenol_Seri-06-scaled.webp\" \/>\n\t<meta property=\"og:image:width\" content=\"2560\" \/>\n\t<meta property=\"og:image:height\" content=\"2560\" \/>\n\t<meta property=\"og:image:type\" content=\"image\/webp\" \/>\n<meta name=\"twitter:card\" content=\"summary_large_image\" \/>\n<script type=\"application\/ld+json\" class=\"yoast-schema-graph\">{\"@context\":\"https:\/\/schema.org\",\"@graph\":[{\"@type\":[\"WebPage\",\"ItemPage\"],\"@id\":\"https:\/\/www.selesta.com.tr\/en\/product\/selesta-pharma-d-panthenol-maxx-yogun-bakim-merhemi\/\",\"url\":\"https:\/\/www.selesta.com.tr\/en\/product\/selesta-pharma-d-panthenol-maxx-yogun-bakim-merhemi\/\",\"name\":\"Selesta Pharma D-Panthenol Maxx Yo\u011fun Bak\u0131m Merhemi | Selesta\",\"isPartOf\":{\"@id\":\"https:\/\/www.selesta.com.tr\/en\/#website\"},\"primaryImageOfPage\":{\"@id\":\"https:\/\/www.selesta.com.tr\/en\/product\/selesta-pharma-d-panthenol-maxx-yogun-bakim-merhemi\/#primaryimage\"},\"image\":{\"@id\":\"https:\/\/www.selesta.com.tr\/en\/product\/selesta-pharma-d-panthenol-maxx-yogun-bakim-merhemi\/#primaryimage\"},\"thumbnailUrl\":\"https:\/\/www.selesta.com.tr\/wp-content\/uploads\/2026\/03\/Pharma_D-Panthenol_Seri-06-scaled.webp\",\"datePublished\":\"2026-03-23T21:09:19+00:00\",\"breadcrumb\":{\"@id\":\"https:\/\/www.selesta.com.tr\/en\/product\/selesta-pharma-d-panthenol-maxx-yogun-bakim-merhemi\/#breadcrumb\"},\"inLanguage\":\"en-US\",\"potentialAction\":[{\"@type\":\"ReadAction\",\"target\":[\"https:\/\/www.selesta.com.tr\/en\/product\/selesta-pharma-d-panthenol-maxx-yogun-bakim-merhemi\/\"]}]},{\"@type\":\"ImageObject\",\"inLanguage\":\"en-US\",\"@id\":\"https:\/\/www.selesta.com.tr\/en\/product\/selesta-pharma-d-panthenol-maxx-yogun-bakim-merhemi\/#primaryimage\",\"url\":\"https:\/\/www.selesta.com.tr\/wp-content\/uploads\/2026\/03\/Pharma_D-Panthenol_Seri-06-scaled.webp\",\"contentUrl\":\"https:\/\/www.selesta.com.tr\/wp-content\/uploads\/2026\/03\/Pharma_D-Panthenol_Seri-06-scaled.webp\",\"width\":2560,\"height\":2560},{\"@type\":\"BreadcrumbList\",\"@id\":\"https:\/\/www.selesta.com.tr\/en\/product\/selesta-pharma-d-panthenol-maxx-yogun-bakim-merhemi\/#breadcrumb\",\"itemListElement\":[{\"@type\":\"ListItem\",\"position\":1,\"name\":\"Anasayfa\",\"item\":\"https:\/\/www.selesta.com.tr\/en\/\"},{\"@type\":\"ListItem\",\"position\":2,\"name\":\"All Products\",\"item\":\"https:\/\/www.selesta.com.tr\/en\/all-products\/\"},{\"@type\":\"ListItem\",\"position\":3,\"name\":\"Selesta Pharma D-Panthenol Maxx Yo\u011fun Bak\u0131m Merhemi\"}]},{\"@type\":\"WebSite\",\"@id\":\"https:\/\/www.selesta.com.tr\/en\/#website\",\"url\":\"https:\/\/www.selesta.com.tr\/en\/\",\"name\":\"Selesta: G\u00fczelli\u011fin Do\u011fal Yolculu\u011fu\",\"description\":\"\",\"publisher\":{\"@id\":\"https:\/\/www.selesta.com.tr\/en\/#organization\"},\"potentialAction\":[{\"@type\":\"SearchAction\",\"target\":{\"@type\":\"EntryPoint\",\"urlTemplate\":\"https:\/\/www.selesta.com.tr\/en\/?s={search_term_string}\"},\"query-input\":{\"@type\":\"PropertyValueSpecification\",\"valueRequired\":true,\"valueName\":\"search_term_string\"}}],\"inLanguage\":\"en-US\"},{\"@type\":\"Organization\",\"@id\":\"https:\/\/www.selesta.com.tr\/en\/#organization\",\"name\":\"Selesta: G\u00fczelli\u011fin Do\u011fal Yolculu\u011fu\",\"url\":\"https:\/\/www.selesta.com.tr\/en\/\",\"logo\":{\"@type\":\"ImageObject\",\"inLanguage\":\"en-US\",\"@id\":\"https:\/\/www.selesta.com.tr\/en\/#\/schema\/logo\/image\/\",\"url\":\"https:\/\/www.selesta.com.tr\/wp-content\/uploads\/2024\/09\/Adsiz-tasarim-29.png\",\"contentUrl\":\"https:\/\/www.selesta.com.tr\/wp-content\/uploads\/2024\/09\/Adsiz-tasarim-29.png\",\"width\":300,\"height\":200,\"caption\":\"Selesta: G\u00fczelli\u011fin Do\u011fal Yolculu\u011fu\"},\"image\":{\"@id\":\"https:\/\/www.selesta.com.tr\/en\/#\/schema\/logo\/image\/\"}}]}<\/script>\n<!-- \/ Yoast SEO plugin. -->","yoast_head_json":{"title":"Selesta Pharma D-Panthenol Maxx Yo\u011fun Bak\u0131m Merhemi | Selesta","robots":{"index":"index","follow":"follow","max-snippet":"max-snippet:-1","max-image-preview":"max-image-preview:large","max-video-preview":"max-video-preview:-1"},"canonical":"https:\/\/www.selesta.com.tr\/en\/product\/selesta-pharma-d-panthenol-maxx-yogun-bakim-merhemi","og_locale":"en_US","og_type":"article","og_title":"Selesta Pharma D-Panthenol Maxx Yo\u011fun Bak\u0131m Merhemi | Selesta","og_description":"Selesta Pharma Panthenol Series has been developed to help moisturize, soothe and support the regeneration of the skin. Thanks to its special formulas containing D-Panthenol, it supports the skin\u2019s natural moisture balance and provides deep care for sensitive and irritated skin. Its rich and protective formula provides intensive care for dry, cracked and sensitive skin. [&hellip;]","og_url":"https:\/\/www.selesta.com.tr\/en\/product\/selesta-pharma-d-panthenol-maxx-yogun-bakim-merhemi","og_site_name":"Selesta: G\u00fczelli\u011fin Do\u011fal Yolculu\u011fu","og_image":[{"width":2560,"height":2560,"url":"https:\/\/www.selesta.com.tr\/wp-content\/uploads\/2026\/03\/Pharma_D-Panthenol_Seri-06-scaled.webp","type":"image\/webp"}],"twitter_card":"summary_large_image","schema":{"@context":"https:\/\/schema.org","@graph":[{"@type":["WebPage","ItemPage"],"@id":"https:\/\/www.selesta.com.tr\/en\/product\/selesta-pharma-d-panthenol-maxx-yogun-bakim-merhemi\/","url":"https:\/\/www.selesta.com.tr\/en\/product\/selesta-pharma-d-panthenol-maxx-yogun-bakim-merhemi\/","name":"Selesta Pharma D-Panthenol Maxx Yo\u011fun Bak\u0131m Merhemi | Selesta","isPartOf":{"@id":"https:\/\/www.selesta.com.tr\/en\/#website"},"primaryImageOfPage":{"@id":"https:\/\/www.selesta.com.tr\/en\/product\/selesta-pharma-d-panthenol-maxx-yogun-bakim-merhemi\/#primaryimage"},"image":{"@id":"https:\/\/www.selesta.com.tr\/en\/product\/selesta-pharma-d-panthenol-maxx-yogun-bakim-merhemi\/#primaryimage"},"thumbnailUrl":"https:\/\/www.selesta.com.tr\/wp-content\/uploads\/2026\/03\/Pharma_D-Panthenol_Seri-06-scaled.webp","datePublished":"2026-03-23T21:09:19+00:00","breadcrumb":{"@id":"https:\/\/www.selesta.com.tr\/en\/product\/selesta-pharma-d-panthenol-maxx-yogun-bakim-merhemi\/#breadcrumb"},"inLanguage":"en-US","potentialAction":[{"@type":"ReadAction","target":["https:\/\/www.selesta.com.tr\/en\/product\/selesta-pharma-d-panthenol-maxx-yogun-bakim-merhemi\/"]}]},{"@type":"ImageObject","inLanguage":"en-US","@id":"https:\/\/www.selesta.com.tr\/en\/product\/selesta-pharma-d-panthenol-maxx-yogun-bakim-merhemi\/#primaryimage","url":"https:\/\/www.selesta.com.tr\/wp-content\/uploads\/2026\/03\/Pharma_D-Panthenol_Seri-06-scaled.webp","contentUrl":"https:\/\/www.selesta.com.tr\/wp-content\/uploads\/2026\/03\/Pharma_D-Panthenol_Seri-06-scaled.webp","width":2560,"height":2560},{"@type":"BreadcrumbList","@id":"https:\/\/www.selesta.com.tr\/en\/product\/selesta-pharma-d-panthenol-maxx-yogun-bakim-merhemi\/#breadcrumb","itemListElement":[{"@type":"ListItem","position":1,"name":"Anasayfa","item":"https:\/\/www.selesta.com.tr\/en\/"},{"@type":"ListItem","position":2,"name":"All Products","item":"https:\/\/www.selesta.com.tr\/en\/all-products\/"},{"@type":"ListItem","position":3,"name":"Selesta Pharma D-Panthenol Maxx Yo\u011fun Bak\u0131m Merhemi"}]},{"@type":"WebSite","@id":"https:\/\/www.selesta.com.tr\/en\/#website","url":"https:\/\/www.selesta.com.tr\/en\/","name":"Selesta: G\u00fczelli\u011fin Do\u011fal Yolculu\u011fu","description":"","publisher":{"@id":"https:\/\/www.selesta.com.tr\/en\/#organization"},"potentialAction":[{"@type":"SearchAction","target":{"@type":"EntryPoint","urlTemplate":"https:\/\/www.selesta.com.tr\/en\/?s={search_term_string}"},"query-input":{"@type":"PropertyValueSpecification","valueRequired":true,"valueName":"search_term_string"}}],"inLanguage":"en-US"},{"@type":"Organization","@id":"https:\/\/www.selesta.com.tr\/en\/#organization","name":"Selesta: G\u00fczelli\u011fin Do\u011fal Yolculu\u011fu","url":"https:\/\/www.selesta.com.tr\/en\/","logo":{"@type":"ImageObject","inLanguage":"en-US","@id":"https:\/\/www.selesta.com.tr\/en\/#\/schema\/logo\/image\/","url":"https:\/\/www.selesta.com.tr\/wp-content\/uploads\/2024\/09\/Adsiz-tasarim-29.png","contentUrl":"https:\/\/www.selesta.com.tr\/wp-content\/uploads\/2024\/09\/Adsiz-tasarim-29.png","width":300,"height":200,"caption":"Selesta: G\u00fczelli\u011fin Do\u011fal Yolculu\u011fu"},"image":{"@id":"https:\/\/www.selesta.com.tr\/en\/#\/schema\/logo\/image\/"}}]}},"_links":{"self":[{"href":"https:\/\/www.selesta.com.tr\/en\/wp-json\/wp\/v2\/product\/13168","targetHints":{"allow":["GET"]}}],"collection":[{"href":"https:\/\/www.selesta.com.tr\/en\/wp-json\/wp\/v2\/product"}],"about":[{"href":"https:\/\/www.selesta.com.tr\/en\/wp-json\/wp\/v2\/types\/product"}],"replies":[{"embeddable":true,"href":"https:\/\/www.selesta.com.tr\/en\/wp-json\/wp\/v2\/comments?post=13168"}],"wp:featuredmedia":[{"embeddable":true,"href":"https:\/\/www.selesta.com.tr\/en\/wp-json\/wp\/v2\/media\/13119"}],"wp:attachment":[{"href":"https:\/\/www.selesta.com.tr\/en\/wp-json\/wp\/v2\/media?parent=13168"}],"wp:term":[{"taxonomy":"product_cat","embeddable":true,"href":"https:\/\/www.selesta.com.tr\/en\/wp-json\/wp\/v2\/product_cat?post=13168"},{"taxonomy":"product_tag","embeddable":true,"href":"https:\/\/www.selesta.com.tr\/en\/wp-json\/wp\/v2\/product_tag?post=13168"}],"curies":[{"name":"wp","href":"https:\/\/api.w.org\/{rel}","templated":true}]}}