{"id":13163,"date":"2026-03-24T00:44:18","date_gmt":"2026-03-23T21:44:18","guid":{"rendered":"https:\/\/www.selesta.com.tr\/urun\/bitter-melon-herbal-care-cream"},"modified":"2026-03-24T00:44:18","modified_gmt":"2026-03-23T21:44:18","slug":"bitter-melon-herbal-care-cream","status":"publish","type":"product","link":"https:\/\/www.selesta.com.tr\/en\/product\/bitter-melon-herbal-care-cream\/","title":{"rendered":"Bitter Melon Herbal Care Cream"},"content":{"rendered":"<p><span data-sheets-root=\"1\">Bitter melon is a unique plant traditionally known in skincare for its restorative and soothing properties. Thanks to its natural composition, it helps nourish the skin, protect it, and support it against external factors. The Selesta Pharma Bitter Melon Series is developed to provide balanced care by combining bitter melon with vitamin E, olive oil, hyaluronic acid and provitamin B5. The Herbal Care Cream:<br \/>\n\u2013 helps moisturize and soften the skin,<br \/>\n\u2013 supports daily skincare routines,<br \/>\n\u2013 helps maintain the skin\u2019s natural balance.<br \/>\nIts light texture makes it suitable for regular use.<br \/>\n<\/span><\/p>\n","protected":false},"excerpt":{"rendered":"<p>Bitter melon is a unique plant traditionally known in skincare for its restorative and soothing properties. Thanks to its natural composition, it helps nourish the skin, protect it, and support it against external factors. The Selesta Pharma Bitter Melon Series is developed to provide balanced care by combining bitter melon with vitamin E, olive oil, [&hellip;]<\/p>\n","protected":false},"featured_media":13147,"comment_status":"open","ping_status":"closed","template":"","meta":[],"product_cat":[468,551],"product_tag":[],"class_list":{"0":"post-13163","1":"product","2":"type-product","3":"status-publish","4":"has-post-thumbnail","6":"product_cat-skin-care","7":"product_cat-skin-care-creams","9":"first","10":"instock","11":"shipping-taxable","12":"purchasable","13":"product-type-simple"},"yoast_head":"<!-- This site is optimized with the Yoast SEO plugin v27.2 - https:\/\/yoast.com\/product\/yoast-seo-wordpress\/ -->\n<title>Bitter Melon Herbal Care Cream | Selesta<\/title>\n<meta name=\"robots\" content=\"index, follow, max-snippet:-1, max-image-preview:large, max-video-preview:-1\" \/>\n<link rel=\"canonical\" href=\"https:\/\/www.selesta.com.tr\/en\/product\/bitter-melon-herbal-care-cream\" \/>\n<meta property=\"og:locale\" content=\"en_US\" \/>\n<meta property=\"og:type\" content=\"article\" \/>\n<meta property=\"og:title\" content=\"Bitter Melon Herbal Care Cream | Selesta\" \/>\n<meta property=\"og:description\" content=\"Bitter melon is a unique plant traditionally known in skincare for its restorative and soothing properties. Thanks to its natural composition, it helps nourish the skin, protect it, and support it against external factors. The Selesta Pharma Bitter Melon Series is developed to provide balanced care by combining bitter melon with vitamin E, olive oil, [&hellip;]\" \/>\n<meta property=\"og:url\" content=\"https:\/\/www.selesta.com.tr\/en\/product\/bitter-melon-herbal-care-cream\" \/>\n<meta property=\"og:site_name\" content=\"Selesta: G\u00fczelli\u011fin Do\u011fal Yolculu\u011fu\" \/>\n<meta property=\"og:image\" content=\"https:\/\/www.selesta.com.tr\/wp-content\/uploads\/2026\/03\/Pharma_Kudret_Nari_Seri-01-scaled.webp\" \/>\n\t<meta property=\"og:image:width\" content=\"2560\" \/>\n\t<meta property=\"og:image:height\" content=\"2560\" \/>\n\t<meta property=\"og:image:type\" content=\"image\/webp\" \/>\n<meta name=\"twitter:card\" content=\"summary_large_image\" \/>\n<script type=\"application\/ld+json\" class=\"yoast-schema-graph\">{\"@context\":\"https:\/\/schema.org\",\"@graph\":[{\"@type\":[\"WebPage\",\"ItemPage\"],\"@id\":\"https:\/\/www.selesta.com.tr\/en\/product\/bitter-melon-herbal-care-cream\/\",\"url\":\"https:\/\/www.selesta.com.tr\/en\/product\/bitter-melon-herbal-care-cream\/\",\"name\":\"Bitter Melon Herbal Care Cream | Selesta\",\"isPartOf\":{\"@id\":\"https:\/\/www.selesta.com.tr\/en\/#website\"},\"primaryImageOfPage\":{\"@id\":\"https:\/\/www.selesta.com.tr\/en\/product\/bitter-melon-herbal-care-cream\/#primaryimage\"},\"image\":{\"@id\":\"https:\/\/www.selesta.com.tr\/en\/product\/bitter-melon-herbal-care-cream\/#primaryimage\"},\"thumbnailUrl\":\"https:\/\/www.selesta.com.tr\/wp-content\/uploads\/2026\/03\/Pharma_Kudret_Nari_Seri-01-scaled.webp\",\"datePublished\":\"2026-03-23T21:44:18+00:00\",\"breadcrumb\":{\"@id\":\"https:\/\/www.selesta.com.tr\/en\/product\/bitter-melon-herbal-care-cream\/#breadcrumb\"},\"inLanguage\":\"en-US\",\"potentialAction\":[{\"@type\":\"ReadAction\",\"target\":[\"https:\/\/www.selesta.com.tr\/en\/product\/bitter-melon-herbal-care-cream\/\"]}]},{\"@type\":\"ImageObject\",\"inLanguage\":\"en-US\",\"@id\":\"https:\/\/www.selesta.com.tr\/en\/product\/bitter-melon-herbal-care-cream\/#primaryimage\",\"url\":\"https:\/\/www.selesta.com.tr\/wp-content\/uploads\/2026\/03\/Pharma_Kudret_Nari_Seri-01-scaled.webp\",\"contentUrl\":\"https:\/\/www.selesta.com.tr\/wp-content\/uploads\/2026\/03\/Pharma_Kudret_Nari_Seri-01-scaled.webp\",\"width\":2560,\"height\":2560},{\"@type\":\"BreadcrumbList\",\"@id\":\"https:\/\/www.selesta.com.tr\/en\/product\/bitter-melon-herbal-care-cream\/#breadcrumb\",\"itemListElement\":[{\"@type\":\"ListItem\",\"position\":1,\"name\":\"Anasayfa\",\"item\":\"https:\/\/www.selesta.com.tr\/en\/\"},{\"@type\":\"ListItem\",\"position\":2,\"name\":\"All Products\",\"item\":\"https:\/\/www.selesta.com.tr\/en\/all-products\/\"},{\"@type\":\"ListItem\",\"position\":3,\"name\":\"Bitter Melon Herbal Care Cream\"}]},{\"@type\":\"WebSite\",\"@id\":\"https:\/\/www.selesta.com.tr\/en\/#website\",\"url\":\"https:\/\/www.selesta.com.tr\/en\/\",\"name\":\"Selesta: G\u00fczelli\u011fin Do\u011fal Yolculu\u011fu\",\"description\":\"\",\"publisher\":{\"@id\":\"https:\/\/www.selesta.com.tr\/en\/#organization\"},\"potentialAction\":[{\"@type\":\"SearchAction\",\"target\":{\"@type\":\"EntryPoint\",\"urlTemplate\":\"https:\/\/www.selesta.com.tr\/en\/?s={search_term_string}\"},\"query-input\":{\"@type\":\"PropertyValueSpecification\",\"valueRequired\":true,\"valueName\":\"search_term_string\"}}],\"inLanguage\":\"en-US\"},{\"@type\":\"Organization\",\"@id\":\"https:\/\/www.selesta.com.tr\/en\/#organization\",\"name\":\"Selesta: G\u00fczelli\u011fin Do\u011fal Yolculu\u011fu\",\"url\":\"https:\/\/www.selesta.com.tr\/en\/\",\"logo\":{\"@type\":\"ImageObject\",\"inLanguage\":\"en-US\",\"@id\":\"https:\/\/www.selesta.com.tr\/en\/#\/schema\/logo\/image\/\",\"url\":\"https:\/\/www.selesta.com.tr\/wp-content\/uploads\/2024\/09\/Adsiz-tasarim-29.png\",\"contentUrl\":\"https:\/\/www.selesta.com.tr\/wp-content\/uploads\/2024\/09\/Adsiz-tasarim-29.png\",\"width\":300,\"height\":200,\"caption\":\"Selesta: G\u00fczelli\u011fin Do\u011fal Yolculu\u011fu\"},\"image\":{\"@id\":\"https:\/\/www.selesta.com.tr\/en\/#\/schema\/logo\/image\/\"}}]}<\/script>\n<!-- \/ Yoast SEO plugin. -->","yoast_head_json":{"title":"Bitter Melon Herbal Care Cream | Selesta","robots":{"index":"index","follow":"follow","max-snippet":"max-snippet:-1","max-image-preview":"max-image-preview:large","max-video-preview":"max-video-preview:-1"},"canonical":"https:\/\/www.selesta.com.tr\/en\/product\/bitter-melon-herbal-care-cream","og_locale":"en_US","og_type":"article","og_title":"Bitter Melon Herbal Care Cream | Selesta","og_description":"Bitter melon is a unique plant traditionally known in skincare for its restorative and soothing properties. Thanks to its natural composition, it helps nourish the skin, protect it, and support it against external factors. The Selesta Pharma Bitter Melon Series is developed to provide balanced care by combining bitter melon with vitamin E, olive oil, [&hellip;]","og_url":"https:\/\/www.selesta.com.tr\/en\/product\/bitter-melon-herbal-care-cream","og_site_name":"Selesta: G\u00fczelli\u011fin Do\u011fal Yolculu\u011fu","og_image":[{"width":2560,"height":2560,"url":"https:\/\/www.selesta.com.tr\/wp-content\/uploads\/2026\/03\/Pharma_Kudret_Nari_Seri-01-scaled.webp","type":"image\/webp"}],"twitter_card":"summary_large_image","schema":{"@context":"https:\/\/schema.org","@graph":[{"@type":["WebPage","ItemPage"],"@id":"https:\/\/www.selesta.com.tr\/en\/product\/bitter-melon-herbal-care-cream\/","url":"https:\/\/www.selesta.com.tr\/en\/product\/bitter-melon-herbal-care-cream\/","name":"Bitter Melon Herbal Care Cream | Selesta","isPartOf":{"@id":"https:\/\/www.selesta.com.tr\/en\/#website"},"primaryImageOfPage":{"@id":"https:\/\/www.selesta.com.tr\/en\/product\/bitter-melon-herbal-care-cream\/#primaryimage"},"image":{"@id":"https:\/\/www.selesta.com.tr\/en\/product\/bitter-melon-herbal-care-cream\/#primaryimage"},"thumbnailUrl":"https:\/\/www.selesta.com.tr\/wp-content\/uploads\/2026\/03\/Pharma_Kudret_Nari_Seri-01-scaled.webp","datePublished":"2026-03-23T21:44:18+00:00","breadcrumb":{"@id":"https:\/\/www.selesta.com.tr\/en\/product\/bitter-melon-herbal-care-cream\/#breadcrumb"},"inLanguage":"en-US","potentialAction":[{"@type":"ReadAction","target":["https:\/\/www.selesta.com.tr\/en\/product\/bitter-melon-herbal-care-cream\/"]}]},{"@type":"ImageObject","inLanguage":"en-US","@id":"https:\/\/www.selesta.com.tr\/en\/product\/bitter-melon-herbal-care-cream\/#primaryimage","url":"https:\/\/www.selesta.com.tr\/wp-content\/uploads\/2026\/03\/Pharma_Kudret_Nari_Seri-01-scaled.webp","contentUrl":"https:\/\/www.selesta.com.tr\/wp-content\/uploads\/2026\/03\/Pharma_Kudret_Nari_Seri-01-scaled.webp","width":2560,"height":2560},{"@type":"BreadcrumbList","@id":"https:\/\/www.selesta.com.tr\/en\/product\/bitter-melon-herbal-care-cream\/#breadcrumb","itemListElement":[{"@type":"ListItem","position":1,"name":"Anasayfa","item":"https:\/\/www.selesta.com.tr\/en\/"},{"@type":"ListItem","position":2,"name":"All Products","item":"https:\/\/www.selesta.com.tr\/en\/all-products\/"},{"@type":"ListItem","position":3,"name":"Bitter Melon Herbal Care Cream"}]},{"@type":"WebSite","@id":"https:\/\/www.selesta.com.tr\/en\/#website","url":"https:\/\/www.selesta.com.tr\/en\/","name":"Selesta: G\u00fczelli\u011fin Do\u011fal Yolculu\u011fu","description":"","publisher":{"@id":"https:\/\/www.selesta.com.tr\/en\/#organization"},"potentialAction":[{"@type":"SearchAction","target":{"@type":"EntryPoint","urlTemplate":"https:\/\/www.selesta.com.tr\/en\/?s={search_term_string}"},"query-input":{"@type":"PropertyValueSpecification","valueRequired":true,"valueName":"search_term_string"}}],"inLanguage":"en-US"},{"@type":"Organization","@id":"https:\/\/www.selesta.com.tr\/en\/#organization","name":"Selesta: G\u00fczelli\u011fin Do\u011fal Yolculu\u011fu","url":"https:\/\/www.selesta.com.tr\/en\/","logo":{"@type":"ImageObject","inLanguage":"en-US","@id":"https:\/\/www.selesta.com.tr\/en\/#\/schema\/logo\/image\/","url":"https:\/\/www.selesta.com.tr\/wp-content\/uploads\/2024\/09\/Adsiz-tasarim-29.png","contentUrl":"https:\/\/www.selesta.com.tr\/wp-content\/uploads\/2024\/09\/Adsiz-tasarim-29.png","width":300,"height":200,"caption":"Selesta: G\u00fczelli\u011fin Do\u011fal Yolculu\u011fu"},"image":{"@id":"https:\/\/www.selesta.com.tr\/en\/#\/schema\/logo\/image\/"}}]}},"_links":{"self":[{"href":"https:\/\/www.selesta.com.tr\/en\/wp-json\/wp\/v2\/product\/13163","targetHints":{"allow":["GET"]}}],"collection":[{"href":"https:\/\/www.selesta.com.tr\/en\/wp-json\/wp\/v2\/product"}],"about":[{"href":"https:\/\/www.selesta.com.tr\/en\/wp-json\/wp\/v2\/types\/product"}],"replies":[{"embeddable":true,"href":"https:\/\/www.selesta.com.tr\/en\/wp-json\/wp\/v2\/comments?post=13163"}],"wp:featuredmedia":[{"embeddable":true,"href":"https:\/\/www.selesta.com.tr\/en\/wp-json\/wp\/v2\/media\/13147"}],"wp:attachment":[{"href":"https:\/\/www.selesta.com.tr\/en\/wp-json\/wp\/v2\/media?parent=13163"}],"wp:term":[{"taxonomy":"product_cat","embeddable":true,"href":"https:\/\/www.selesta.com.tr\/en\/wp-json\/wp\/v2\/product_cat?post=13163"},{"taxonomy":"product_tag","embeddable":true,"href":"https:\/\/www.selesta.com.tr\/en\/wp-json\/wp\/v2\/product_tag?post=13163"}],"curies":[{"name":"wp","href":"https:\/\/api.w.org\/{rel}","templated":true}]}}