{"id":13027,"date":"2025-12-03T09:48:14","date_gmt":"2025-12-03T06:48:14","guid":{"rendered":"https:\/\/www.selesta.com.tr\/urun\/anti-acne-blackhead-face-cleansing-soap"},"modified":"2025-12-03T09:48:14","modified_gmt":"2025-12-03T06:48:14","slug":"anti-acne-blackhead-face-cleansing-soap","status":"publish","type":"product","link":"https:\/\/www.selesta.com.tr\/en\/product\/acne-black-spot-anti-face-cleansing-soap\/","title":{"rendered":"Anti Acne &amp; Blackhead Face Cleansing Soap"},"content":{"rendered":"<p><span data-sheets-root=\"1\">This facial cleansing soap gently removes excess oil, impurities, and makeup residue while helping to deeply purify the pores. Specially formulated for acne-prone skin and those struggling with blackheads, it helps balance the skin&#8217;s appearance and supports the prevention of new breakouts with regular use.  <\/span><\/p>\n","protected":false},"excerpt":{"rendered":"<p><span data-sheets-root=\"1\">This facial cleansing soap gently removes excess oil, impurities, and makeup residue while helping to deeply purify the pores.<\/span><\/p>\n","protected":false},"featured_media":13003,"comment_status":"open","ping_status":"closed","template":"","meta":[],"product_cat":[221,468,543],"product_tag":[],"class_list":{"0":"post-13027","1":"product","2":"type-product","3":"status-publish","4":"has-post-thumbnail","6":"product_brand-selesta-life","7":"product_cat-by-skin-care-product","8":"product_cat-skin-care","9":"product_cat-soaps","11":"first","12":"instock","13":"shipping-taxable","14":"purchasable","15":"product-type-simple"},"yoast_head":"<!-- This site is optimized with the Yoast SEO plugin v27.2 - https:\/\/yoast.com\/product\/yoast-seo-wordpress\/ -->\n<title>Anti Acne &amp; Blackhead Face Cleansing Soap | Selesta<\/title>\n<meta name=\"description\" content=\"It gently removes excess oil, dirt and accumulated make-up residues from the skin and helps deep cleansing of the pores. Specially developed for acne-prone and blackhead-prone skin. With regular use, it balances the appearance of the skin and offers an anti-glare effect.\" \/>\n<meta name=\"robots\" content=\"index, follow, max-snippet:-1, max-image-preview:large, max-video-preview:-1\" \/>\n<link rel=\"canonical\" href=\"https:\/\/www.selesta.com.tr\/en\/product\/acne-black-spot-anti-face-cleansing-soap\" \/>\n<meta property=\"og:locale\" content=\"en_US\" \/>\n<meta property=\"og:type\" content=\"article\" \/>\n<meta property=\"og:title\" content=\"Anti Acne &amp; Blackhead Face Cleansing Soap | Selesta\" \/>\n<meta property=\"og:description\" content=\"It gently removes excess oil, dirt and accumulated make-up residues from the skin and helps deep cleansing of the pores. Specially developed for acne-prone and blackhead-prone skin. With regular use, it balances the appearance of the skin and offers an anti-glare effect.\" \/>\n<meta property=\"og:url\" content=\"https:\/\/www.selesta.com.tr\/en\/product\/acne-black-spot-anti-face-cleansing-soap\" \/>\n<meta property=\"og:site_name\" content=\"Selesta: G\u00fczelli\u011fin Do\u011fal Yolculu\u011fu\" \/>\n<meta property=\"og:image\" content=\"https:\/\/www.selesta.com.tr\/wp-content\/uploads\/2025\/12\/Stok_Sabunlar-04-scaled.webp\" \/>\n\t<meta property=\"og:image:width\" content=\"2560\" \/>\n\t<meta property=\"og:image:height\" content=\"2560\" \/>\n\t<meta property=\"og:image:type\" content=\"image\/webp\" \/>\n<meta name=\"twitter:card\" content=\"summary_large_image\" \/>\n<script type=\"application\/ld+json\" class=\"yoast-schema-graph\">{\"@context\":\"https:\/\/schema.org\",\"@graph\":[{\"@type\":[\"WebPage\",\"ItemPage\"],\"@id\":\"https:\/\/www.selesta.com.tr\/en\/product\/acne-black-spot-anti-face-cleansing-soap\/\",\"url\":\"https:\/\/www.selesta.com.tr\/en\/product\/acne-black-spot-anti-face-cleansing-soap\/\",\"name\":\"Anti Acne &amp; Blackhead Face Cleansing Soap | Selesta\",\"isPartOf\":{\"@id\":\"https:\/\/www.selesta.com.tr\/en\/#website\"},\"primaryImageOfPage\":{\"@id\":\"https:\/\/www.selesta.com.tr\/en\/product\/acne-black-spot-anti-face-cleansing-soap\/#primaryimage\"},\"image\":{\"@id\":\"https:\/\/www.selesta.com.tr\/en\/product\/acne-black-spot-anti-face-cleansing-soap\/#primaryimage\"},\"thumbnailUrl\":\"https:\/\/www.selesta.com.tr\/wp-content\/uploads\/2025\/12\/Stok_Sabunlar-04-scaled.webp\",\"datePublished\":\"2025-12-03T06:48:14+00:00\",\"description\":\"It gently removes excess oil, dirt and accumulated make-up residues from the skin and helps deep cleansing of the pores. Specially developed for acne-prone and blackhead-prone skin. With regular use, it balances the appearance of the skin and offers an anti-glare effect.\",\"breadcrumb\":{\"@id\":\"https:\/\/www.selesta.com.tr\/en\/product\/acne-black-spot-anti-face-cleansing-soap\/#breadcrumb\"},\"inLanguage\":\"en-US\",\"potentialAction\":[{\"@type\":\"ReadAction\",\"target\":[\"https:\/\/www.selesta.com.tr\/en\/product\/acne-black-spot-anti-face-cleansing-soap\/\"]}]},{\"@type\":\"ImageObject\",\"inLanguage\":\"en-US\",\"@id\":\"https:\/\/www.selesta.com.tr\/en\/product\/acne-black-spot-anti-face-cleansing-soap\/#primaryimage\",\"url\":\"https:\/\/www.selesta.com.tr\/wp-content\/uploads\/2025\/12\/Stok_Sabunlar-04-scaled.webp\",\"contentUrl\":\"https:\/\/www.selesta.com.tr\/wp-content\/uploads\/2025\/12\/Stok_Sabunlar-04-scaled.webp\",\"width\":2560,\"height\":2560},{\"@type\":\"BreadcrumbList\",\"@id\":\"https:\/\/www.selesta.com.tr\/en\/product\/acne-black-spot-anti-face-cleansing-soap\/#breadcrumb\",\"itemListElement\":[{\"@type\":\"ListItem\",\"position\":1,\"name\":\"Anasayfa\",\"item\":\"https:\/\/www.selesta.com.tr\/en\/\"},{\"@type\":\"ListItem\",\"position\":2,\"name\":\"All Products\",\"item\":\"https:\/\/www.selesta.com.tr\/en\/all-products\/\"},{\"@type\":\"ListItem\",\"position\":3,\"name\":\"Anti Acne &amp; Blackhead Face Cleansing Soap\"}]},{\"@type\":\"WebSite\",\"@id\":\"https:\/\/www.selesta.com.tr\/en\/#website\",\"url\":\"https:\/\/www.selesta.com.tr\/en\/\",\"name\":\"Selesta: G\u00fczelli\u011fin Do\u011fal Yolculu\u011fu\",\"description\":\"\",\"publisher\":{\"@id\":\"https:\/\/www.selesta.com.tr\/en\/#organization\"},\"potentialAction\":[{\"@type\":\"SearchAction\",\"target\":{\"@type\":\"EntryPoint\",\"urlTemplate\":\"https:\/\/www.selesta.com.tr\/en\/?s={search_term_string}\"},\"query-input\":{\"@type\":\"PropertyValueSpecification\",\"valueRequired\":true,\"valueName\":\"search_term_string\"}}],\"inLanguage\":\"en-US\"},{\"@type\":\"Organization\",\"@id\":\"https:\/\/www.selesta.com.tr\/en\/#organization\",\"name\":\"Selesta: G\u00fczelli\u011fin Do\u011fal Yolculu\u011fu\",\"url\":\"https:\/\/www.selesta.com.tr\/en\/\",\"logo\":{\"@type\":\"ImageObject\",\"inLanguage\":\"en-US\",\"@id\":\"https:\/\/www.selesta.com.tr\/en\/#\/schema\/logo\/image\/\",\"url\":\"https:\/\/www.selesta.com.tr\/wp-content\/uploads\/2024\/09\/Adsiz-tasarim-29.png\",\"contentUrl\":\"https:\/\/www.selesta.com.tr\/wp-content\/uploads\/2024\/09\/Adsiz-tasarim-29.png\",\"width\":300,\"height\":200,\"caption\":\"Selesta: G\u00fczelli\u011fin Do\u011fal Yolculu\u011fu\"},\"image\":{\"@id\":\"https:\/\/www.selesta.com.tr\/en\/#\/schema\/logo\/image\/\"}}]}<\/script>\n<!-- \/ Yoast SEO plugin. -->","yoast_head_json":{"title":"Anti Acne &amp; Blackhead Face Cleansing Soap | Selesta","description":"It gently removes excess oil, dirt and accumulated make-up residues from the skin and helps deep cleansing of the pores. Specially developed for acne-prone and blackhead-prone skin. With regular use, it balances the appearance of the skin and offers an anti-glare effect.","robots":{"index":"index","follow":"follow","max-snippet":"max-snippet:-1","max-image-preview":"max-image-preview:large","max-video-preview":"max-video-preview:-1"},"canonical":"https:\/\/www.selesta.com.tr\/en\/product\/acne-black-spot-anti-face-cleansing-soap","og_locale":"en_US","og_type":"article","og_title":"Anti Acne &amp; Blackhead Face Cleansing Soap | Selesta","og_description":"It gently removes excess oil, dirt and accumulated make-up residues from the skin and helps deep cleansing of the pores. Specially developed for acne-prone and blackhead-prone skin. With regular use, it balances the appearance of the skin and offers an anti-glare effect.","og_url":"https:\/\/www.selesta.com.tr\/en\/product\/acne-black-spot-anti-face-cleansing-soap","og_site_name":"Selesta: G\u00fczelli\u011fin Do\u011fal Yolculu\u011fu","og_image":[{"width":2560,"height":2560,"url":"https:\/\/www.selesta.com.tr\/wp-content\/uploads\/2025\/12\/Stok_Sabunlar-04-scaled.webp","type":"image\/webp"}],"twitter_card":"summary_large_image","schema":{"@context":"https:\/\/schema.org","@graph":[{"@type":["WebPage","ItemPage"],"@id":"https:\/\/www.selesta.com.tr\/en\/product\/acne-black-spot-anti-face-cleansing-soap\/","url":"https:\/\/www.selesta.com.tr\/en\/product\/acne-black-spot-anti-face-cleansing-soap\/","name":"Anti Acne &amp; Blackhead Face Cleansing Soap | Selesta","isPartOf":{"@id":"https:\/\/www.selesta.com.tr\/en\/#website"},"primaryImageOfPage":{"@id":"https:\/\/www.selesta.com.tr\/en\/product\/acne-black-spot-anti-face-cleansing-soap\/#primaryimage"},"image":{"@id":"https:\/\/www.selesta.com.tr\/en\/product\/acne-black-spot-anti-face-cleansing-soap\/#primaryimage"},"thumbnailUrl":"https:\/\/www.selesta.com.tr\/wp-content\/uploads\/2025\/12\/Stok_Sabunlar-04-scaled.webp","datePublished":"2025-12-03T06:48:14+00:00","description":"It gently removes excess oil, dirt and accumulated make-up residues from the skin and helps deep cleansing of the pores. Specially developed for acne-prone and blackhead-prone skin. With regular use, it balances the appearance of the skin and offers an anti-glare effect.","breadcrumb":{"@id":"https:\/\/www.selesta.com.tr\/en\/product\/acne-black-spot-anti-face-cleansing-soap\/#breadcrumb"},"inLanguage":"en-US","potentialAction":[{"@type":"ReadAction","target":["https:\/\/www.selesta.com.tr\/en\/product\/acne-black-spot-anti-face-cleansing-soap\/"]}]},{"@type":"ImageObject","inLanguage":"en-US","@id":"https:\/\/www.selesta.com.tr\/en\/product\/acne-black-spot-anti-face-cleansing-soap\/#primaryimage","url":"https:\/\/www.selesta.com.tr\/wp-content\/uploads\/2025\/12\/Stok_Sabunlar-04-scaled.webp","contentUrl":"https:\/\/www.selesta.com.tr\/wp-content\/uploads\/2025\/12\/Stok_Sabunlar-04-scaled.webp","width":2560,"height":2560},{"@type":"BreadcrumbList","@id":"https:\/\/www.selesta.com.tr\/en\/product\/acne-black-spot-anti-face-cleansing-soap\/#breadcrumb","itemListElement":[{"@type":"ListItem","position":1,"name":"Anasayfa","item":"https:\/\/www.selesta.com.tr\/en\/"},{"@type":"ListItem","position":2,"name":"All Products","item":"https:\/\/www.selesta.com.tr\/en\/all-products\/"},{"@type":"ListItem","position":3,"name":"Anti Acne &amp; Blackhead Face Cleansing Soap"}]},{"@type":"WebSite","@id":"https:\/\/www.selesta.com.tr\/en\/#website","url":"https:\/\/www.selesta.com.tr\/en\/","name":"Selesta: G\u00fczelli\u011fin Do\u011fal Yolculu\u011fu","description":"","publisher":{"@id":"https:\/\/www.selesta.com.tr\/en\/#organization"},"potentialAction":[{"@type":"SearchAction","target":{"@type":"EntryPoint","urlTemplate":"https:\/\/www.selesta.com.tr\/en\/?s={search_term_string}"},"query-input":{"@type":"PropertyValueSpecification","valueRequired":true,"valueName":"search_term_string"}}],"inLanguage":"en-US"},{"@type":"Organization","@id":"https:\/\/www.selesta.com.tr\/en\/#organization","name":"Selesta: G\u00fczelli\u011fin Do\u011fal Yolculu\u011fu","url":"https:\/\/www.selesta.com.tr\/en\/","logo":{"@type":"ImageObject","inLanguage":"en-US","@id":"https:\/\/www.selesta.com.tr\/en\/#\/schema\/logo\/image\/","url":"https:\/\/www.selesta.com.tr\/wp-content\/uploads\/2024\/09\/Adsiz-tasarim-29.png","contentUrl":"https:\/\/www.selesta.com.tr\/wp-content\/uploads\/2024\/09\/Adsiz-tasarim-29.png","width":300,"height":200,"caption":"Selesta: G\u00fczelli\u011fin Do\u011fal Yolculu\u011fu"},"image":{"@id":"https:\/\/www.selesta.com.tr\/en\/#\/schema\/logo\/image\/"}}]}},"_links":{"self":[{"href":"https:\/\/www.selesta.com.tr\/en\/wp-json\/wp\/v2\/product\/13027","targetHints":{"allow":["GET"]}}],"collection":[{"href":"https:\/\/www.selesta.com.tr\/en\/wp-json\/wp\/v2\/product"}],"about":[{"href":"https:\/\/www.selesta.com.tr\/en\/wp-json\/wp\/v2\/types\/product"}],"replies":[{"embeddable":true,"href":"https:\/\/www.selesta.com.tr\/en\/wp-json\/wp\/v2\/comments?post=13027"}],"wp:featuredmedia":[{"embeddable":true,"href":"https:\/\/www.selesta.com.tr\/en\/wp-json\/wp\/v2\/media\/13003"}],"wp:attachment":[{"href":"https:\/\/www.selesta.com.tr\/en\/wp-json\/wp\/v2\/media?parent=13027"}],"wp:term":[{"taxonomy":"product_cat","embeddable":true,"href":"https:\/\/www.selesta.com.tr\/en\/wp-json\/wp\/v2\/product_cat?post=13027"},{"taxonomy":"product_tag","embeddable":true,"href":"https:\/\/www.selesta.com.tr\/en\/wp-json\/wp\/v2\/product_tag?post=13027"}],"curies":[{"name":"wp","href":"https:\/\/api.w.org\/{rel}","templated":true}]}}