{"id":13025,"date":"2025-12-03T09:57:22","date_gmt":"2025-12-03T06:57:22","guid":{"rendered":"https:\/\/www.selesta.com.tr\/urun\/olive-oil-rosemary-soap"},"modified":"2026-02-22T16:23:04","modified_gmt":"2026-02-22T13:23:04","slug":"olive-oil-rosemary-soap","status":"publish","type":"product","link":"https:\/\/www.selesta.com.tr\/en\/product\/olive-oil-rosemary-soap\/","title":{"rendered":"Olive Oil &amp; Rosemary Soap"},"content":{"rendered":"<p><span data-sheets-root=\"1\">This revitalizing soap blends the refreshing properties of rosemary with the nourishing benefits of olive oil. Rosemary helps energize the skin, improves its appearance, and supports a more balanced look by refreshing the pores. Olive oil deeply nourishes, softens, and smooths the skin.  <\/span><\/p>\n","protected":false},"excerpt":{"rendered":"<p>This revitalizing soap blends the refreshing properties of rosemary with the nourishing benefits of olive oil.<\/p>\n","protected":false},"featured_media":13012,"comment_status":"open","ping_status":"closed","template":"","meta":[],"product_cat":[221,468,543],"product_tag":[],"class_list":{"0":"post-13025","1":"product","2":"type-product","3":"status-publish","4":"has-post-thumbnail","6":"product_brand-selesta-life","7":"product_cat-by-skin-care-product","8":"product_cat-skin-care","9":"product_cat-soaps","11":"first","12":"instock","13":"shipping-taxable","14":"purchasable","15":"product-type-simple"},"yoast_head":"<!-- This site is optimized with the Yoast SEO plugin v27.2 - https:\/\/yoast.com\/product\/yoast-seo-wordpress\/ -->\n<title>Olive Oil &amp; Rosemary Soap | Selesta<\/title>\n<meta name=\"description\" content=\"Combining the refreshing effects of olive oil and rosemary, this soap gently cleanses the skin while revitalizing and refreshing it at the same time. Rosemary extracts awaken and revitalize the skin and help to balance the appearance of pores. Olive oil deeply nourishes the skin, leaving it soft and smooth to the touch.\" \/>\n<meta name=\"robots\" content=\"index, follow, max-snippet:-1, max-image-preview:large, max-video-preview:-1\" \/>\n<link rel=\"canonical\" href=\"https:\/\/www.selesta.com.tr\/en\/product\/olive-oil-rosemary-soap\" \/>\n<meta property=\"og:locale\" content=\"en_US\" \/>\n<meta property=\"og:type\" content=\"article\" \/>\n<meta property=\"og:title\" content=\"Olive Oil &amp; Rosemary Soap | Selesta\" \/>\n<meta property=\"og:description\" content=\"Combining the refreshing effects of olive oil and rosemary, this soap gently cleanses the skin while revitalizing and refreshing it at the same time. Rosemary extracts awaken and revitalize the skin and help to balance the appearance of pores. Olive oil deeply nourishes the skin, leaving it soft and smooth to the touch.\" \/>\n<meta property=\"og:url\" content=\"https:\/\/www.selesta.com.tr\/en\/product\/olive-oil-rosemary-soap\" \/>\n<meta property=\"og:site_name\" content=\"Selesta: G\u00fczelli\u011fin Do\u011fal Yolculu\u011fu\" \/>\n<meta property=\"article:modified_time\" content=\"2026-02-22T13:23:04+00:00\" \/>\n<meta property=\"og:image\" content=\"https:\/\/www.selesta.com.tr\/wp-content\/uploads\/2025\/12\/Stok_Sabunlar-01-scaled.webp\" \/>\n\t<meta property=\"og:image:width\" content=\"2560\" \/>\n\t<meta property=\"og:image:height\" content=\"2560\" \/>\n\t<meta property=\"og:image:type\" content=\"image\/webp\" \/>\n<meta name=\"twitter:card\" content=\"summary_large_image\" \/>\n<script type=\"application\/ld+json\" class=\"yoast-schema-graph\">{\"@context\":\"https:\/\/schema.org\",\"@graph\":[{\"@type\":[\"WebPage\",\"ItemPage\"],\"@id\":\"https:\/\/www.selesta.com.tr\/en\/product\/olive-oil-rosemary-soap\/\",\"url\":\"https:\/\/www.selesta.com.tr\/en\/product\/olive-oil-rosemary-soap\/\",\"name\":\"Olive Oil &amp; Rosemary Soap | Selesta\",\"isPartOf\":{\"@id\":\"https:\/\/www.selesta.com.tr\/en\/#website\"},\"primaryImageOfPage\":{\"@id\":\"https:\/\/www.selesta.com.tr\/en\/product\/olive-oil-rosemary-soap\/#primaryimage\"},\"image\":{\"@id\":\"https:\/\/www.selesta.com.tr\/en\/product\/olive-oil-rosemary-soap\/#primaryimage\"},\"thumbnailUrl\":\"https:\/\/www.selesta.com.tr\/wp-content\/uploads\/2025\/12\/Stok_Sabunlar-01-scaled.webp\",\"datePublished\":\"2025-12-03T06:57:22+00:00\",\"dateModified\":\"2026-02-22T13:23:04+00:00\",\"description\":\"Combining the refreshing effects of olive oil and rosemary, this soap gently cleanses the skin while revitalizing and refreshing it at the same time. Rosemary extracts awaken and revitalize the skin and help to balance the appearance of pores. Olive oil deeply nourishes the skin, leaving it soft and smooth to the touch.\",\"breadcrumb\":{\"@id\":\"https:\/\/www.selesta.com.tr\/en\/product\/olive-oil-rosemary-soap\/#breadcrumb\"},\"inLanguage\":\"en-US\",\"potentialAction\":[{\"@type\":\"ReadAction\",\"target\":[\"https:\/\/www.selesta.com.tr\/en\/product\/olive-oil-rosemary-soap\/\"]}]},{\"@type\":\"ImageObject\",\"inLanguage\":\"en-US\",\"@id\":\"https:\/\/www.selesta.com.tr\/en\/product\/olive-oil-rosemary-soap\/#primaryimage\",\"url\":\"https:\/\/www.selesta.com.tr\/wp-content\/uploads\/2025\/12\/Stok_Sabunlar-01-scaled.webp\",\"contentUrl\":\"https:\/\/www.selesta.com.tr\/wp-content\/uploads\/2025\/12\/Stok_Sabunlar-01-scaled.webp\",\"width\":2560,\"height\":2560},{\"@type\":\"BreadcrumbList\",\"@id\":\"https:\/\/www.selesta.com.tr\/en\/product\/olive-oil-rosemary-soap\/#breadcrumb\",\"itemListElement\":[{\"@type\":\"ListItem\",\"position\":1,\"name\":\"Anasayfa\",\"item\":\"https:\/\/www.selesta.com.tr\/en\/\"},{\"@type\":\"ListItem\",\"position\":2,\"name\":\"All Products\",\"item\":\"https:\/\/www.selesta.com.tr\/en\/all-products\/\"},{\"@type\":\"ListItem\",\"position\":3,\"name\":\"Olive Oil &amp; Rosemary Soap\"}]},{\"@type\":\"WebSite\",\"@id\":\"https:\/\/www.selesta.com.tr\/en\/#website\",\"url\":\"https:\/\/www.selesta.com.tr\/en\/\",\"name\":\"Selesta: G\u00fczelli\u011fin Do\u011fal Yolculu\u011fu\",\"description\":\"\",\"publisher\":{\"@id\":\"https:\/\/www.selesta.com.tr\/en\/#organization\"},\"potentialAction\":[{\"@type\":\"SearchAction\",\"target\":{\"@type\":\"EntryPoint\",\"urlTemplate\":\"https:\/\/www.selesta.com.tr\/en\/?s={search_term_string}\"},\"query-input\":{\"@type\":\"PropertyValueSpecification\",\"valueRequired\":true,\"valueName\":\"search_term_string\"}}],\"inLanguage\":\"en-US\"},{\"@type\":\"Organization\",\"@id\":\"https:\/\/www.selesta.com.tr\/en\/#organization\",\"name\":\"Selesta: G\u00fczelli\u011fin Do\u011fal Yolculu\u011fu\",\"url\":\"https:\/\/www.selesta.com.tr\/en\/\",\"logo\":{\"@type\":\"ImageObject\",\"inLanguage\":\"en-US\",\"@id\":\"https:\/\/www.selesta.com.tr\/en\/#\/schema\/logo\/image\/\",\"url\":\"https:\/\/www.selesta.com.tr\/wp-content\/uploads\/2024\/09\/Adsiz-tasarim-29.png\",\"contentUrl\":\"https:\/\/www.selesta.com.tr\/wp-content\/uploads\/2024\/09\/Adsiz-tasarim-29.png\",\"width\":300,\"height\":200,\"caption\":\"Selesta: G\u00fczelli\u011fin Do\u011fal Yolculu\u011fu\"},\"image\":{\"@id\":\"https:\/\/www.selesta.com.tr\/en\/#\/schema\/logo\/image\/\"}}]}<\/script>\n<!-- \/ Yoast SEO plugin. -->","yoast_head_json":{"title":"Olive Oil &amp; Rosemary Soap | Selesta","description":"Combining the refreshing effects of olive oil and rosemary, this soap gently cleanses the skin while revitalizing and refreshing it at the same time. Rosemary extracts awaken and revitalize the skin and help to balance the appearance of pores. Olive oil deeply nourishes the skin, leaving it soft and smooth to the touch.","robots":{"index":"index","follow":"follow","max-snippet":"max-snippet:-1","max-image-preview":"max-image-preview:large","max-video-preview":"max-video-preview:-1"},"canonical":"https:\/\/www.selesta.com.tr\/en\/product\/olive-oil-rosemary-soap","og_locale":"en_US","og_type":"article","og_title":"Olive Oil &amp; Rosemary Soap | Selesta","og_description":"Combining the refreshing effects of olive oil and rosemary, this soap gently cleanses the skin while revitalizing and refreshing it at the same time. Rosemary extracts awaken and revitalize the skin and help to balance the appearance of pores. Olive oil deeply nourishes the skin, leaving it soft and smooth to the touch.","og_url":"https:\/\/www.selesta.com.tr\/en\/product\/olive-oil-rosemary-soap","og_site_name":"Selesta: G\u00fczelli\u011fin Do\u011fal Yolculu\u011fu","article_modified_time":"2026-02-22T13:23:04+00:00","og_image":[{"width":2560,"height":2560,"url":"https:\/\/www.selesta.com.tr\/wp-content\/uploads\/2025\/12\/Stok_Sabunlar-01-scaled.webp","type":"image\/webp"}],"twitter_card":"summary_large_image","schema":{"@context":"https:\/\/schema.org","@graph":[{"@type":["WebPage","ItemPage"],"@id":"https:\/\/www.selesta.com.tr\/en\/product\/olive-oil-rosemary-soap\/","url":"https:\/\/www.selesta.com.tr\/en\/product\/olive-oil-rosemary-soap\/","name":"Olive Oil &amp; Rosemary Soap | Selesta","isPartOf":{"@id":"https:\/\/www.selesta.com.tr\/en\/#website"},"primaryImageOfPage":{"@id":"https:\/\/www.selesta.com.tr\/en\/product\/olive-oil-rosemary-soap\/#primaryimage"},"image":{"@id":"https:\/\/www.selesta.com.tr\/en\/product\/olive-oil-rosemary-soap\/#primaryimage"},"thumbnailUrl":"https:\/\/www.selesta.com.tr\/wp-content\/uploads\/2025\/12\/Stok_Sabunlar-01-scaled.webp","datePublished":"2025-12-03T06:57:22+00:00","dateModified":"2026-02-22T13:23:04+00:00","description":"Combining the refreshing effects of olive oil and rosemary, this soap gently cleanses the skin while revitalizing and refreshing it at the same time. Rosemary extracts awaken and revitalize the skin and help to balance the appearance of pores. Olive oil deeply nourishes the skin, leaving it soft and smooth to the touch.","breadcrumb":{"@id":"https:\/\/www.selesta.com.tr\/en\/product\/olive-oil-rosemary-soap\/#breadcrumb"},"inLanguage":"en-US","potentialAction":[{"@type":"ReadAction","target":["https:\/\/www.selesta.com.tr\/en\/product\/olive-oil-rosemary-soap\/"]}]},{"@type":"ImageObject","inLanguage":"en-US","@id":"https:\/\/www.selesta.com.tr\/en\/product\/olive-oil-rosemary-soap\/#primaryimage","url":"https:\/\/www.selesta.com.tr\/wp-content\/uploads\/2025\/12\/Stok_Sabunlar-01-scaled.webp","contentUrl":"https:\/\/www.selesta.com.tr\/wp-content\/uploads\/2025\/12\/Stok_Sabunlar-01-scaled.webp","width":2560,"height":2560},{"@type":"BreadcrumbList","@id":"https:\/\/www.selesta.com.tr\/en\/product\/olive-oil-rosemary-soap\/#breadcrumb","itemListElement":[{"@type":"ListItem","position":1,"name":"Anasayfa","item":"https:\/\/www.selesta.com.tr\/en\/"},{"@type":"ListItem","position":2,"name":"All Products","item":"https:\/\/www.selesta.com.tr\/en\/all-products\/"},{"@type":"ListItem","position":3,"name":"Olive Oil &amp; Rosemary Soap"}]},{"@type":"WebSite","@id":"https:\/\/www.selesta.com.tr\/en\/#website","url":"https:\/\/www.selesta.com.tr\/en\/","name":"Selesta: G\u00fczelli\u011fin Do\u011fal Yolculu\u011fu","description":"","publisher":{"@id":"https:\/\/www.selesta.com.tr\/en\/#organization"},"potentialAction":[{"@type":"SearchAction","target":{"@type":"EntryPoint","urlTemplate":"https:\/\/www.selesta.com.tr\/en\/?s={search_term_string}"},"query-input":{"@type":"PropertyValueSpecification","valueRequired":true,"valueName":"search_term_string"}}],"inLanguage":"en-US"},{"@type":"Organization","@id":"https:\/\/www.selesta.com.tr\/en\/#organization","name":"Selesta: G\u00fczelli\u011fin Do\u011fal Yolculu\u011fu","url":"https:\/\/www.selesta.com.tr\/en\/","logo":{"@type":"ImageObject","inLanguage":"en-US","@id":"https:\/\/www.selesta.com.tr\/en\/#\/schema\/logo\/image\/","url":"https:\/\/www.selesta.com.tr\/wp-content\/uploads\/2024\/09\/Adsiz-tasarim-29.png","contentUrl":"https:\/\/www.selesta.com.tr\/wp-content\/uploads\/2024\/09\/Adsiz-tasarim-29.png","width":300,"height":200,"caption":"Selesta: G\u00fczelli\u011fin Do\u011fal Yolculu\u011fu"},"image":{"@id":"https:\/\/www.selesta.com.tr\/en\/#\/schema\/logo\/image\/"}}]}},"_links":{"self":[{"href":"https:\/\/www.selesta.com.tr\/en\/wp-json\/wp\/v2\/product\/13025","targetHints":{"allow":["GET"]}}],"collection":[{"href":"https:\/\/www.selesta.com.tr\/en\/wp-json\/wp\/v2\/product"}],"about":[{"href":"https:\/\/www.selesta.com.tr\/en\/wp-json\/wp\/v2\/types\/product"}],"replies":[{"embeddable":true,"href":"https:\/\/www.selesta.com.tr\/en\/wp-json\/wp\/v2\/comments?post=13025"}],"wp:featuredmedia":[{"embeddable":true,"href":"https:\/\/www.selesta.com.tr\/en\/wp-json\/wp\/v2\/media\/13012"}],"wp:attachment":[{"href":"https:\/\/www.selesta.com.tr\/en\/wp-json\/wp\/v2\/media?parent=13025"}],"wp:term":[{"taxonomy":"product_cat","embeddable":true,"href":"https:\/\/www.selesta.com.tr\/en\/wp-json\/wp\/v2\/product_cat?post=13025"},{"taxonomy":"product_tag","embeddable":true,"href":"https:\/\/www.selesta.com.tr\/en\/wp-json\/wp\/v2\/product_tag?post=13025"}],"curies":[{"name":"wp","href":"https:\/\/api.w.org\/{rel}","templated":true}]}}