{"id":13024,"date":"2025-12-03T10:02:32","date_gmt":"2025-12-03T07:02:32","guid":{"rendered":"https:\/\/www.selesta.com.tr\/urun\/olive-oil-pomegranate-soap"},"modified":"2026-01-05T04:09:41","modified_gmt":"2026-01-05T01:09:41","slug":"olive-oil-pomegranate-soap","status":"publish","type":"product","link":"https:\/\/www.selesta.com.tr\/en\/product\/olive-oil-power-pomegranate-soap\/","title":{"rendered":"Olive Oil &amp; Pomegranate Soap"},"content":{"rendered":"<p><span data-sheets-root=\"1\">This nourishing body soap combines the moisturizing benefits of olive oil with the restorative power of bitter melon. Bitter melon helps soothe and support the skin\u2019s natural repair process, making it ideal for sensitive or stressed skin. Olive oil deeply hydrates, softens, and enhances the skin\u2019s natural radiance.  <\/span><\/p>\n","protected":false},"excerpt":{"rendered":"<p><span data-sheets-root=\"1\">This nourishing body soap combines the moisturizing benefits of olive oil with the restorative power of bitter melon. <\/span><\/p>\n","protected":false},"featured_media":13015,"comment_status":"open","ping_status":"closed","template":"","meta":[],"product_cat":[221,468,543],"product_tag":[544],"class_list":{"0":"post-13024","1":"product","2":"type-product","3":"status-publish","4":"has-post-thumbnail","6":"product_brand-selesta-life","7":"product_cat-by-skin-care-product","8":"product_cat-skin-care","9":"product_cat-soaps","10":"product_tag-new","12":"first","13":"instock","14":"shipping-taxable","15":"purchasable","16":"product-type-simple"},"yoast_head":"<!-- This site is optimized with the Yoast SEO plugin v27.2 - https:\/\/yoast.com\/product\/yoast-seo-wordpress\/ -->\n<title>Olive Oil &amp; Pomegranate Soap | Selesta<\/title>\n<meta name=\"description\" content=\"This special body soap combines the nourishing effect of olive oil with the restorative power of potent pomegranate to gently cleanse and care for the skin at the same time. Thanks to its soothing and regenerating properties, it helps to strengthen the skin barrier. Olive oil deeply moisturizes, softens and gives the skin a natural shine.\" \/>\n<meta name=\"robots\" content=\"index, follow, max-snippet:-1, max-image-preview:large, max-video-preview:-1\" \/>\n<link rel=\"canonical\" href=\"https:\/\/www.selesta.com.tr\/en\/product\/olive-oil-power-pomegranate-soap\" \/>\n<meta property=\"og:locale\" content=\"en_US\" \/>\n<meta property=\"og:type\" content=\"article\" \/>\n<meta property=\"og:title\" content=\"Olive Oil &amp; Pomegranate Soap | Selesta\" \/>\n<meta property=\"og:description\" content=\"This special body soap combines the nourishing effect of olive oil with the restorative power of potent pomegranate to gently cleanse and care for the skin at the same time. Thanks to its soothing and regenerating properties, it helps to strengthen the skin barrier. Olive oil deeply moisturizes, softens and gives the skin a natural shine.\" \/>\n<meta property=\"og:url\" content=\"https:\/\/www.selesta.com.tr\/en\/product\/olive-oil-power-pomegranate-soap\" \/>\n<meta property=\"og:site_name\" content=\"Selesta: G\u00fczelli\u011fin Do\u011fal Yolculu\u011fu\" \/>\n<meta property=\"article:modified_time\" content=\"2026-01-05T01:09:41+00:00\" \/>\n<meta property=\"og:image\" content=\"https:\/\/www.selesta.com.tr\/wp-content\/uploads\/2025\/12\/Stok_Sabunlar-03-scaled.webp\" \/>\n\t<meta property=\"og:image:width\" content=\"2560\" \/>\n\t<meta property=\"og:image:height\" content=\"2560\" \/>\n\t<meta property=\"og:image:type\" content=\"image\/webp\" \/>\n<meta name=\"twitter:card\" content=\"summary_large_image\" \/>\n<script type=\"application\/ld+json\" class=\"yoast-schema-graph\">{\"@context\":\"https:\/\/schema.org\",\"@graph\":[{\"@type\":[\"WebPage\",\"ItemPage\"],\"@id\":\"https:\/\/www.selesta.com.tr\/en\/product\/olive-oil-power-pomegranate-soap\/\",\"url\":\"https:\/\/www.selesta.com.tr\/en\/product\/olive-oil-power-pomegranate-soap\/\",\"name\":\"Olive Oil &amp; Pomegranate Soap | Selesta\",\"isPartOf\":{\"@id\":\"https:\/\/www.selesta.com.tr\/en\/#website\"},\"primaryImageOfPage\":{\"@id\":\"https:\/\/www.selesta.com.tr\/en\/product\/olive-oil-power-pomegranate-soap\/#primaryimage\"},\"image\":{\"@id\":\"https:\/\/www.selesta.com.tr\/en\/product\/olive-oil-power-pomegranate-soap\/#primaryimage\"},\"thumbnailUrl\":\"https:\/\/www.selesta.com.tr\/wp-content\/uploads\/2025\/12\/Stok_Sabunlar-03-scaled.webp\",\"datePublished\":\"2025-12-03T07:02:32+00:00\",\"dateModified\":\"2026-01-05T01:09:41+00:00\",\"description\":\"This special body soap combines the nourishing effect of olive oil with the restorative power of potent pomegranate to gently cleanse and care for the skin at the same time. Thanks to its soothing and regenerating properties, it helps to strengthen the skin barrier. Olive oil deeply moisturizes, softens and gives the skin a natural shine.\",\"breadcrumb\":{\"@id\":\"https:\/\/www.selesta.com.tr\/en\/product\/olive-oil-power-pomegranate-soap\/#breadcrumb\"},\"inLanguage\":\"en-US\",\"potentialAction\":[{\"@type\":\"ReadAction\",\"target\":[\"https:\/\/www.selesta.com.tr\/en\/product\/olive-oil-power-pomegranate-soap\/\"]}]},{\"@type\":\"ImageObject\",\"inLanguage\":\"en-US\",\"@id\":\"https:\/\/www.selesta.com.tr\/en\/product\/olive-oil-power-pomegranate-soap\/#primaryimage\",\"url\":\"https:\/\/www.selesta.com.tr\/wp-content\/uploads\/2025\/12\/Stok_Sabunlar-03-scaled.webp\",\"contentUrl\":\"https:\/\/www.selesta.com.tr\/wp-content\/uploads\/2025\/12\/Stok_Sabunlar-03-scaled.webp\",\"width\":2560,\"height\":2560},{\"@type\":\"BreadcrumbList\",\"@id\":\"https:\/\/www.selesta.com.tr\/en\/product\/olive-oil-power-pomegranate-soap\/#breadcrumb\",\"itemListElement\":[{\"@type\":\"ListItem\",\"position\":1,\"name\":\"Anasayfa\",\"item\":\"https:\/\/www.selesta.com.tr\/en\/\"},{\"@type\":\"ListItem\",\"position\":2,\"name\":\"All Products\",\"item\":\"https:\/\/www.selesta.com.tr\/en\/all-products\/\"},{\"@type\":\"ListItem\",\"position\":3,\"name\":\"Olive Oil &amp; Pomegranate Soap\"}]},{\"@type\":\"WebSite\",\"@id\":\"https:\/\/www.selesta.com.tr\/en\/#website\",\"url\":\"https:\/\/www.selesta.com.tr\/en\/\",\"name\":\"Selesta: G\u00fczelli\u011fin Do\u011fal Yolculu\u011fu\",\"description\":\"\",\"publisher\":{\"@id\":\"https:\/\/www.selesta.com.tr\/en\/#organization\"},\"potentialAction\":[{\"@type\":\"SearchAction\",\"target\":{\"@type\":\"EntryPoint\",\"urlTemplate\":\"https:\/\/www.selesta.com.tr\/en\/?s={search_term_string}\"},\"query-input\":{\"@type\":\"PropertyValueSpecification\",\"valueRequired\":true,\"valueName\":\"search_term_string\"}}],\"inLanguage\":\"en-US\"},{\"@type\":\"Organization\",\"@id\":\"https:\/\/www.selesta.com.tr\/en\/#organization\",\"name\":\"Selesta: G\u00fczelli\u011fin Do\u011fal Yolculu\u011fu\",\"url\":\"https:\/\/www.selesta.com.tr\/en\/\",\"logo\":{\"@type\":\"ImageObject\",\"inLanguage\":\"en-US\",\"@id\":\"https:\/\/www.selesta.com.tr\/en\/#\/schema\/logo\/image\/\",\"url\":\"https:\/\/www.selesta.com.tr\/wp-content\/uploads\/2024\/09\/Adsiz-tasarim-29.png\",\"contentUrl\":\"https:\/\/www.selesta.com.tr\/wp-content\/uploads\/2024\/09\/Adsiz-tasarim-29.png\",\"width\":300,\"height\":200,\"caption\":\"Selesta: G\u00fczelli\u011fin Do\u011fal Yolculu\u011fu\"},\"image\":{\"@id\":\"https:\/\/www.selesta.com.tr\/en\/#\/schema\/logo\/image\/\"}}]}<\/script>\n<!-- \/ Yoast SEO plugin. -->","yoast_head_json":{"title":"Olive Oil &amp; Pomegranate Soap | Selesta","description":"This special body soap combines the nourishing effect of olive oil with the restorative power of potent pomegranate to gently cleanse and care for the skin at the same time. Thanks to its soothing and regenerating properties, it helps to strengthen the skin barrier. Olive oil deeply moisturizes, softens and gives the skin a natural shine.","robots":{"index":"index","follow":"follow","max-snippet":"max-snippet:-1","max-image-preview":"max-image-preview:large","max-video-preview":"max-video-preview:-1"},"canonical":"https:\/\/www.selesta.com.tr\/en\/product\/olive-oil-power-pomegranate-soap","og_locale":"en_US","og_type":"article","og_title":"Olive Oil &amp; Pomegranate Soap | Selesta","og_description":"This special body soap combines the nourishing effect of olive oil with the restorative power of potent pomegranate to gently cleanse and care for the skin at the same time. Thanks to its soothing and regenerating properties, it helps to strengthen the skin barrier. Olive oil deeply moisturizes, softens and gives the skin a natural shine.","og_url":"https:\/\/www.selesta.com.tr\/en\/product\/olive-oil-power-pomegranate-soap","og_site_name":"Selesta: G\u00fczelli\u011fin Do\u011fal Yolculu\u011fu","article_modified_time":"2026-01-05T01:09:41+00:00","og_image":[{"width":2560,"height":2560,"url":"https:\/\/www.selesta.com.tr\/wp-content\/uploads\/2025\/12\/Stok_Sabunlar-03-scaled.webp","type":"image\/webp"}],"twitter_card":"summary_large_image","schema":{"@context":"https:\/\/schema.org","@graph":[{"@type":["WebPage","ItemPage"],"@id":"https:\/\/www.selesta.com.tr\/en\/product\/olive-oil-power-pomegranate-soap\/","url":"https:\/\/www.selesta.com.tr\/en\/product\/olive-oil-power-pomegranate-soap\/","name":"Olive Oil &amp; Pomegranate Soap | Selesta","isPartOf":{"@id":"https:\/\/www.selesta.com.tr\/en\/#website"},"primaryImageOfPage":{"@id":"https:\/\/www.selesta.com.tr\/en\/product\/olive-oil-power-pomegranate-soap\/#primaryimage"},"image":{"@id":"https:\/\/www.selesta.com.tr\/en\/product\/olive-oil-power-pomegranate-soap\/#primaryimage"},"thumbnailUrl":"https:\/\/www.selesta.com.tr\/wp-content\/uploads\/2025\/12\/Stok_Sabunlar-03-scaled.webp","datePublished":"2025-12-03T07:02:32+00:00","dateModified":"2026-01-05T01:09:41+00:00","description":"This special body soap combines the nourishing effect of olive oil with the restorative power of potent pomegranate to gently cleanse and care for the skin at the same time. Thanks to its soothing and regenerating properties, it helps to strengthen the skin barrier. Olive oil deeply moisturizes, softens and gives the skin a natural shine.","breadcrumb":{"@id":"https:\/\/www.selesta.com.tr\/en\/product\/olive-oil-power-pomegranate-soap\/#breadcrumb"},"inLanguage":"en-US","potentialAction":[{"@type":"ReadAction","target":["https:\/\/www.selesta.com.tr\/en\/product\/olive-oil-power-pomegranate-soap\/"]}]},{"@type":"ImageObject","inLanguage":"en-US","@id":"https:\/\/www.selesta.com.tr\/en\/product\/olive-oil-power-pomegranate-soap\/#primaryimage","url":"https:\/\/www.selesta.com.tr\/wp-content\/uploads\/2025\/12\/Stok_Sabunlar-03-scaled.webp","contentUrl":"https:\/\/www.selesta.com.tr\/wp-content\/uploads\/2025\/12\/Stok_Sabunlar-03-scaled.webp","width":2560,"height":2560},{"@type":"BreadcrumbList","@id":"https:\/\/www.selesta.com.tr\/en\/product\/olive-oil-power-pomegranate-soap\/#breadcrumb","itemListElement":[{"@type":"ListItem","position":1,"name":"Anasayfa","item":"https:\/\/www.selesta.com.tr\/en\/"},{"@type":"ListItem","position":2,"name":"All Products","item":"https:\/\/www.selesta.com.tr\/en\/all-products\/"},{"@type":"ListItem","position":3,"name":"Olive Oil &amp; Pomegranate Soap"}]},{"@type":"WebSite","@id":"https:\/\/www.selesta.com.tr\/en\/#website","url":"https:\/\/www.selesta.com.tr\/en\/","name":"Selesta: G\u00fczelli\u011fin Do\u011fal Yolculu\u011fu","description":"","publisher":{"@id":"https:\/\/www.selesta.com.tr\/en\/#organization"},"potentialAction":[{"@type":"SearchAction","target":{"@type":"EntryPoint","urlTemplate":"https:\/\/www.selesta.com.tr\/en\/?s={search_term_string}"},"query-input":{"@type":"PropertyValueSpecification","valueRequired":true,"valueName":"search_term_string"}}],"inLanguage":"en-US"},{"@type":"Organization","@id":"https:\/\/www.selesta.com.tr\/en\/#organization","name":"Selesta: G\u00fczelli\u011fin Do\u011fal Yolculu\u011fu","url":"https:\/\/www.selesta.com.tr\/en\/","logo":{"@type":"ImageObject","inLanguage":"en-US","@id":"https:\/\/www.selesta.com.tr\/en\/#\/schema\/logo\/image\/","url":"https:\/\/www.selesta.com.tr\/wp-content\/uploads\/2024\/09\/Adsiz-tasarim-29.png","contentUrl":"https:\/\/www.selesta.com.tr\/wp-content\/uploads\/2024\/09\/Adsiz-tasarim-29.png","width":300,"height":200,"caption":"Selesta: G\u00fczelli\u011fin Do\u011fal Yolculu\u011fu"},"image":{"@id":"https:\/\/www.selesta.com.tr\/en\/#\/schema\/logo\/image\/"}}]}},"_links":{"self":[{"href":"https:\/\/www.selesta.com.tr\/en\/wp-json\/wp\/v2\/product\/13024","targetHints":{"allow":["GET"]}}],"collection":[{"href":"https:\/\/www.selesta.com.tr\/en\/wp-json\/wp\/v2\/product"}],"about":[{"href":"https:\/\/www.selesta.com.tr\/en\/wp-json\/wp\/v2\/types\/product"}],"replies":[{"embeddable":true,"href":"https:\/\/www.selesta.com.tr\/en\/wp-json\/wp\/v2\/comments?post=13024"}],"wp:featuredmedia":[{"embeddable":true,"href":"https:\/\/www.selesta.com.tr\/en\/wp-json\/wp\/v2\/media\/13015"}],"wp:attachment":[{"href":"https:\/\/www.selesta.com.tr\/en\/wp-json\/wp\/v2\/media?parent=13024"}],"wp:term":[{"taxonomy":"product_cat","embeddable":true,"href":"https:\/\/www.selesta.com.tr\/en\/wp-json\/wp\/v2\/product_cat?post=13024"},{"taxonomy":"product_tag","embeddable":true,"href":"https:\/\/www.selesta.com.tr\/en\/wp-json\/wp\/v2\/product_tag?post=13024"}],"curies":[{"name":"wp","href":"https:\/\/api.w.org\/{rel}","templated":true}]}}