{"id":12564,"date":"2025-01-11T20:12:17","date_gmt":"2025-01-11T17:12:17","guid":{"rendered":"https:\/\/www.selesta.com.tr\/urun\/curl-defining-hair-care-set\/"},"modified":"2026-01-17T01:07:15","modified_gmt":"2026-01-16T22:07:15","slug":"curl-defining-hair-care-set","status":"publish","type":"product","link":"https:\/\/www.selesta.com.tr\/en\/product\/curl-defining-hair-care-set\/","title":{"rendered":"Curl Defining Hair Care Set"},"content":{"rendered":"<p><strong>Curl Defining Shampoo:<\/strong><br \/>\nOur curl defining shampoo, enriched with Shea Butter, Tiare Flower, Aloe Vera, Sage, Pro Vitamin B5, and a complex of vitamins and herbal extracts, provides intense moisture to enhance the definition of your curls. It deeply nourishes your hair and helps protect it from external factors, giving your hair a healthy appearance and shine.<\/p>\n<p><strong>Curl Defining Conditioner:<\/strong><br \/>\nOur curl defining conditioner, containing Shea Butter, Tiare Flower, Aloe Vera, Sage, Pro Vitamin B5, and a complex of vitamins and herbal extracts, is specially formulated for wavy and curly hair. It provides intense moisture to enhance your curls, deeply nourishes your hair, and helps protect it from external factors. It gives your hair a healthy look and shine.<\/p>\n<p><strong>Leave In Curl Defining Cream:<\/strong><br \/>\nOur leave-in curl defining cream, containing Shea Butter, Tiare Flower, Aloe Vera, Sage, Pro Vitamin B5, and a complex of vitamins and herbal extracts, provides intense moisture to enhance your curls and prevent frizz. It deeply nourishes your hair and helps protect it from external factors, giving your hair a healthy look and shine.<\/p>\n","protected":false},"excerpt":{"rendered":"<p>The Curl Defining Hair Care Set is specially designed to revitalize and define your curls. Enriched with shea butter, tiare flower, aloe vera, sage, Pro-Vitamin B5, vitamins, and a complex of herbal extracts, this set nourishes your hair while adding natural volume and flexibility to your curls.<\/p>\n","protected":false},"featured_media":12467,"comment_status":"open","ping_status":"closed","template":"","meta":[],"product_cat":[531],"product_tag":[],"class_list":{"0":"post-12564","1":"product","2":"type-product","3":"status-publish","4":"has-post-thumbnail","6":"product_brand-selesta-life","7":"product_cat-hair-care-sets","9":"first","10":"instock","11":"shipping-taxable","12":"purchasable","13":"product-type-simple"},"yoast_head":"<!-- This site is optimized with the Yoast SEO plugin v27.2 - https:\/\/yoast.com\/product\/yoast-seo-wordpress\/ -->\n<title>Curl Defining Hair Care Set | Selesta<\/title>\n<meta name=\"robots\" content=\"index, follow, max-snippet:-1, max-image-preview:large, max-video-preview:-1\" \/>\n<link rel=\"canonical\" href=\"https:\/\/www.selesta.com.tr\/en\/product\/curl-defining-hair-care-set\" \/>\n<meta property=\"og:locale\" content=\"en_US\" \/>\n<meta property=\"og:type\" content=\"article\" \/>\n<meta property=\"og:title\" content=\"Curl Defining Hair Care Set | Selesta\" \/>\n<meta property=\"og:description\" content=\"The Curl Defining Hair Care Set is specially designed to revitalize and define your curls. Enriched with shea butter, tiare flower, aloe vera, sage, Pro-Vitamin B5, vitamins, and a complex of herbal extracts, this set nourishes your hair while adding natural volume and flexibility to your curls.\" \/>\n<meta property=\"og:url\" content=\"https:\/\/www.selesta.com.tr\/en\/product\/curl-defining-hair-care-set\" \/>\n<meta property=\"og:site_name\" content=\"Selesta: G\u00fczelli\u011fin Do\u011fal Yolculu\u011fu\" \/>\n<meta property=\"article:modified_time\" content=\"2026-01-16T22:07:15+00:00\" \/>\n<meta property=\"og:image\" content=\"https:\/\/www.selesta.com.tr\/wp-content\/uploads\/2025\/01\/Bukle_Belirginlestirici_set_urun-1.webp\" \/>\n\t<meta property=\"og:image:width\" content=\"1600\" \/>\n\t<meta property=\"og:image:height\" content=\"1600\" \/>\n\t<meta property=\"og:image:type\" content=\"image\/webp\" \/>\n<meta name=\"twitter:card\" content=\"summary_large_image\" \/>\n<meta name=\"twitter:label1\" content=\"Est. reading time\" \/>\n\t<meta name=\"twitter:data1\" content=\"2 minutes\" \/>\n<script type=\"application\/ld+json\" class=\"yoast-schema-graph\">{\"@context\":\"https:\/\/schema.org\",\"@graph\":[{\"@type\":[\"WebPage\",\"ItemPage\"],\"@id\":\"https:\/\/www.selesta.com.tr\/en\/product\/curl-defining-hair-care-set\/\",\"url\":\"https:\/\/www.selesta.com.tr\/en\/product\/curl-defining-hair-care-set\/\",\"name\":\"Curl Defining Hair Care Set | Selesta\",\"isPartOf\":{\"@id\":\"https:\/\/www.selesta.com.tr\/en\/#website\"},\"primaryImageOfPage\":{\"@id\":\"https:\/\/www.selesta.com.tr\/en\/product\/curl-defining-hair-care-set\/#primaryimage\"},\"image\":{\"@id\":\"https:\/\/www.selesta.com.tr\/en\/product\/curl-defining-hair-care-set\/#primaryimage\"},\"thumbnailUrl\":\"https:\/\/www.selesta.com.tr\/wp-content\/uploads\/2025\/01\/Bukle_Belirginlestirici_set_urun-1.webp\",\"datePublished\":\"2025-01-11T17:12:17+00:00\",\"dateModified\":\"2026-01-16T22:07:15+00:00\",\"breadcrumb\":{\"@id\":\"https:\/\/www.selesta.com.tr\/en\/product\/curl-defining-hair-care-set\/#breadcrumb\"},\"inLanguage\":\"en-US\",\"potentialAction\":[{\"@type\":\"ReadAction\",\"target\":[\"https:\/\/www.selesta.com.tr\/en\/product\/curl-defining-hair-care-set\/\"]}]},{\"@type\":\"ImageObject\",\"inLanguage\":\"en-US\",\"@id\":\"https:\/\/www.selesta.com.tr\/en\/product\/curl-defining-hair-care-set\/#primaryimage\",\"url\":\"https:\/\/www.selesta.com.tr\/wp-content\/uploads\/2025\/01\/Bukle_Belirginlestirici_set_urun-1.webp\",\"contentUrl\":\"https:\/\/www.selesta.com.tr\/wp-content\/uploads\/2025\/01\/Bukle_Belirginlestirici_set_urun-1.webp\",\"width\":1600,\"height\":1600},{\"@type\":\"BreadcrumbList\",\"@id\":\"https:\/\/www.selesta.com.tr\/en\/product\/curl-defining-hair-care-set\/#breadcrumb\",\"itemListElement\":[{\"@type\":\"ListItem\",\"position\":1,\"name\":\"Anasayfa\",\"item\":\"https:\/\/www.selesta.com.tr\/en\/\"},{\"@type\":\"ListItem\",\"position\":2,\"name\":\"All Products\",\"item\":\"https:\/\/www.selesta.com.tr\/en\/all-products\/\"},{\"@type\":\"ListItem\",\"position\":3,\"name\":\"Curl Defining Hair Care Set\"}]},{\"@type\":\"WebSite\",\"@id\":\"https:\/\/www.selesta.com.tr\/en\/#website\",\"url\":\"https:\/\/www.selesta.com.tr\/en\/\",\"name\":\"Selesta: G\u00fczelli\u011fin Do\u011fal Yolculu\u011fu\",\"description\":\"\",\"publisher\":{\"@id\":\"https:\/\/www.selesta.com.tr\/en\/#organization\"},\"potentialAction\":[{\"@type\":\"SearchAction\",\"target\":{\"@type\":\"EntryPoint\",\"urlTemplate\":\"https:\/\/www.selesta.com.tr\/en\/?s={search_term_string}\"},\"query-input\":{\"@type\":\"PropertyValueSpecification\",\"valueRequired\":true,\"valueName\":\"search_term_string\"}}],\"inLanguage\":\"en-US\"},{\"@type\":\"Organization\",\"@id\":\"https:\/\/www.selesta.com.tr\/en\/#organization\",\"name\":\"Selesta: G\u00fczelli\u011fin Do\u011fal Yolculu\u011fu\",\"url\":\"https:\/\/www.selesta.com.tr\/en\/\",\"logo\":{\"@type\":\"ImageObject\",\"inLanguage\":\"en-US\",\"@id\":\"https:\/\/www.selesta.com.tr\/en\/#\/schema\/logo\/image\/\",\"url\":\"https:\/\/www.selesta.com.tr\/wp-content\/uploads\/2024\/09\/Adsiz-tasarim-29.png\",\"contentUrl\":\"https:\/\/www.selesta.com.tr\/wp-content\/uploads\/2024\/09\/Adsiz-tasarim-29.png\",\"width\":300,\"height\":200,\"caption\":\"Selesta: G\u00fczelli\u011fin Do\u011fal Yolculu\u011fu\"},\"image\":{\"@id\":\"https:\/\/www.selesta.com.tr\/en\/#\/schema\/logo\/image\/\"}}]}<\/script>\n<!-- \/ Yoast SEO plugin. -->","yoast_head_json":{"title":"Curl Defining Hair Care Set | Selesta","robots":{"index":"index","follow":"follow","max-snippet":"max-snippet:-1","max-image-preview":"max-image-preview:large","max-video-preview":"max-video-preview:-1"},"canonical":"https:\/\/www.selesta.com.tr\/en\/product\/curl-defining-hair-care-set","og_locale":"en_US","og_type":"article","og_title":"Curl Defining Hair Care Set | Selesta","og_description":"The Curl Defining Hair Care Set is specially designed to revitalize and define your curls. Enriched with shea butter, tiare flower, aloe vera, sage, Pro-Vitamin B5, vitamins, and a complex of herbal extracts, this set nourishes your hair while adding natural volume and flexibility to your curls.","og_url":"https:\/\/www.selesta.com.tr\/en\/product\/curl-defining-hair-care-set","og_site_name":"Selesta: G\u00fczelli\u011fin Do\u011fal Yolculu\u011fu","article_modified_time":"2026-01-16T22:07:15+00:00","og_image":[{"width":1600,"height":1600,"url":"https:\/\/www.selesta.com.tr\/wp-content\/uploads\/2025\/01\/Bukle_Belirginlestirici_set_urun-1.webp","type":"image\/webp"}],"twitter_card":"summary_large_image","twitter_misc":{"Est. reading time":"2 minutes"},"schema":{"@context":"https:\/\/schema.org","@graph":[{"@type":["WebPage","ItemPage"],"@id":"https:\/\/www.selesta.com.tr\/en\/product\/curl-defining-hair-care-set\/","url":"https:\/\/www.selesta.com.tr\/en\/product\/curl-defining-hair-care-set\/","name":"Curl Defining Hair Care Set | Selesta","isPartOf":{"@id":"https:\/\/www.selesta.com.tr\/en\/#website"},"primaryImageOfPage":{"@id":"https:\/\/www.selesta.com.tr\/en\/product\/curl-defining-hair-care-set\/#primaryimage"},"image":{"@id":"https:\/\/www.selesta.com.tr\/en\/product\/curl-defining-hair-care-set\/#primaryimage"},"thumbnailUrl":"https:\/\/www.selesta.com.tr\/wp-content\/uploads\/2025\/01\/Bukle_Belirginlestirici_set_urun-1.webp","datePublished":"2025-01-11T17:12:17+00:00","dateModified":"2026-01-16T22:07:15+00:00","breadcrumb":{"@id":"https:\/\/www.selesta.com.tr\/en\/product\/curl-defining-hair-care-set\/#breadcrumb"},"inLanguage":"en-US","potentialAction":[{"@type":"ReadAction","target":["https:\/\/www.selesta.com.tr\/en\/product\/curl-defining-hair-care-set\/"]}]},{"@type":"ImageObject","inLanguage":"en-US","@id":"https:\/\/www.selesta.com.tr\/en\/product\/curl-defining-hair-care-set\/#primaryimage","url":"https:\/\/www.selesta.com.tr\/wp-content\/uploads\/2025\/01\/Bukle_Belirginlestirici_set_urun-1.webp","contentUrl":"https:\/\/www.selesta.com.tr\/wp-content\/uploads\/2025\/01\/Bukle_Belirginlestirici_set_urun-1.webp","width":1600,"height":1600},{"@type":"BreadcrumbList","@id":"https:\/\/www.selesta.com.tr\/en\/product\/curl-defining-hair-care-set\/#breadcrumb","itemListElement":[{"@type":"ListItem","position":1,"name":"Anasayfa","item":"https:\/\/www.selesta.com.tr\/en\/"},{"@type":"ListItem","position":2,"name":"All Products","item":"https:\/\/www.selesta.com.tr\/en\/all-products\/"},{"@type":"ListItem","position":3,"name":"Curl Defining Hair Care Set"}]},{"@type":"WebSite","@id":"https:\/\/www.selesta.com.tr\/en\/#website","url":"https:\/\/www.selesta.com.tr\/en\/","name":"Selesta: G\u00fczelli\u011fin Do\u011fal Yolculu\u011fu","description":"","publisher":{"@id":"https:\/\/www.selesta.com.tr\/en\/#organization"},"potentialAction":[{"@type":"SearchAction","target":{"@type":"EntryPoint","urlTemplate":"https:\/\/www.selesta.com.tr\/en\/?s={search_term_string}"},"query-input":{"@type":"PropertyValueSpecification","valueRequired":true,"valueName":"search_term_string"}}],"inLanguage":"en-US"},{"@type":"Organization","@id":"https:\/\/www.selesta.com.tr\/en\/#organization","name":"Selesta: G\u00fczelli\u011fin Do\u011fal Yolculu\u011fu","url":"https:\/\/www.selesta.com.tr\/en\/","logo":{"@type":"ImageObject","inLanguage":"en-US","@id":"https:\/\/www.selesta.com.tr\/en\/#\/schema\/logo\/image\/","url":"https:\/\/www.selesta.com.tr\/wp-content\/uploads\/2024\/09\/Adsiz-tasarim-29.png","contentUrl":"https:\/\/www.selesta.com.tr\/wp-content\/uploads\/2024\/09\/Adsiz-tasarim-29.png","width":300,"height":200,"caption":"Selesta: G\u00fczelli\u011fin Do\u011fal Yolculu\u011fu"},"image":{"@id":"https:\/\/www.selesta.com.tr\/en\/#\/schema\/logo\/image\/"}}]}},"_links":{"self":[{"href":"https:\/\/www.selesta.com.tr\/en\/wp-json\/wp\/v2\/product\/12564","targetHints":{"allow":["GET"]}}],"collection":[{"href":"https:\/\/www.selesta.com.tr\/en\/wp-json\/wp\/v2\/product"}],"about":[{"href":"https:\/\/www.selesta.com.tr\/en\/wp-json\/wp\/v2\/types\/product"}],"replies":[{"embeddable":true,"href":"https:\/\/www.selesta.com.tr\/en\/wp-json\/wp\/v2\/comments?post=12564"}],"wp:featuredmedia":[{"embeddable":true,"href":"https:\/\/www.selesta.com.tr\/en\/wp-json\/wp\/v2\/media\/12467"}],"wp:attachment":[{"href":"https:\/\/www.selesta.com.tr\/en\/wp-json\/wp\/v2\/media?parent=12564"}],"wp:term":[{"taxonomy":"product_cat","embeddable":true,"href":"https:\/\/www.selesta.com.tr\/en\/wp-json\/wp\/v2\/product_cat?post=12564"},{"taxonomy":"product_tag","embeddable":true,"href":"https:\/\/www.selesta.com.tr\/en\/wp-json\/wp\/v2\/product_tag?post=12564"}],"curies":[{"name":"wp","href":"https:\/\/api.w.org\/{rel}","templated":true}]}}