{"id":12562,"date":"2025-01-11T20:12:14","date_gmt":"2025-01-11T17:12:14","guid":{"rendered":"https:\/\/www.selesta.com.tr\/?post_type=product&#038;p=12562"},"modified":"2026-01-17T01:06:45","modified_gmt":"2026-01-16T22:06:45","slug":"repairing-protective-hair-care-set-for-processed-and-damaged-hair","status":"publish","type":"product","link":"https:\/\/www.selesta.com.tr\/en\/product\/repairing-and-protective-hair-care-set-for-processed-and-damaged-hair\/","title":{"rendered":"Repairing &#038; Protective Hair Care Set for Processed and Damaged Hair"},"content":{"rendered":"<p>Repair &amp; Protect Shampoo:<br \/>\nOur repair and protect shampoo, enriched with horsetail, henna, biotin, Pro Vitamin B5, vitamins, and a complex of herbal extracts, is specially formulated for treated and damaged hair. It deeply nourishes your hair and helps protect it from external factors. It gives your hair a healthy appearance and shine.<\/p>\n<p>Repair &amp; Protect Conditioner:<br \/>\nOur repair &amp; protect conditioner, enriched with horsetail, henna, biotin, Pro Vitamin B5, and a complex of vitamins and herbal extracts, is specially formulated for treated and damaged hair. It deeply nourishes your hair and helps protect it from external factors. It adds softness, shine, and a healthy appearance to your hair.<\/p>\n<p>UV Protectant Liquid Conditioner:<br \/>\nOur UV protectant liquid conditioner, enriched with horsetail, henna, biotin, Pro Vitamin B5, vitamins, and a complex of herbal extracts, is specially formulated for treated and damaged hair. It protects, nourishes, and helps repair your hair from the harmful UV rays of the sun. It adds softness, shine, and a healthy appearance to your hair.<\/p>\n","protected":false},"excerpt":{"rendered":"<p>The Repairing and Protective Hair Care Set is specially formulated for processed and damaged hair. Enriched with horsetail, henna, biotin, Pro-Vitamin B5, and a complex of herbal extracts, this set restores your hair&#8217;s natural shine while providing strong protection against external factors with its UV shield<\/p>\n","protected":false},"featured_media":12457,"comment_status":"open","ping_status":"closed","template":"","meta":[],"product_cat":[276,274,531],"product_tag":[],"class_list":{"0":"post-12562","1":"product","2":"type-product","3":"status-publish","4":"has-post-thumbnail","6":"product_brand-selesta-life","7":"product_cat-by-product","8":"product_cat-hair-care","9":"product_cat-hair-care-sets","11":"first","12":"instock","13":"sale","14":"shipping-taxable","15":"purchasable","16":"product-type-simple"},"yoast_head":"<!-- This site is optimized with the Yoast SEO plugin v27.2 - https:\/\/yoast.com\/product\/yoast-seo-wordpress\/ -->\n<title>Repairing &amp; Protective Hair Care Set for Processed and Damaged Hair | Selesta<\/title>\n<meta name=\"robots\" content=\"index, follow, max-snippet:-1, max-image-preview:large, max-video-preview:-1\" \/>\n<link rel=\"canonical\" href=\"https:\/\/www.selesta.com.tr\/en\/product\/repairing-and-protective-hair-care-set-for-processed-and-damaged-hair\" \/>\n<meta property=\"og:locale\" content=\"en_US\" \/>\n<meta property=\"og:type\" content=\"article\" \/>\n<meta property=\"og:title\" content=\"Repairing &amp; Protective Hair Care Set for Processed and Damaged Hair | Selesta\" \/>\n<meta property=\"og:description\" content=\"The Repairing and Protective Hair Care Set is specially formulated for processed and damaged hair. Enriched with horsetail, henna, biotin, Pro-Vitamin B5, and a complex of herbal extracts, this set restores your hair&#039;s natural shine while providing strong protection against external factors with its UV shield\" \/>\n<meta property=\"og:url\" content=\"https:\/\/www.selesta.com.tr\/en\/product\/repairing-and-protective-hair-care-set-for-processed-and-damaged-hair\" \/>\n<meta property=\"og:site_name\" content=\"Selesta: G\u00fczelli\u011fin Do\u011fal Yolculu\u011fu\" \/>\n<meta property=\"article:modified_time\" content=\"2026-01-16T22:06:45+00:00\" \/>\n<meta property=\"og:image\" content=\"https:\/\/www.selesta.com.tr\/wp-content\/uploads\/2025\/01\/Onarici_Koruyucu_set_urun-1.webp\" \/>\n\t<meta property=\"og:image:width\" content=\"1600\" \/>\n\t<meta property=\"og:image:height\" content=\"1600\" \/>\n\t<meta property=\"og:image:type\" content=\"image\/webp\" \/>\n<meta name=\"twitter:card\" content=\"summary_large_image\" \/>\n<meta name=\"twitter:label1\" content=\"Est. reading time\" \/>\n\t<meta name=\"twitter:data1\" content=\"2 minutes\" \/>\n<script type=\"application\/ld+json\" class=\"yoast-schema-graph\">{\"@context\":\"https:\/\/schema.org\",\"@graph\":[{\"@type\":[\"WebPage\",\"ItemPage\"],\"@id\":\"https:\/\/www.selesta.com.tr\/en\/product\/repairing-and-protective-hair-care-set-for-processed-and-damaged-hair\/\",\"url\":\"https:\/\/www.selesta.com.tr\/en\/product\/repairing-and-protective-hair-care-set-for-processed-and-damaged-hair\/\",\"name\":\"Repairing & Protective Hair Care Set for Processed and Damaged Hair | Selesta\",\"isPartOf\":{\"@id\":\"https:\/\/www.selesta.com.tr\/en\/#website\"},\"primaryImageOfPage\":{\"@id\":\"https:\/\/www.selesta.com.tr\/en\/product\/repairing-and-protective-hair-care-set-for-processed-and-damaged-hair\/#primaryimage\"},\"image\":{\"@id\":\"https:\/\/www.selesta.com.tr\/en\/product\/repairing-and-protective-hair-care-set-for-processed-and-damaged-hair\/#primaryimage\"},\"thumbnailUrl\":\"https:\/\/www.selesta.com.tr\/wp-content\/uploads\/2025\/01\/Onarici_Koruyucu_set_urun-1.webp\",\"datePublished\":\"2025-01-11T17:12:14+00:00\",\"dateModified\":\"2026-01-16T22:06:45+00:00\",\"breadcrumb\":{\"@id\":\"https:\/\/www.selesta.com.tr\/en\/product\/repairing-and-protective-hair-care-set-for-processed-and-damaged-hair\/#breadcrumb\"},\"inLanguage\":\"en-US\",\"potentialAction\":[{\"@type\":\"ReadAction\",\"target\":[\"https:\/\/www.selesta.com.tr\/en\/product\/repairing-and-protective-hair-care-set-for-processed-and-damaged-hair\/\"]}]},{\"@type\":\"ImageObject\",\"inLanguage\":\"en-US\",\"@id\":\"https:\/\/www.selesta.com.tr\/en\/product\/repairing-and-protective-hair-care-set-for-processed-and-damaged-hair\/#primaryimage\",\"url\":\"https:\/\/www.selesta.com.tr\/wp-content\/uploads\/2025\/01\/Onarici_Koruyucu_set_urun-1.webp\",\"contentUrl\":\"https:\/\/www.selesta.com.tr\/wp-content\/uploads\/2025\/01\/Onarici_Koruyucu_set_urun-1.webp\",\"width\":1600,\"height\":1600},{\"@type\":\"BreadcrumbList\",\"@id\":\"https:\/\/www.selesta.com.tr\/en\/product\/repairing-and-protective-hair-care-set-for-processed-and-damaged-hair\/#breadcrumb\",\"itemListElement\":[{\"@type\":\"ListItem\",\"position\":1,\"name\":\"Anasayfa\",\"item\":\"https:\/\/www.selesta.com.tr\/en\/\"},{\"@type\":\"ListItem\",\"position\":2,\"name\":\"All Products\",\"item\":\"https:\/\/www.selesta.com.tr\/en\/all-products\/\"},{\"@type\":\"ListItem\",\"position\":3,\"name\":\"Repairing &#038; Protective Hair Care Set for Processed and Damaged Hair\"}]},{\"@type\":\"WebSite\",\"@id\":\"https:\/\/www.selesta.com.tr\/en\/#website\",\"url\":\"https:\/\/www.selesta.com.tr\/en\/\",\"name\":\"Selesta: G\u00fczelli\u011fin Do\u011fal Yolculu\u011fu\",\"description\":\"\",\"publisher\":{\"@id\":\"https:\/\/www.selesta.com.tr\/en\/#organization\"},\"potentialAction\":[{\"@type\":\"SearchAction\",\"target\":{\"@type\":\"EntryPoint\",\"urlTemplate\":\"https:\/\/www.selesta.com.tr\/en\/?s={search_term_string}\"},\"query-input\":{\"@type\":\"PropertyValueSpecification\",\"valueRequired\":true,\"valueName\":\"search_term_string\"}}],\"inLanguage\":\"en-US\"},{\"@type\":\"Organization\",\"@id\":\"https:\/\/www.selesta.com.tr\/en\/#organization\",\"name\":\"Selesta: G\u00fczelli\u011fin Do\u011fal Yolculu\u011fu\",\"url\":\"https:\/\/www.selesta.com.tr\/en\/\",\"logo\":{\"@type\":\"ImageObject\",\"inLanguage\":\"en-US\",\"@id\":\"https:\/\/www.selesta.com.tr\/en\/#\/schema\/logo\/image\/\",\"url\":\"https:\/\/www.selesta.com.tr\/wp-content\/uploads\/2024\/09\/Adsiz-tasarim-29.png\",\"contentUrl\":\"https:\/\/www.selesta.com.tr\/wp-content\/uploads\/2024\/09\/Adsiz-tasarim-29.png\",\"width\":300,\"height\":200,\"caption\":\"Selesta: G\u00fczelli\u011fin Do\u011fal Yolculu\u011fu\"},\"image\":{\"@id\":\"https:\/\/www.selesta.com.tr\/en\/#\/schema\/logo\/image\/\"}}]}<\/script>\n<!-- \/ Yoast SEO plugin. -->","yoast_head_json":{"title":"Repairing & Protective Hair Care Set for Processed and Damaged Hair | Selesta","robots":{"index":"index","follow":"follow","max-snippet":"max-snippet:-1","max-image-preview":"max-image-preview:large","max-video-preview":"max-video-preview:-1"},"canonical":"https:\/\/www.selesta.com.tr\/en\/product\/repairing-and-protective-hair-care-set-for-processed-and-damaged-hair","og_locale":"en_US","og_type":"article","og_title":"Repairing & Protective Hair Care Set for Processed and Damaged Hair | Selesta","og_description":"The Repairing and Protective Hair Care Set is specially formulated for processed and damaged hair. Enriched with horsetail, henna, biotin, Pro-Vitamin B5, and a complex of herbal extracts, this set restores your hair's natural shine while providing strong protection against external factors with its UV shield","og_url":"https:\/\/www.selesta.com.tr\/en\/product\/repairing-and-protective-hair-care-set-for-processed-and-damaged-hair","og_site_name":"Selesta: G\u00fczelli\u011fin Do\u011fal Yolculu\u011fu","article_modified_time":"2026-01-16T22:06:45+00:00","og_image":[{"width":1600,"height":1600,"url":"https:\/\/www.selesta.com.tr\/wp-content\/uploads\/2025\/01\/Onarici_Koruyucu_set_urun-1.webp","type":"image\/webp"}],"twitter_card":"summary_large_image","twitter_misc":{"Est. reading time":"2 minutes"},"schema":{"@context":"https:\/\/schema.org","@graph":[{"@type":["WebPage","ItemPage"],"@id":"https:\/\/www.selesta.com.tr\/en\/product\/repairing-and-protective-hair-care-set-for-processed-and-damaged-hair\/","url":"https:\/\/www.selesta.com.tr\/en\/product\/repairing-and-protective-hair-care-set-for-processed-and-damaged-hair\/","name":"Repairing & Protective Hair Care Set for Processed and Damaged Hair | Selesta","isPartOf":{"@id":"https:\/\/www.selesta.com.tr\/en\/#website"},"primaryImageOfPage":{"@id":"https:\/\/www.selesta.com.tr\/en\/product\/repairing-and-protective-hair-care-set-for-processed-and-damaged-hair\/#primaryimage"},"image":{"@id":"https:\/\/www.selesta.com.tr\/en\/product\/repairing-and-protective-hair-care-set-for-processed-and-damaged-hair\/#primaryimage"},"thumbnailUrl":"https:\/\/www.selesta.com.tr\/wp-content\/uploads\/2025\/01\/Onarici_Koruyucu_set_urun-1.webp","datePublished":"2025-01-11T17:12:14+00:00","dateModified":"2026-01-16T22:06:45+00:00","breadcrumb":{"@id":"https:\/\/www.selesta.com.tr\/en\/product\/repairing-and-protective-hair-care-set-for-processed-and-damaged-hair\/#breadcrumb"},"inLanguage":"en-US","potentialAction":[{"@type":"ReadAction","target":["https:\/\/www.selesta.com.tr\/en\/product\/repairing-and-protective-hair-care-set-for-processed-and-damaged-hair\/"]}]},{"@type":"ImageObject","inLanguage":"en-US","@id":"https:\/\/www.selesta.com.tr\/en\/product\/repairing-and-protective-hair-care-set-for-processed-and-damaged-hair\/#primaryimage","url":"https:\/\/www.selesta.com.tr\/wp-content\/uploads\/2025\/01\/Onarici_Koruyucu_set_urun-1.webp","contentUrl":"https:\/\/www.selesta.com.tr\/wp-content\/uploads\/2025\/01\/Onarici_Koruyucu_set_urun-1.webp","width":1600,"height":1600},{"@type":"BreadcrumbList","@id":"https:\/\/www.selesta.com.tr\/en\/product\/repairing-and-protective-hair-care-set-for-processed-and-damaged-hair\/#breadcrumb","itemListElement":[{"@type":"ListItem","position":1,"name":"Anasayfa","item":"https:\/\/www.selesta.com.tr\/en\/"},{"@type":"ListItem","position":2,"name":"All Products","item":"https:\/\/www.selesta.com.tr\/en\/all-products\/"},{"@type":"ListItem","position":3,"name":"Repairing &#038; Protective Hair Care Set for Processed and Damaged Hair"}]},{"@type":"WebSite","@id":"https:\/\/www.selesta.com.tr\/en\/#website","url":"https:\/\/www.selesta.com.tr\/en\/","name":"Selesta: G\u00fczelli\u011fin Do\u011fal Yolculu\u011fu","description":"","publisher":{"@id":"https:\/\/www.selesta.com.tr\/en\/#organization"},"potentialAction":[{"@type":"SearchAction","target":{"@type":"EntryPoint","urlTemplate":"https:\/\/www.selesta.com.tr\/en\/?s={search_term_string}"},"query-input":{"@type":"PropertyValueSpecification","valueRequired":true,"valueName":"search_term_string"}}],"inLanguage":"en-US"},{"@type":"Organization","@id":"https:\/\/www.selesta.com.tr\/en\/#organization","name":"Selesta: G\u00fczelli\u011fin Do\u011fal Yolculu\u011fu","url":"https:\/\/www.selesta.com.tr\/en\/","logo":{"@type":"ImageObject","inLanguage":"en-US","@id":"https:\/\/www.selesta.com.tr\/en\/#\/schema\/logo\/image\/","url":"https:\/\/www.selesta.com.tr\/wp-content\/uploads\/2024\/09\/Adsiz-tasarim-29.png","contentUrl":"https:\/\/www.selesta.com.tr\/wp-content\/uploads\/2024\/09\/Adsiz-tasarim-29.png","width":300,"height":200,"caption":"Selesta: G\u00fczelli\u011fin Do\u011fal Yolculu\u011fu"},"image":{"@id":"https:\/\/www.selesta.com.tr\/en\/#\/schema\/logo\/image\/"}}]}},"_links":{"self":[{"href":"https:\/\/www.selesta.com.tr\/en\/wp-json\/wp\/v2\/product\/12562","targetHints":{"allow":["GET"]}}],"collection":[{"href":"https:\/\/www.selesta.com.tr\/en\/wp-json\/wp\/v2\/product"}],"about":[{"href":"https:\/\/www.selesta.com.tr\/en\/wp-json\/wp\/v2\/types\/product"}],"replies":[{"embeddable":true,"href":"https:\/\/www.selesta.com.tr\/en\/wp-json\/wp\/v2\/comments?post=12562"}],"wp:featuredmedia":[{"embeddable":true,"href":"https:\/\/www.selesta.com.tr\/en\/wp-json\/wp\/v2\/media\/12457"}],"wp:attachment":[{"href":"https:\/\/www.selesta.com.tr\/en\/wp-json\/wp\/v2\/media?parent=12562"}],"wp:term":[{"taxonomy":"product_cat","embeddable":true,"href":"https:\/\/www.selesta.com.tr\/en\/wp-json\/wp\/v2\/product_cat?post=12562"},{"taxonomy":"product_tag","embeddable":true,"href":"https:\/\/www.selesta.com.tr\/en\/wp-json\/wp\/v2\/product_tag?post=12562"}],"curies":[{"name":"wp","href":"https:\/\/api.w.org\/{rel}","templated":true}]}}