{"id":12559,"date":"2025-01-11T20:12:14","date_gmt":"2025-01-11T17:12:14","guid":{"rendered":"https:\/\/www.selesta.com.tr\/?post_type=product&#038;p=12559"},"modified":"2026-01-17T01:07:28","modified_gmt":"2026-01-16T22:07:28","slug":"anti-hair-loss-nourishing-protective-hair-care-set","status":"publish","type":"product","link":"https:\/\/www.selesta.com.tr\/en\/product\/anti-hair-loss-nourishing-and-protective-hair-care-set\/","title":{"rendered":"Anti-Hair Loss Nourishing &#038; Protective Hair Care Set"},"content":{"rendered":"<p>Nourishing &amp; Protective Shampoo:<br \/>\nOur shampoo, enriched with nettle, ginseng, biotin, Pro Vitamin B5, vitamins, and a complex of herbal extracts, is specially formulated for weak and shedding hair. It strengthens hair roots, helps prevent hair loss, and gives your hair a healthy appearance.<\/p>\n<p>Nourishing &amp; Protective Conditioner:<br \/>\nOur hair conditioner, enriched with nettle, ginseng, Pro Vitamin B5, vitamins, and a complex of herbal extracts, is specially developed for weak and shedding hair. It helps strengthen hair roots to prevent shedding and promotes a healthier appearance.<\/p>\n<p>Anti Hair Loss Tonic Spray:<br \/>\nOur anti hair loss tonic spray, enriched with nettle, ginseng, Pro Vitamin B5, vitamins, and a complex of herbal extracts, nourishes the scalp to help reduce hair loss and strengthens hair roots. It revitalizes your hair and gives it a healthy appearance.<\/p>\n","protected":false},"excerpt":{"rendered":"<p>Anti-Hair Loss Nourishing &amp; Protective Hair Care Set is specially designed to help reduce hair loss and strengthen the hair. Enriched with nettle, ginseng, Pro-Vitamin B5, vitamins, and a complex of herbal extracts, this set nourishes the hair roots while revitalizing the scalp.<\/p>\n","protected":false},"featured_media":12452,"comment_status":"open","ping_status":"closed","template":"","meta":[],"product_cat":[276,274,531],"product_tag":[],"class_list":{"0":"post-12559","1":"product","2":"type-product","3":"status-publish","4":"has-post-thumbnail","6":"product_cat-by-product","7":"product_cat-hair-care","8":"product_cat-hair-care-sets","10":"first","11":"instock","12":"sale","13":"shipping-taxable","14":"purchasable","15":"product-type-simple"},"yoast_head":"<!-- This site is optimized with the Yoast SEO plugin v27.2 - https:\/\/yoast.com\/product\/yoast-seo-wordpress\/ -->\n<title>Anti-Hair Loss Nourishing &amp; Protective Hair Care Set | Selesta<\/title>\n<meta name=\"robots\" content=\"index, follow, max-snippet:-1, max-image-preview:large, max-video-preview:-1\" \/>\n<link rel=\"canonical\" href=\"https:\/\/www.selesta.com.tr\/en\/product\/anti-hair-loss-nourishing-and-protective-hair-care-set\" \/>\n<meta property=\"og:locale\" content=\"en_US\" \/>\n<meta property=\"og:type\" content=\"article\" \/>\n<meta property=\"og:title\" content=\"Anti-Hair Loss Nourishing &amp; Protective Hair Care Set | Selesta\" \/>\n<meta property=\"og:description\" content=\"Anti-Hair Loss Nourishing &amp; Protective Hair Care Set is specially designed to help reduce hair loss and strengthen the hair. Enriched with nettle, ginseng, Pro-Vitamin B5, vitamins, and a complex of herbal extracts, this set nourishes the hair roots while revitalizing the scalp.\" \/>\n<meta property=\"og:url\" content=\"https:\/\/www.selesta.com.tr\/en\/product\/anti-hair-loss-nourishing-and-protective-hair-care-set\" \/>\n<meta property=\"og:site_name\" content=\"Selesta: G\u00fczelli\u011fin Do\u011fal Yolculu\u011fu\" \/>\n<meta property=\"article:modified_time\" content=\"2026-01-16T22:07:28+00:00\" \/>\n<meta property=\"og:image\" content=\"https:\/\/www.selesta.com.tr\/wp-content\/uploads\/2025\/01\/Besleyici_Koruyucu_Bakim_set_urun-3.webp\" \/>\n\t<meta property=\"og:image:width\" content=\"1600\" \/>\n\t<meta property=\"og:image:height\" content=\"1600\" \/>\n\t<meta property=\"og:image:type\" content=\"image\/webp\" \/>\n<meta name=\"twitter:card\" content=\"summary_large_image\" \/>\n<meta name=\"twitter:label1\" content=\"Est. reading time\" \/>\n\t<meta name=\"twitter:data1\" content=\"1 minute\" \/>\n<script type=\"application\/ld+json\" class=\"yoast-schema-graph\">{\"@context\":\"https:\/\/schema.org\",\"@graph\":[{\"@type\":[\"WebPage\",\"ItemPage\"],\"@id\":\"https:\/\/www.selesta.com.tr\/en\/product\/anti-hair-loss-nourishing-and-protective-hair-care-set\/\",\"url\":\"https:\/\/www.selesta.com.tr\/en\/product\/anti-hair-loss-nourishing-and-protective-hair-care-set\/\",\"name\":\"Anti-Hair Loss Nourishing & Protective Hair Care Set | Selesta\",\"isPartOf\":{\"@id\":\"https:\/\/www.selesta.com.tr\/en\/#website\"},\"primaryImageOfPage\":{\"@id\":\"https:\/\/www.selesta.com.tr\/en\/product\/anti-hair-loss-nourishing-and-protective-hair-care-set\/#primaryimage\"},\"image\":{\"@id\":\"https:\/\/www.selesta.com.tr\/en\/product\/anti-hair-loss-nourishing-and-protective-hair-care-set\/#primaryimage\"},\"thumbnailUrl\":\"https:\/\/www.selesta.com.tr\/wp-content\/uploads\/2025\/01\/Besleyici_Koruyucu_Bakim_set_urun-3.webp\",\"datePublished\":\"2025-01-11T17:12:14+00:00\",\"dateModified\":\"2026-01-16T22:07:28+00:00\",\"breadcrumb\":{\"@id\":\"https:\/\/www.selesta.com.tr\/en\/product\/anti-hair-loss-nourishing-and-protective-hair-care-set\/#breadcrumb\"},\"inLanguage\":\"en-US\",\"potentialAction\":[{\"@type\":\"ReadAction\",\"target\":[\"https:\/\/www.selesta.com.tr\/en\/product\/anti-hair-loss-nourishing-and-protective-hair-care-set\/\"]}]},{\"@type\":\"ImageObject\",\"inLanguage\":\"en-US\",\"@id\":\"https:\/\/www.selesta.com.tr\/en\/product\/anti-hair-loss-nourishing-and-protective-hair-care-set\/#primaryimage\",\"url\":\"https:\/\/www.selesta.com.tr\/wp-content\/uploads\/2025\/01\/Besleyici_Koruyucu_Bakim_set_urun-3.webp\",\"contentUrl\":\"https:\/\/www.selesta.com.tr\/wp-content\/uploads\/2025\/01\/Besleyici_Koruyucu_Bakim_set_urun-3.webp\",\"width\":1600,\"height\":1600},{\"@type\":\"BreadcrumbList\",\"@id\":\"https:\/\/www.selesta.com.tr\/en\/product\/anti-hair-loss-nourishing-and-protective-hair-care-set\/#breadcrumb\",\"itemListElement\":[{\"@type\":\"ListItem\",\"position\":1,\"name\":\"Anasayfa\",\"item\":\"https:\/\/www.selesta.com.tr\/en\/\"},{\"@type\":\"ListItem\",\"position\":2,\"name\":\"All Products\",\"item\":\"https:\/\/www.selesta.com.tr\/en\/all-products\/\"},{\"@type\":\"ListItem\",\"position\":3,\"name\":\"Anti-Hair Loss Nourishing &#038; Protective Hair Care Set\"}]},{\"@type\":\"WebSite\",\"@id\":\"https:\/\/www.selesta.com.tr\/en\/#website\",\"url\":\"https:\/\/www.selesta.com.tr\/en\/\",\"name\":\"Selesta: G\u00fczelli\u011fin Do\u011fal Yolculu\u011fu\",\"description\":\"\",\"publisher\":{\"@id\":\"https:\/\/www.selesta.com.tr\/en\/#organization\"},\"potentialAction\":[{\"@type\":\"SearchAction\",\"target\":{\"@type\":\"EntryPoint\",\"urlTemplate\":\"https:\/\/www.selesta.com.tr\/en\/?s={search_term_string}\"},\"query-input\":{\"@type\":\"PropertyValueSpecification\",\"valueRequired\":true,\"valueName\":\"search_term_string\"}}],\"inLanguage\":\"en-US\"},{\"@type\":\"Organization\",\"@id\":\"https:\/\/www.selesta.com.tr\/en\/#organization\",\"name\":\"Selesta: G\u00fczelli\u011fin Do\u011fal Yolculu\u011fu\",\"url\":\"https:\/\/www.selesta.com.tr\/en\/\",\"logo\":{\"@type\":\"ImageObject\",\"inLanguage\":\"en-US\",\"@id\":\"https:\/\/www.selesta.com.tr\/en\/#\/schema\/logo\/image\/\",\"url\":\"https:\/\/www.selesta.com.tr\/wp-content\/uploads\/2024\/09\/Adsiz-tasarim-29.png\",\"contentUrl\":\"https:\/\/www.selesta.com.tr\/wp-content\/uploads\/2024\/09\/Adsiz-tasarim-29.png\",\"width\":300,\"height\":200,\"caption\":\"Selesta: G\u00fczelli\u011fin Do\u011fal Yolculu\u011fu\"},\"image\":{\"@id\":\"https:\/\/www.selesta.com.tr\/en\/#\/schema\/logo\/image\/\"}}]}<\/script>\n<!-- \/ Yoast SEO plugin. -->","yoast_head_json":{"title":"Anti-Hair Loss Nourishing & Protective Hair Care Set | Selesta","robots":{"index":"index","follow":"follow","max-snippet":"max-snippet:-1","max-image-preview":"max-image-preview:large","max-video-preview":"max-video-preview:-1"},"canonical":"https:\/\/www.selesta.com.tr\/en\/product\/anti-hair-loss-nourishing-and-protective-hair-care-set","og_locale":"en_US","og_type":"article","og_title":"Anti-Hair Loss Nourishing & Protective Hair Care Set | Selesta","og_description":"Anti-Hair Loss Nourishing &amp; Protective Hair Care Set is specially designed to help reduce hair loss and strengthen the hair. Enriched with nettle, ginseng, Pro-Vitamin B5, vitamins, and a complex of herbal extracts, this set nourishes the hair roots while revitalizing the scalp.","og_url":"https:\/\/www.selesta.com.tr\/en\/product\/anti-hair-loss-nourishing-and-protective-hair-care-set","og_site_name":"Selesta: G\u00fczelli\u011fin Do\u011fal Yolculu\u011fu","article_modified_time":"2026-01-16T22:07:28+00:00","og_image":[{"width":1600,"height":1600,"url":"https:\/\/www.selesta.com.tr\/wp-content\/uploads\/2025\/01\/Besleyici_Koruyucu_Bakim_set_urun-3.webp","type":"image\/webp"}],"twitter_card":"summary_large_image","twitter_misc":{"Est. reading time":"1 minute"},"schema":{"@context":"https:\/\/schema.org","@graph":[{"@type":["WebPage","ItemPage"],"@id":"https:\/\/www.selesta.com.tr\/en\/product\/anti-hair-loss-nourishing-and-protective-hair-care-set\/","url":"https:\/\/www.selesta.com.tr\/en\/product\/anti-hair-loss-nourishing-and-protective-hair-care-set\/","name":"Anti-Hair Loss Nourishing & Protective Hair Care Set | Selesta","isPartOf":{"@id":"https:\/\/www.selesta.com.tr\/en\/#website"},"primaryImageOfPage":{"@id":"https:\/\/www.selesta.com.tr\/en\/product\/anti-hair-loss-nourishing-and-protective-hair-care-set\/#primaryimage"},"image":{"@id":"https:\/\/www.selesta.com.tr\/en\/product\/anti-hair-loss-nourishing-and-protective-hair-care-set\/#primaryimage"},"thumbnailUrl":"https:\/\/www.selesta.com.tr\/wp-content\/uploads\/2025\/01\/Besleyici_Koruyucu_Bakim_set_urun-3.webp","datePublished":"2025-01-11T17:12:14+00:00","dateModified":"2026-01-16T22:07:28+00:00","breadcrumb":{"@id":"https:\/\/www.selesta.com.tr\/en\/product\/anti-hair-loss-nourishing-and-protective-hair-care-set\/#breadcrumb"},"inLanguage":"en-US","potentialAction":[{"@type":"ReadAction","target":["https:\/\/www.selesta.com.tr\/en\/product\/anti-hair-loss-nourishing-and-protective-hair-care-set\/"]}]},{"@type":"ImageObject","inLanguage":"en-US","@id":"https:\/\/www.selesta.com.tr\/en\/product\/anti-hair-loss-nourishing-and-protective-hair-care-set\/#primaryimage","url":"https:\/\/www.selesta.com.tr\/wp-content\/uploads\/2025\/01\/Besleyici_Koruyucu_Bakim_set_urun-3.webp","contentUrl":"https:\/\/www.selesta.com.tr\/wp-content\/uploads\/2025\/01\/Besleyici_Koruyucu_Bakim_set_urun-3.webp","width":1600,"height":1600},{"@type":"BreadcrumbList","@id":"https:\/\/www.selesta.com.tr\/en\/product\/anti-hair-loss-nourishing-and-protective-hair-care-set\/#breadcrumb","itemListElement":[{"@type":"ListItem","position":1,"name":"Anasayfa","item":"https:\/\/www.selesta.com.tr\/en\/"},{"@type":"ListItem","position":2,"name":"All Products","item":"https:\/\/www.selesta.com.tr\/en\/all-products\/"},{"@type":"ListItem","position":3,"name":"Anti-Hair Loss Nourishing &#038; Protective Hair Care Set"}]},{"@type":"WebSite","@id":"https:\/\/www.selesta.com.tr\/en\/#website","url":"https:\/\/www.selesta.com.tr\/en\/","name":"Selesta: G\u00fczelli\u011fin Do\u011fal Yolculu\u011fu","description":"","publisher":{"@id":"https:\/\/www.selesta.com.tr\/en\/#organization"},"potentialAction":[{"@type":"SearchAction","target":{"@type":"EntryPoint","urlTemplate":"https:\/\/www.selesta.com.tr\/en\/?s={search_term_string}"},"query-input":{"@type":"PropertyValueSpecification","valueRequired":true,"valueName":"search_term_string"}}],"inLanguage":"en-US"},{"@type":"Organization","@id":"https:\/\/www.selesta.com.tr\/en\/#organization","name":"Selesta: G\u00fczelli\u011fin Do\u011fal Yolculu\u011fu","url":"https:\/\/www.selesta.com.tr\/en\/","logo":{"@type":"ImageObject","inLanguage":"en-US","@id":"https:\/\/www.selesta.com.tr\/en\/#\/schema\/logo\/image\/","url":"https:\/\/www.selesta.com.tr\/wp-content\/uploads\/2024\/09\/Adsiz-tasarim-29.png","contentUrl":"https:\/\/www.selesta.com.tr\/wp-content\/uploads\/2024\/09\/Adsiz-tasarim-29.png","width":300,"height":200,"caption":"Selesta: G\u00fczelli\u011fin Do\u011fal Yolculu\u011fu"},"image":{"@id":"https:\/\/www.selesta.com.tr\/en\/#\/schema\/logo\/image\/"}}]}},"_links":{"self":[{"href":"https:\/\/www.selesta.com.tr\/en\/wp-json\/wp\/v2\/product\/12559","targetHints":{"allow":["GET"]}}],"collection":[{"href":"https:\/\/www.selesta.com.tr\/en\/wp-json\/wp\/v2\/product"}],"about":[{"href":"https:\/\/www.selesta.com.tr\/en\/wp-json\/wp\/v2\/types\/product"}],"replies":[{"embeddable":true,"href":"https:\/\/www.selesta.com.tr\/en\/wp-json\/wp\/v2\/comments?post=12559"}],"wp:featuredmedia":[{"embeddable":true,"href":"https:\/\/www.selesta.com.tr\/en\/wp-json\/wp\/v2\/media\/12452"}],"wp:attachment":[{"href":"https:\/\/www.selesta.com.tr\/en\/wp-json\/wp\/v2\/media?parent=12559"}],"wp:term":[{"taxonomy":"product_cat","embeddable":true,"href":"https:\/\/www.selesta.com.tr\/en\/wp-json\/wp\/v2\/product_cat?post=12559"},{"taxonomy":"product_tag","embeddable":true,"href":"https:\/\/www.selesta.com.tr\/en\/wp-json\/wp\/v2\/product_tag?post=12559"}],"curies":[{"name":"wp","href":"https:\/\/api.w.org\/{rel}","templated":true}]}}