{"id":9087,"date":"2024-09-24T01:06:29","date_gmt":"2024-09-24T01:06:29","guid":{"rendered":"https:\/\/selesta.com.tr\/?page_id=9087"},"modified":"2024-09-24T01:11:02","modified_gmt":"2024-09-24T01:11:02","slug":"contact","status":"publish","type":"page","link":"https:\/\/www.selesta.com.tr\/en\/contact\/","title":{"rendered":"Contact"},"content":{"rendered":"\t\t<div data-elementor-type=\"wp-page\" data-elementor-id=\"9087\" class=\"elementor elementor-9087 elementor-227\">\n\t\t\t\t\t\t<div class=\"elementor-section elementor-top-section elementor-element elementor-element-0350532 elementor-section-stretched elementor-section-boxed elementor-section-height-default elementor-section-height-default\" data-id=\"0350532\" data-element_type=\"section\" data-e-type=\"section\" data-settings=\"{&quot;stretch_section&quot;:&quot;section-stretched&quot;}\">\n\t\t\t\t\t\t<div class=\"elementor-container elementor-column-gap-no\">\n\t\t\t\t\t<div class=\"elementor-column elementor-col-100 elementor-top-column elementor-element elementor-element-14cfd4a\" data-id=\"14cfd4a\" data-element_type=\"column\" data-e-type=\"column\">\n\t\t\t<div class=\"elementor-widget-wrap elementor-element-populated\">\n\t\t\t\t \t\t<div class=\"elementor-element elementor-element-9246ee7 elementor-widget elementor-widget-image\" data-id=\"9246ee7\" data-element_type=\"widget\" data-e-type=\"widget\" data-widget_type=\"image.default\">\n\t\t\t\t\t\t\t\t\t\t\t\t\t\t\t<img loading=\"lazy\" decoding=\"async\" width=\"8334\" height=\"8334\" src=\"https:\/\/www.selesta.com.tr\/wp-content\/uploads\/2024\/09\/Selesta_Leaf.png\" class=\"attachment-full size-full wp-image-11211\" alt=\"\" srcset=\"https:\/\/www.selesta.com.tr\/wp-content\/uploads\/2024\/09\/Selesta_Leaf.png 8334w, https:\/\/www.selesta.com.tr\/wp-content\/uploads\/2024\/09\/Selesta_Leaf-450x450.png 450w, https:\/\/www.selesta.com.tr\/wp-content\/uploads\/2024\/09\/Selesta_Leaf-100x100.png 100w, https:\/\/www.selesta.com.tr\/wp-content\/uploads\/2024\/09\/Selesta_Leaf-800x800.png 800w, https:\/\/www.selesta.com.tr\/wp-content\/uploads\/2024\/09\/Selesta_Leaf-64x64.png 64w, https:\/\/www.selesta.com.tr\/wp-content\/uploads\/2024\/09\/Selesta_Leaf-300x300.png 300w, https:\/\/www.selesta.com.tr\/wp-content\/uploads\/2024\/09\/Selesta_Leaf-1024x1024.png 1024w, https:\/\/www.selesta.com.tr\/wp-content\/uploads\/2024\/09\/Selesta_Leaf-150x150.png 150w, https:\/\/www.selesta.com.tr\/wp-content\/uploads\/2024\/09\/Selesta_Leaf-768x768.png 768w, https:\/\/www.selesta.com.tr\/wp-content\/uploads\/2024\/09\/Selesta_Leaf-1536x1536.png 1536w, https:\/\/www.selesta.com.tr\/wp-content\/uploads\/2024\/09\/Selesta_Leaf-2048x2048.png 2048w, https:\/\/www.selesta.com.tr\/wp-content\/uploads\/2024\/09\/Selesta_Leaf-720x720.png 720w, https:\/\/www.selesta.com.tr\/wp-content\/uploads\/2024\/09\/Selesta_Leaf-50x50.png 50w, https:\/\/www.selesta.com.tr\/wp-content\/uploads\/2024\/09\/Selesta_Leaf-600x600.png 600w, https:\/\/www.selesta.com.tr\/wp-content\/uploads\/2024\/09\/Selesta_Leaf-96x96.png 96w, https:\/\/www.selesta.com.tr\/wp-content\/uploads\/2024\/09\/Selesta_Leaf-460x460.png 460w\" sizes=\"auto, (max-width: 8334px) 100vw, 8334px\" \/>\t\t\t\t\t\t\t\t\t\t\t\t\t\t\t<\/div>\n\t\t\t\t<div class=\"elementor-element elementor-element-6e23b7f elementor-widget elementor-widget-heading\" data-id=\"6e23b7f\" data-element_type=\"widget\" data-e-type=\"widget\" data-widget_type=\"heading.default\">\n\t\t\t\t\t<h2 class=\"elementor-heading-title elementor-size-default\">Selesta Kozmetik G\u0131da Sanayi ve Ticaret Anonim \u015eirketi <\/h2>\t\t\t\t<\/div>\n\t\t\t\t<div class=\"elementor-element elementor-element-1797d7f elementor-widget__width-initial elementor-widget elementor-widget-text-editor\" data-id=\"1797d7f\" data-element_type=\"widget\" data-e-type=\"widget\" data-widget_type=\"text-editor.default\">\n\t\t\t\t\t\t\t\t\t<p>Please do not hesitate to contact us for any issues, feedback, or requests.<\/p>\t\t\t\t\t\t\t\t<\/div>\n\t\t\t\t<div class=\"elementor-section elementor-inner-section elementor-element elementor-element-49f4ae6 elementor-section-boxed elementor-section-height-default elementor-section-height-default\" data-id=\"49f4ae6\" data-element_type=\"section\" data-e-type=\"section\">\n\t\t\t\t\t\t<div class=\"elementor-container elementor-column-gap-no\">\n\t\t\t\t\t<div class=\"elementor-column elementor-col-33 elementor-inner-column elementor-element elementor-element-aa8d5fe\" data-id=\"aa8d5fe\" data-element_type=\"column\" data-e-type=\"column\">\n\t\t\t<div class=\"elementor-widget-wrap elementor-element-populated\">\n\t\t\t\t\t\t<div class=\"elementor-element elementor-element-048f57c elementor-widget-mobile__width-inherit elementor-view-default elementor-position-block-start elementor-mobile-position-block-start elementor-widget elementor-widget-icon-box\" data-id=\"048f57c\" data-element_type=\"widget\" data-e-type=\"widget\" data-widget_type=\"icon-box.default\">\n\t\t\t\t\t\t\t<div class=\"elementor-icon-box-wrapper\">\n\n\t\t\t\t\t\t<div class=\"elementor-icon-box-icon\">\n\t\t\t\t<span  class=\"elementor-icon\">\n\t\t\t\t<i aria-hidden=\"true\" class=\"naturis-icon- naturis-icon-pin\"><\/i>\t\t\t\t<\/span>\n\t\t\t<\/div>\n\t\t\t\n\t\t\t\t\t\t<div class=\"elementor-icon-box-content\">\n\n\t\t\t\t\t\t\t\t\t<h3 class=\"elementor-icon-box-title\">\n\t\t\t\t\t\t<span  >\n\t\t\t\t\t\t\tAdress\t\t\t\t\t\t<\/span>\n\t\t\t\t\t<\/h3>\n\t\t\t\t\n\t\t\t\t\t\t\t\t\t<p class=\"elementor-icon-box-description\">\n\t\t\t\t\t\t\u0130n\u00f6n\u00fc Mah. Yavuz Sultan Selim Cad. A1 Blok No.89\/1 \u0130\u00e7 Kap\u0131 No.4 Torbal\u0131\/\u0130zmir\t\t\t\t\t<\/p>\n\t\t\t\t\n\t\t\t<\/div>\n\t\t\t\n\t\t<\/div>\n\t\t\t\t\t\t<\/div>\n\t\t\t\t\t<\/div>\n\t\t<\/div>\n\t\t\t\t<div class=\"elementor-column elementor-col-33 elementor-inner-column elementor-element elementor-element-c3e822d\" data-id=\"c3e822d\" data-element_type=\"column\" data-e-type=\"column\">\n\t\t\t<div class=\"elementor-widget-wrap elementor-element-populated\">\n\t\t\t\t\t\t<div class=\"elementor-element elementor-element-5ee19d3 elementor-widget-mobile__width-inherit elementor-view-default elementor-position-block-start elementor-mobile-position-block-start elementor-widget elementor-widget-icon-box\" data-id=\"5ee19d3\" data-element_type=\"widget\" data-e-type=\"widget\" data-widget_type=\"icon-box.default\">\n\t\t\t\t\t\t\t<div class=\"elementor-icon-box-wrapper\">\n\n\t\t\t\t\t\t<div class=\"elementor-icon-box-icon\">\n\t\t\t\t<span  class=\"elementor-icon\">\n\t\t\t\t<i aria-hidden=\"true\" class=\"naturis-icon- naturis-icon-phone-1\"><\/i>\t\t\t\t<\/span>\n\t\t\t<\/div>\n\t\t\t\n\t\t\t\t\t\t<div class=\"elementor-icon-box-content\">\n\n\t\t\t\t\t\t\t\t\t<h3 class=\"elementor-icon-box-title\">\n\t\t\t\t\t\t<span  >\n\t\t\t\t\t\t\tContact US\t\t\t\t\t\t<\/span>\n\t\t\t\t\t<\/h3>\n\t\t\t\t\n\t\t\t\t\t\t\t\t\t<p class=\"elementor-icon-box-description\">\n\t\t\t\t\t\tCustomer Service: 0850 203 68 28<br>\nMail: info@selesta.com.tr\t\t\t\t\t<\/p>\n\t\t\t\t\n\t\t\t<\/div>\n\t\t\t\n\t\t<\/div>\n\t\t\t\t\t\t<\/div>\n\t\t\t\t\t<\/div>\n\t\t<\/div>\n\t\t\t\t<div class=\"elementor-column elementor-col-33 elementor-inner-column elementor-element elementor-element-ac056a6\" data-id=\"ac056a6\" data-element_type=\"column\" data-e-type=\"column\">\n\t\t\t<div class=\"elementor-widget-wrap elementor-element-populated\">\n\t\t\t\t\t\t<div class=\"elementor-element elementor-element-044171e elementor-widget-mobile__width-inherit elementor-view-default elementor-position-block-start elementor-mobile-position-block-start elementor-widget elementor-widget-icon-box\" data-id=\"044171e\" data-element_type=\"widget\" data-e-type=\"widget\" data-widget_type=\"icon-box.default\">\n\t\t\t\t\t\t\t<div class=\"elementor-icon-box-wrapper\">\n\n\t\t\t\t\t\t<div class=\"elementor-icon-box-icon\">\n\t\t\t\t<span  class=\"elementor-icon\">\n\t\t\t\t<i aria-hidden=\"true\" class=\"naturis-icon- naturis-icon-clock\"><\/i>\t\t\t\t<\/span>\n\t\t\t<\/div>\n\t\t\t\n\t\t\t\t\t\t<div class=\"elementor-icon-box-content\">\n\n\t\t\t\t\t\t\t\t\t<h3 class=\"elementor-icon-box-title\">\n\t\t\t\t\t\t<span  >\n\t\t\t\t\t\t\tWorking Hours\t\t\t\t\t\t<\/span>\n\t\t\t\t\t<\/h3>\n\t\t\t\t\n\t\t\t\t\t\t\t\t\t<p class=\"elementor-icon-box-description\">\n\t\t\t\t\t\t:Monday - Friday <br>\n\n09:00 - 18:00\t\t\t\t\t<\/p>\n\t\t\t\t\n\t\t\t<\/div>\n\t\t\t\n\t\t<\/div>\n\t\t\t\t\t\t<\/div>\n\t\t\t\t\t<\/div>\n\t\t<\/div>\n\t\t\t\t\t<\/div>\n\t\t<\/div>\n\t\t\t\t\t<\/div>\n\t\t<\/div>\n\t\t\t\t\t<\/div>\n\t\t<\/div>\n\t\t\t\t<div class=\"elementor-section elementor-top-section elementor-element elementor-element-e4ca347 elementor-section-stretched elementor-section-boxed elementor-section-height-default elementor-section-height-default\" data-id=\"e4ca347\" data-element_type=\"section\" data-e-type=\"section\" data-settings=\"{&quot;stretch_section&quot;:&quot;section-stretched&quot;}\">\n\t\t\t\t\t\t<div class=\"elementor-container elementor-column-gap-no\">\n\t\t\t\t\t<div class=\"elementor-column elementor-col-100 elementor-top-column elementor-element elementor-element-761bd15\" data-id=\"761bd15\" data-element_type=\"column\" data-e-type=\"column\">\n\t\t\t<div class=\"elementor-widget-wrap elementor-element-populated\">\n\t\t\t\t\t\t<div class=\"elementor-element elementor-element-bd4a745 elementor-widget elementor-widget-google_maps\" data-id=\"bd4a745\" data-element_type=\"widget\" data-e-type=\"widget\" data-widget_type=\"google_maps.default\">\n\t\t\t\t\t\t\t<div class=\"elementor-custom-embed\">\n\t\t\t<iframe loading=\"lazy\"\n\t\t\t\t\tsrc=\"https:\/\/maps.google.com\/maps?q=Yavuz%20Sultan%20Selim%20Cd.%20No%3A89%20Torbal%C4%B1&#038;t=m&#038;z=15&#038;output=embed&#038;iwloc=near\"\n\t\t\t\t\ttitle=\"Yavuz Sultan Selim Cd. No:89 Torbal\u0131\"\n\t\t\t\t\taria-label=\"Yavuz Sultan Selim Cd. No:89 Torbal\u0131\"\n\t\t\t><\/iframe>\n\t\t<\/div>\n\t\t\t\t\t\t<\/div>\n\t\t\t\t\t<\/div>\n\t\t<\/div>\n\t\t\t\t\t<\/div>\n\t\t<\/div>\n\t\t\t\t<div class=\"elementor-section elementor-top-section elementor-element elementor-element-95ef534 elementor-section-stretched elementor-section-boxed elementor-section-height-default elementor-section-height-default\" data-id=\"95ef534\" data-element_type=\"section\" data-e-type=\"section\" data-settings=\"{&quot;stretch_section&quot;:&quot;section-stretched&quot;}\">\n\t\t\t\t\t\t<div class=\"elementor-container elementor-column-gap-no\">\n\t\t\t\t\t<div class=\"elementor-column elementor-col-100 elementor-top-column elementor-element elementor-element-f8a985c\" data-id=\"f8a985c\" data-element_type=\"column\" data-e-type=\"column\">\n\t\t\t<div class=\"elementor-widget-wrap elementor-element-populated\">\n\t\t\t\t\t\t<div class=\"elementor-element elementor-element-d39c6ab elementor-widget elementor-widget-text-editor\" data-id=\"d39c6ab\" data-element_type=\"widget\" data-e-type=\"widget\" data-widget_type=\"text-editor.default\">\n\t\t\t\t\t\t\t\t\t<p>Contact US<\/p>\t\t\t\t\t\t\t\t<\/div>\n\t\t\t\t<div class=\"elementor-element elementor-element-9223636 elementor-widget elementor-widget-naturis-contactform\" data-id=\"9223636\" data-element_type=\"widget\" data-e-type=\"widget\" data-widget_type=\"naturis-contactform.default\">\n\t\t\t\t<div class=\"elementor-widget-container\">\n\t\t\t\t\t\n<div class=\"wpcf7 no-js\" id=\"wpcf7-f9090-o1\" lang=\"en-US\" dir=\"ltr\" data-wpcf7-id=\"9090\">\n<div class=\"screen-reader-response\"><p role=\"status\" aria-live=\"polite\" aria-atomic=\"true\"><\/p> <ul><\/ul><\/div>\n<form action=\"\/en\/wp-json\/wp\/v2\/pages\/9087#wpcf7-f9090-o1\" method=\"post\" class=\"wpcf7-form init\" aria-label=\"Contact form\" novalidate=\"novalidate\" data-status=\"init\">\n<fieldset class=\"hidden-fields-container\"><input type=\"hidden\" name=\"_wpcf7\" value=\"9090\" \/><input type=\"hidden\" name=\"_wpcf7_version\" value=\"6.1.5\" \/><input type=\"hidden\" name=\"_wpcf7_locale\" value=\"en_US\" \/><input type=\"hidden\" name=\"_wpcf7_unit_tag\" value=\"wpcf7-f9090-o1\" \/><input type=\"hidden\" name=\"_wpcf7_container_post\" value=\"0\" \/><input type=\"hidden\" name=\"_wpcf7_posted_data_hash\" value=\"\" \/>\n<\/fieldset>\n<div class=\"row\" data-elementor-columns=\"2\" data-elementor-columns-tablet=\"2\" data-elementor-columns-mobile=\"1\">\n\t<div class=\"column_item_1\">\n\t\t<p><label> <span class=\"wpcf7-form-control-wrap\" data-name=\"your-name\"><input size=\"40\" maxlength=\"400\" class=\"wpcf7-form-control wpcf7-text wpcf7-validates-as-required\" aria-required=\"true\" aria-invalid=\"false\" placeholder=\"Name\" value=\"\" type=\"text\" name=\"your-name\" \/><\/span> <\/label>\n\t\t<\/p>\n\t<\/div>\n\t<div class=\"column_item_2\">\n\t\t<p><label> <span class=\"wpcf7-form-control-wrap\" data-name=\"your-phone\"><input size=\"40\" maxlength=\"400\" class=\"wpcf7-form-control wpcf7-text wpcf7-validates-as-required\" aria-required=\"true\" aria-invalid=\"false\" placeholder=\"Phone\" value=\"\" type=\"text\" name=\"your-phone\" \/><\/span> <\/label>\n\t\t<\/p>\n\t<\/div>\n\t<div class=\"column_item_3\">\n\t\t<p><label> <span class=\"wpcf7-form-control-wrap\" data-name=\"your-subject\"><input size=\"40\" maxlength=\"400\" class=\"wpcf7-form-control wpcf7-text wpcf7-validates-as-required\" aria-required=\"true\" aria-invalid=\"false\" placeholder=\"Subject\" value=\"\" type=\"text\" name=\"your-subject\" \/><\/span> <\/label>\n\t\t<\/p>\n\t<\/div>\n<\/div>\n<p><label> <span class=\"wpcf7-form-control-wrap\" data-name=\"your-message\"><textarea cols=\"40\" rows=\"5\" maxlength=\"2000\" class=\"wpcf7-form-control wpcf7-textarea wpcf7-validates-as-required\" aria-required=\"true\" aria-invalid=\"false\" placeholder=\"Message\" name=\"your-message\"><\/textarea><\/span> <\/label>\n<\/p>\n<div class=\"form-button\">\n\t<p><input class=\"wpcf7-form-control wpcf7-submit has-spinner\" type=\"submit\" value=\"Send\" \/>\n\t<\/p>\n<\/div><p style=\"display: none !important;\" class=\"akismet-fields-container\" data-prefix=\"_wpcf7_ak_\"><label>&#916;<textarea name=\"_wpcf7_ak_hp_textarea\" cols=\"45\" rows=\"8\" maxlength=\"100\"><\/textarea><\/label><input type=\"hidden\" id=\"ak_js_1\" name=\"_wpcf7_ak_js\" value=\"187\"\/><script>\ndocument.getElementById( \"ak_js_1\" ).setAttribute( \"value\", ( new Date() ).getTime() );\n<\/script>\n<\/p><div class=\"wpcf7-response-output\" aria-hidden=\"true\"><\/div>\n<\/form>\n<\/div>\n\t\t\t\t<\/div>\n\t\t\t\t<\/div>\n\t\t\t\t\t<\/div>\n\t\t<\/div>\n\t\t\t\t\t<\/div>\n\t\t<\/div>\n\t\t\t\t<\/div>\n\t\t","protected":false},"excerpt":{"rendered":"<p>Selesta Kozmetik G\u0131da Sanayi ve Ticaret Anonim \u015eirketi Please do not hesitate to contact us for any issues, feedback, or requests. Adress \u0130n\u00f6n\u00fc Mah. Yavuz Sultan Selim Cad. A1 Blok No.89\/1 \u0130\u00e7 Kap\u0131 No.4 Torbal\u0131\/\u0130zmir Contact US Customer Service: 0850 203 68 28 Mail: info@selesta.com.tr Working Hours :Monday &#8211; Friday 09:00 &#8211; 18:00 Contact US [&hellip;]<\/p>\n","protected":false},"author":1,"featured_media":0,"parent":0,"menu_order":0,"comment_status":"closed","ping_status":"closed","template":"template-homepage.php","meta":{"footnotes":""},"class_list":["post-9087","page","type-page","status-publish","hentry"],"yoast_head":"<!-- This site is optimized with the Yoast SEO plugin v27.2 - https:\/\/yoast.com\/product\/yoast-seo-wordpress\/ -->\n<title>Contact - Selesta Cosmetics<\/title>\n<meta name=\"robots\" content=\"index, follow, max-snippet:-1, max-image-preview:large, max-video-preview:-1\" \/>\n<link rel=\"canonical\" href=\"https:\/\/www.selesta.com.tr\/en\/contact\" \/>\n<meta property=\"og:locale\" content=\"en_US\" \/>\n<meta property=\"og:type\" content=\"article\" \/>\n<meta property=\"og:title\" content=\"Contact - Selesta Cosmetics\" \/>\n<meta property=\"og:description\" content=\"Selesta Kozmetik G\u0131da Sanayi ve Ticaret Anonim \u015eirketi Please do not hesitate to contact us for any issues, feedback, or requests. Adress \u0130n\u00f6n\u00fc Mah. Yavuz Sultan Selim Cad. A1 Blok No.89\/1 \u0130\u00e7 Kap\u0131 No.4 Torbal\u0131\/\u0130zmir Contact US Customer Service: 0850 203 68 28 Mail: info@selesta.com.tr Working Hours :Monday &#8211; Friday 09:00 &#8211; 18:00 Contact US [&hellip;]\" \/>\n<meta property=\"og:url\" content=\"https:\/\/www.selesta.com.tr\/en\/contact\" \/>\n<meta property=\"og:site_name\" content=\"Selesta: G\u00fczelli\u011fin Do\u011fal Yolculu\u011fu\" \/>\n<meta property=\"article:modified_time\" content=\"2024-09-24T01:11:02+00:00\" \/>\n<meta property=\"og:image\" content=\"https:\/\/selesta.com.tr\/wp-content\/uploads\/2024\/09\/Selesta_Leaf.png\" \/>\n<meta name=\"twitter:card\" content=\"summary_large_image\" \/>\n<script type=\"application\/ld+json\" class=\"yoast-schema-graph\">{\"@context\":\"https:\/\/schema.org\",\"@graph\":[{\"@type\":[\"WebPage\",\"ItemPage\"],\"@id\":\"https:\/\/www.selesta.com.tr\/en\/contact\/\",\"url\":\"https:\/\/www.selesta.com.tr\/en\/contact\/\",\"name\":\"Contact - Selesta Cosmetics\",\"isPartOf\":{\"@id\":\"https:\/\/www.selesta.com.tr\/en\/#website\"},\"primaryImageOfPage\":{\"@id\":\"https:\/\/www.selesta.com.tr\/en\/contact\/#primaryimage\"},\"image\":{\"@id\":\"https:\/\/www.selesta.com.tr\/en\/contact\/#primaryimage\"},\"thumbnailUrl\":\"https:\/\/selesta.com.tr\/wp-content\/uploads\/2024\/09\/Selesta_Leaf.png\",\"datePublished\":\"2024-09-24T01:06:29+00:00\",\"dateModified\":\"2024-09-24T01:11:02+00:00\",\"breadcrumb\":{\"@id\":\"https:\/\/www.selesta.com.tr\/en\/contact\/#breadcrumb\"},\"inLanguage\":\"en-US\",\"potentialAction\":[{\"@type\":\"ReadAction\",\"target\":[\"https:\/\/www.selesta.com.tr\/en\/contact\/\"]}]},{\"@type\":\"ImageObject\",\"inLanguage\":\"en-US\",\"@id\":\"https:\/\/www.selesta.com.tr\/en\/contact\/#primaryimage\",\"url\":\"https:\/\/selesta.com.tr\/wp-content\/uploads\/2024\/09\/Selesta_Leaf.png\",\"contentUrl\":\"https:\/\/selesta.com.tr\/wp-content\/uploads\/2024\/09\/Selesta_Leaf.png\"},{\"@type\":\"BreadcrumbList\",\"@id\":\"https:\/\/www.selesta.com.tr\/en\/contact\/#breadcrumb\",\"itemListElement\":[{\"@type\":\"ListItem\",\"position\":1,\"name\":\"Anasayfa\",\"item\":\"https:\/\/www.selesta.com.tr\/en\/\"},{\"@type\":\"ListItem\",\"position\":2,\"name\":\"Contact\"}]},{\"@type\":\"WebSite\",\"@id\":\"https:\/\/www.selesta.com.tr\/en\/#website\",\"url\":\"https:\/\/www.selesta.com.tr\/en\/\",\"name\":\"Selesta: G\u00fczelli\u011fin Do\u011fal Yolculu\u011fu\",\"description\":\"\",\"publisher\":{\"@id\":\"https:\/\/www.selesta.com.tr\/en\/#organization\"},\"potentialAction\":[{\"@type\":\"SearchAction\",\"target\":{\"@type\":\"EntryPoint\",\"urlTemplate\":\"https:\/\/www.selesta.com.tr\/en\/?s={search_term_string}\"},\"query-input\":{\"@type\":\"PropertyValueSpecification\",\"valueRequired\":true,\"valueName\":\"search_term_string\"}}],\"inLanguage\":\"en-US\"},{\"@type\":\"Organization\",\"@id\":\"https:\/\/www.selesta.com.tr\/en\/#organization\",\"name\":\"Selesta: G\u00fczelli\u011fin Do\u011fal Yolculu\u011fu\",\"url\":\"https:\/\/www.selesta.com.tr\/en\/\",\"logo\":{\"@type\":\"ImageObject\",\"inLanguage\":\"en-US\",\"@id\":\"https:\/\/www.selesta.com.tr\/en\/#\/schema\/logo\/image\/\",\"url\":\"https:\/\/www.selesta.com.tr\/wp-content\/uploads\/2024\/09\/Adsiz-tasarim-29.png\",\"contentUrl\":\"https:\/\/www.selesta.com.tr\/wp-content\/uploads\/2024\/09\/Adsiz-tasarim-29.png\",\"width\":300,\"height\":200,\"caption\":\"Selesta: G\u00fczelli\u011fin Do\u011fal Yolculu\u011fu\"},\"image\":{\"@id\":\"https:\/\/www.selesta.com.tr\/en\/#\/schema\/logo\/image\/\"}}]}<\/script>\n<!-- \/ Yoast SEO plugin. -->","yoast_head_json":{"title":"Contact - Selesta Cosmetics","robots":{"index":"index","follow":"follow","max-snippet":"max-snippet:-1","max-image-preview":"max-image-preview:large","max-video-preview":"max-video-preview:-1"},"canonical":"https:\/\/www.selesta.com.tr\/en\/contact","og_locale":"en_US","og_type":"article","og_title":"Contact - Selesta Cosmetics","og_description":"Selesta Kozmetik G\u0131da Sanayi ve Ticaret Anonim \u015eirketi Please do not hesitate to contact us for any issues, feedback, or requests. Adress \u0130n\u00f6n\u00fc Mah. Yavuz Sultan Selim Cad. A1 Blok No.89\/1 \u0130\u00e7 Kap\u0131 No.4 Torbal\u0131\/\u0130zmir Contact US Customer Service: 0850 203 68 28 Mail: info@selesta.com.tr Working Hours :Monday &#8211; Friday 09:00 &#8211; 18:00 Contact US [&hellip;]","og_url":"https:\/\/www.selesta.com.tr\/en\/contact","og_site_name":"Selesta: G\u00fczelli\u011fin Do\u011fal Yolculu\u011fu","article_modified_time":"2024-09-24T01:11:02+00:00","og_image":[{"url":"https:\/\/selesta.com.tr\/wp-content\/uploads\/2024\/09\/Selesta_Leaf.png","type":"","width":"","height":""}],"twitter_card":"summary_large_image","schema":{"@context":"https:\/\/schema.org","@graph":[{"@type":["WebPage","ItemPage"],"@id":"https:\/\/www.selesta.com.tr\/en\/contact\/","url":"https:\/\/www.selesta.com.tr\/en\/contact\/","name":"Contact - Selesta Cosmetics","isPartOf":{"@id":"https:\/\/www.selesta.com.tr\/en\/#website"},"primaryImageOfPage":{"@id":"https:\/\/www.selesta.com.tr\/en\/contact\/#primaryimage"},"image":{"@id":"https:\/\/www.selesta.com.tr\/en\/contact\/#primaryimage"},"thumbnailUrl":"https:\/\/selesta.com.tr\/wp-content\/uploads\/2024\/09\/Selesta_Leaf.png","datePublished":"2024-09-24T01:06:29+00:00","dateModified":"2024-09-24T01:11:02+00:00","breadcrumb":{"@id":"https:\/\/www.selesta.com.tr\/en\/contact\/#breadcrumb"},"inLanguage":"en-US","potentialAction":[{"@type":"ReadAction","target":["https:\/\/www.selesta.com.tr\/en\/contact\/"]}]},{"@type":"ImageObject","inLanguage":"en-US","@id":"https:\/\/www.selesta.com.tr\/en\/contact\/#primaryimage","url":"https:\/\/selesta.com.tr\/wp-content\/uploads\/2024\/09\/Selesta_Leaf.png","contentUrl":"https:\/\/selesta.com.tr\/wp-content\/uploads\/2024\/09\/Selesta_Leaf.png"},{"@type":"BreadcrumbList","@id":"https:\/\/www.selesta.com.tr\/en\/contact\/#breadcrumb","itemListElement":[{"@type":"ListItem","position":1,"name":"Anasayfa","item":"https:\/\/www.selesta.com.tr\/en\/"},{"@type":"ListItem","position":2,"name":"Contact"}]},{"@type":"WebSite","@id":"https:\/\/www.selesta.com.tr\/en\/#website","url":"https:\/\/www.selesta.com.tr\/en\/","name":"Selesta: G\u00fczelli\u011fin Do\u011fal Yolculu\u011fu","description":"","publisher":{"@id":"https:\/\/www.selesta.com.tr\/en\/#organization"},"potentialAction":[{"@type":"SearchAction","target":{"@type":"EntryPoint","urlTemplate":"https:\/\/www.selesta.com.tr\/en\/?s={search_term_string}"},"query-input":{"@type":"PropertyValueSpecification","valueRequired":true,"valueName":"search_term_string"}}],"inLanguage":"en-US"},{"@type":"Organization","@id":"https:\/\/www.selesta.com.tr\/en\/#organization","name":"Selesta: G\u00fczelli\u011fin Do\u011fal Yolculu\u011fu","url":"https:\/\/www.selesta.com.tr\/en\/","logo":{"@type":"ImageObject","inLanguage":"en-US","@id":"https:\/\/www.selesta.com.tr\/en\/#\/schema\/logo\/image\/","url":"https:\/\/www.selesta.com.tr\/wp-content\/uploads\/2024\/09\/Adsiz-tasarim-29.png","contentUrl":"https:\/\/www.selesta.com.tr\/wp-content\/uploads\/2024\/09\/Adsiz-tasarim-29.png","width":300,"height":200,"caption":"Selesta: G\u00fczelli\u011fin Do\u011fal Yolculu\u011fu"},"image":{"@id":"https:\/\/www.selesta.com.tr\/en\/#\/schema\/logo\/image\/"}}]}},"_links":{"self":[{"href":"https:\/\/www.selesta.com.tr\/en\/wp-json\/wp\/v2\/pages\/9087","targetHints":{"allow":["GET"]}}],"collection":[{"href":"https:\/\/www.selesta.com.tr\/en\/wp-json\/wp\/v2\/pages"}],"about":[{"href":"https:\/\/www.selesta.com.tr\/en\/wp-json\/wp\/v2\/types\/page"}],"author":[{"embeddable":true,"href":"https:\/\/www.selesta.com.tr\/en\/wp-json\/wp\/v2\/users\/1"}],"replies":[{"embeddable":true,"href":"https:\/\/www.selesta.com.tr\/en\/wp-json\/wp\/v2\/comments?post=9087"}],"version-history":[{"count":0,"href":"https:\/\/www.selesta.com.tr\/en\/wp-json\/wp\/v2\/pages\/9087\/revisions"}],"wp:attachment":[{"href":"https:\/\/www.selesta.com.tr\/en\/wp-json\/wp\/v2\/media?parent=9087"}],"curies":[{"name":"wp","href":"https:\/\/api.w.org\/{rel}","templated":true}]}}