{"id":11903,"date":"2024-11-21T02:21:50","date_gmt":"2024-11-20T23:21:50","guid":{"rendered":"https:\/\/selesta.com.tr\/?page_id=11903"},"modified":"2024-11-21T02:21:53","modified_gmt":"2024-11-20T23:21:53","slug":"commercial-message-consent-text","status":"publish","type":"page","link":"https:\/\/www.selesta.com.tr\/en\/commercial-message-consent-text\/","title":{"rendered":"Commercial Message Consent Text"},"content":{"rendered":"\n<p>I hereby grant my explicit consent for my contact information (such as mobile phone number, email address, and other details provided during my membership or shopping activities on the website <strong>www.selesta.com.tr<\/strong>) to be used for commercial electronic communication purposes. This consent includes, but is not limited to, receiving information related to membership or shopping activities, promotional announcements, advertising of products and services, special offers, and marketing communication activities, including surveys.<\/p>\n\n\n\n<p>I agree to receive commercial electronic communications regarding new products, new services, special offers, and campaigns from Selesta Kozmetik via the communication channels provided (including but not limited to email, SMS, and phone calls).<\/p>\n","protected":false},"excerpt":{"rendered":"<p>I hereby grant my explicit consent for my contact information (such as mobile phone number, email address, and other details provided during my membership or shopping activities on the website www.selesta.com.tr) to be used for commercial electronic communication purposes. This consent includes, but is not limited to, receiving information related to membership or shopping activities, [&hellip;]<\/p>\n","protected":false},"author":1,"featured_media":0,"parent":0,"menu_order":0,"comment_status":"closed","ping_status":"closed","template":"","meta":{"footnotes":""},"class_list":["post-11903","page","type-page","status-publish","hentry"],"yoast_head":"<!-- This site is optimized with the Yoast SEO plugin v27.2 - https:\/\/yoast.com\/product\/yoast-seo-wordpress\/ -->\n<title>Commercial Message Consent Text - Selesta Cosmetics<\/title>\n<meta name=\"robots\" content=\"index, follow, max-snippet:-1, max-image-preview:large, max-video-preview:-1\" \/>\n<link rel=\"canonical\" href=\"https:\/\/www.selesta.com.tr\/en\/commercial-message-consent-text\" \/>\n<meta property=\"og:locale\" content=\"en_US\" \/>\n<meta property=\"og:type\" content=\"article\" \/>\n<meta property=\"og:title\" content=\"Commercial Message Consent Text - Selesta Cosmetics\" \/>\n<meta property=\"og:description\" content=\"I hereby grant my explicit consent for my contact information (such as mobile phone number, email address, and other details provided during my membership or shopping activities on the website www.selesta.com.tr) to be used for commercial electronic communication purposes. This consent includes, but is not limited to, receiving information related to membership or shopping activities, [&hellip;]\" \/>\n<meta property=\"og:url\" content=\"https:\/\/www.selesta.com.tr\/en\/commercial-message-consent-text\" \/>\n<meta property=\"og:site_name\" content=\"Selesta: G\u00fczelli\u011fin Do\u011fal Yolculu\u011fu\" \/>\n<meta property=\"article:modified_time\" content=\"2024-11-20T23:21:53+00:00\" \/>\n<meta name=\"twitter:card\" content=\"summary_large_image\" \/>\n<meta name=\"twitter:label1\" content=\"Est. reading time\" \/>\n\t<meta name=\"twitter:data1\" content=\"1 minute\" \/>\n<script type=\"application\/ld+json\" class=\"yoast-schema-graph\">{\"@context\":\"https:\/\/schema.org\",\"@graph\":[{\"@type\":[\"WebPage\",\"ItemPage\"],\"@id\":\"https:\/\/www.selesta.com.tr\/en\/commercial-message-consent-text\/\",\"url\":\"https:\/\/www.selesta.com.tr\/en\/commercial-message-consent-text\/\",\"name\":\"Commercial Message Consent Text - Selesta Cosmetics\",\"isPartOf\":{\"@id\":\"https:\/\/www.selesta.com.tr\/en\/#website\"},\"datePublished\":\"2024-11-20T23:21:50+00:00\",\"dateModified\":\"2024-11-20T23:21:53+00:00\",\"breadcrumb\":{\"@id\":\"https:\/\/www.selesta.com.tr\/en\/commercial-message-consent-text\/#breadcrumb\"},\"inLanguage\":\"en-US\",\"potentialAction\":[{\"@type\":\"ReadAction\",\"target\":[\"https:\/\/www.selesta.com.tr\/en\/commercial-message-consent-text\/\"]}]},{\"@type\":\"BreadcrumbList\",\"@id\":\"https:\/\/www.selesta.com.tr\/en\/commercial-message-consent-text\/#breadcrumb\",\"itemListElement\":[{\"@type\":\"ListItem\",\"position\":1,\"name\":\"Anasayfa\",\"item\":\"https:\/\/www.selesta.com.tr\/en\/\"},{\"@type\":\"ListItem\",\"position\":2,\"name\":\"Commercial Message Consent Text\"}]},{\"@type\":\"WebSite\",\"@id\":\"https:\/\/www.selesta.com.tr\/en\/#website\",\"url\":\"https:\/\/www.selesta.com.tr\/en\/\",\"name\":\"Selesta: G\u00fczelli\u011fin Do\u011fal Yolculu\u011fu\",\"description\":\"\",\"publisher\":{\"@id\":\"https:\/\/www.selesta.com.tr\/en\/#organization\"},\"potentialAction\":[{\"@type\":\"SearchAction\",\"target\":{\"@type\":\"EntryPoint\",\"urlTemplate\":\"https:\/\/www.selesta.com.tr\/en\/?s={search_term_string}\"},\"query-input\":{\"@type\":\"PropertyValueSpecification\",\"valueRequired\":true,\"valueName\":\"search_term_string\"}}],\"inLanguage\":\"en-US\"},{\"@type\":\"Organization\",\"@id\":\"https:\/\/www.selesta.com.tr\/en\/#organization\",\"name\":\"Selesta: G\u00fczelli\u011fin Do\u011fal Yolculu\u011fu\",\"url\":\"https:\/\/www.selesta.com.tr\/en\/\",\"logo\":{\"@type\":\"ImageObject\",\"inLanguage\":\"en-US\",\"@id\":\"https:\/\/www.selesta.com.tr\/en\/#\/schema\/logo\/image\/\",\"url\":\"https:\/\/www.selesta.com.tr\/wp-content\/uploads\/2024\/09\/Adsiz-tasarim-29.png\",\"contentUrl\":\"https:\/\/www.selesta.com.tr\/wp-content\/uploads\/2024\/09\/Adsiz-tasarim-29.png\",\"width\":300,\"height\":200,\"caption\":\"Selesta: G\u00fczelli\u011fin Do\u011fal Yolculu\u011fu\"},\"image\":{\"@id\":\"https:\/\/www.selesta.com.tr\/en\/#\/schema\/logo\/image\/\"}}]}<\/script>\n<!-- \/ Yoast SEO plugin. -->","yoast_head_json":{"title":"Commercial Message Consent Text - Selesta Cosmetics","robots":{"index":"index","follow":"follow","max-snippet":"max-snippet:-1","max-image-preview":"max-image-preview:large","max-video-preview":"max-video-preview:-1"},"canonical":"https:\/\/www.selesta.com.tr\/en\/commercial-message-consent-text","og_locale":"en_US","og_type":"article","og_title":"Commercial Message Consent Text - Selesta Cosmetics","og_description":"I hereby grant my explicit consent for my contact information (such as mobile phone number, email address, and other details provided during my membership or shopping activities on the website www.selesta.com.tr) to be used for commercial electronic communication purposes. This consent includes, but is not limited to, receiving information related to membership or shopping activities, [&hellip;]","og_url":"https:\/\/www.selesta.com.tr\/en\/commercial-message-consent-text","og_site_name":"Selesta: G\u00fczelli\u011fin Do\u011fal Yolculu\u011fu","article_modified_time":"2024-11-20T23:21:53+00:00","twitter_card":"summary_large_image","twitter_misc":{"Est. reading time":"1 minute"},"schema":{"@context":"https:\/\/schema.org","@graph":[{"@type":["WebPage","ItemPage"],"@id":"https:\/\/www.selesta.com.tr\/en\/commercial-message-consent-text\/","url":"https:\/\/www.selesta.com.tr\/en\/commercial-message-consent-text\/","name":"Commercial Message Consent Text - Selesta Cosmetics","isPartOf":{"@id":"https:\/\/www.selesta.com.tr\/en\/#website"},"datePublished":"2024-11-20T23:21:50+00:00","dateModified":"2024-11-20T23:21:53+00:00","breadcrumb":{"@id":"https:\/\/www.selesta.com.tr\/en\/commercial-message-consent-text\/#breadcrumb"},"inLanguage":"en-US","potentialAction":[{"@type":"ReadAction","target":["https:\/\/www.selesta.com.tr\/en\/commercial-message-consent-text\/"]}]},{"@type":"BreadcrumbList","@id":"https:\/\/www.selesta.com.tr\/en\/commercial-message-consent-text\/#breadcrumb","itemListElement":[{"@type":"ListItem","position":1,"name":"Anasayfa","item":"https:\/\/www.selesta.com.tr\/en\/"},{"@type":"ListItem","position":2,"name":"Commercial Message Consent Text"}]},{"@type":"WebSite","@id":"https:\/\/www.selesta.com.tr\/en\/#website","url":"https:\/\/www.selesta.com.tr\/en\/","name":"Selesta: G\u00fczelli\u011fin Do\u011fal Yolculu\u011fu","description":"","publisher":{"@id":"https:\/\/www.selesta.com.tr\/en\/#organization"},"potentialAction":[{"@type":"SearchAction","target":{"@type":"EntryPoint","urlTemplate":"https:\/\/www.selesta.com.tr\/en\/?s={search_term_string}"},"query-input":{"@type":"PropertyValueSpecification","valueRequired":true,"valueName":"search_term_string"}}],"inLanguage":"en-US"},{"@type":"Organization","@id":"https:\/\/www.selesta.com.tr\/en\/#organization","name":"Selesta: G\u00fczelli\u011fin Do\u011fal Yolculu\u011fu","url":"https:\/\/www.selesta.com.tr\/en\/","logo":{"@type":"ImageObject","inLanguage":"en-US","@id":"https:\/\/www.selesta.com.tr\/en\/#\/schema\/logo\/image\/","url":"https:\/\/www.selesta.com.tr\/wp-content\/uploads\/2024\/09\/Adsiz-tasarim-29.png","contentUrl":"https:\/\/www.selesta.com.tr\/wp-content\/uploads\/2024\/09\/Adsiz-tasarim-29.png","width":300,"height":200,"caption":"Selesta: G\u00fczelli\u011fin Do\u011fal Yolculu\u011fu"},"image":{"@id":"https:\/\/www.selesta.com.tr\/en\/#\/schema\/logo\/image\/"}}]}},"_links":{"self":[{"href":"https:\/\/www.selesta.com.tr\/en\/wp-json\/wp\/v2\/pages\/11903","targetHints":{"allow":["GET"]}}],"collection":[{"href":"https:\/\/www.selesta.com.tr\/en\/wp-json\/wp\/v2\/pages"}],"about":[{"href":"https:\/\/www.selesta.com.tr\/en\/wp-json\/wp\/v2\/types\/page"}],"author":[{"embeddable":true,"href":"https:\/\/www.selesta.com.tr\/en\/wp-json\/wp\/v2\/users\/1"}],"replies":[{"embeddable":true,"href":"https:\/\/www.selesta.com.tr\/en\/wp-json\/wp\/v2\/comments?post=11903"}],"version-history":[{"count":0,"href":"https:\/\/www.selesta.com.tr\/en\/wp-json\/wp\/v2\/pages\/11903\/revisions"}],"wp:attachment":[{"href":"https:\/\/www.selesta.com.tr\/en\/wp-json\/wp\/v2\/media?parent=11903"}],"curies":[{"name":"wp","href":"https:\/\/api.w.org\/{rel}","templated":true}]}}